{"id":14273,"date":"2021-07-15T15:44:22","date_gmt":"2021-07-15T13:44:22","guid":{"rendered":"https:\/\/www.gruppofabbri.com\/produits\/machines-demballage\/thermoscelleuses-semi-automatiques\/mts-mtp\/"},"modified":"2025-08-29T13:07:12","modified_gmt":"2025-08-29T11:07:12","slug":"mts-mtp","status":"publish","type":"page","link":"https:\/\/www.gruppofabbri.com\/fr\/produits\/machines-demballage\/thermoscelleuses-semi-automatiques\/mts-mtp\/","title":{"rendered":"MTS MTP"},"content":{"rendered":"[vc_row type=\u00a0\u00bbfull_width_background\u00a0\u00bb full_screen_row_position=\u00a0\u00bbmiddle\u00a0\u00bb column_margin=\u00a0\u00bb90px\u00a0\u00bb equal_height=\u00a0\u00bbyes\u00a0\u00bb content_placement=\u00a0\u00bbmiddle\u00a0\u00bb column_direction=\u00a0\u00bbdefault\u00a0\u00bb column_direction_tablet=\u00a0\u00bbdefault\u00a0\u00bb column_direction_phone=\u00a0\u00bbdefault\u00a0\u00bb bg_color=\u00a0\u00bb#ffffff\u00a0\u00bb scene_position=\u00a0\u00bbcenter\u00a0\u00bb top_padding=\u00a0\u00bb2%\u00a0\u00bb bottom_padding=\u00a0\u00bb2%\u00a0\u00bb top_padding_tablet=\u00a0\u00bb8%\u00a0\u00bb bottom_padding_tablet=\u00a0\u00bb8%\u00a0\u00bb text_color=\u00a0\u00bbdark\u00a0\u00bb text_align=\u00a0\u00bbleft\u00a0\u00bb row_border_radius=\u00a0\u00bbnone\u00a0\u00bb row_border_radius_applies=\u00a0\u00bbbg\u00a0\u00bb id=\u00a0\u00bbhome\u00a0\u00bb overlay_strength=\u00a0\u00bb0.5&Prime; gradient_direction=\u00a0\u00bbtop_to_bottom\u00a0\u00bb shape_divider_position=\u00a0\u00bbbottom\u00a0\u00bb bg_image_animation=\u00a0\u00bbnone\u00a0\u00bb shape_type=\u00a0\u00bbstraight_section\u00a0\u00bb][vc_column column_padding=\u00a0\u00bbpadding-2-percent\u00a0\u00bb column_padding_tablet=\u00a0\u00bbno-extra-padding\u00a0\u00bb column_padding_phone=\u00a0\u00bbno-extra-padding\u00a0\u00bb column_padding_position=\u00a0\u00bbright\u00a0\u00bb background_color_opacity=\u00a0\u00bb1&Prime; background_hover_color_opacity=\u00a0\u00bb1&Prime; column_shadow=\u00a0\u00bbnone\u00a0\u00bb column_border_radius=\u00a0\u00bbnone\u00a0\u00bb column_link_target=\u00a0\u00bb_self\u00a0\u00bb zindex=\u00a0\u00bb100&Prime; gradient_direction=\u00a0\u00bbleft_t_to_right_b\u00a0\u00bb overlay_strength=\u00a0\u00bb0.3&Prime; width=\u00a0\u00bb3\/5&Prime; tablet_width_inherit=\u00a0\u00bbdefault\u00a0\u00bb tablet_text_alignment=\u00a0\u00bbdefault\u00a0\u00bb phone_text_alignment=\u00a0\u00bbdefault\u00a0\u00bb column_border_width=\u00a0\u00bbnone\u00a0\u00bb column_border_style=\u00a0\u00bbsolid\u00a0\u00bb bg_image_animation=\u00a0\u00bbnone\u00a0\u00bb offset=\u00a0\u00bbvc_col-xs-12&Prime;][vc_row_inner column_margin=\u00a0\u00bbdefault\u00a0\u00bb column_direction=\u00a0\u00bbdefault\u00a0\u00bb column_direction_tablet=\u00a0\u00bbdefault\u00a0\u00bb column_direction_phone=\u00a0\u00bbdefault\u00a0\u00bb text_align=\u00a0\u00bbleft\u00a0\u00bb min_width=\u00a0\u00bb47vh\u00a0\u00bb][vc_column_inner column_padding=\u00a0\u00bbno-extra-padding\u00a0\u00bb column_padding_tablet=\u00a0\u00bbinherit\u00a0\u00bb column_padding_phone=\u00a0\u00bbinherit\u00a0\u00bb column_padding_position=\u00a0\u00bball\u00a0\u00bb background_color_opacity=\u00a0\u00bb1&Prime; background_hover_color_opacity=\u00a0\u00bb1&Prime; column_shadow=\u00a0\u00bbnone\u00a0\u00bb column_border_radius=\u00a0\u00bbnone\u00a0\u00bb column_link_target=\u00a0\u00bb_self\u00a0\u00bb el_class=\u00a0\u00bbproduct-column-first-section\u00a0\u00bb gradient_direction=\u00a0\u00bbleft_to_right\u00a0\u00bb overlay_strength=\u00a0\u00bb0.3&Prime; width=\u00a0\u00bb1\/1&Prime; tablet_width_inherit=\u00a0\u00bbdefault\u00a0\u00bb column_border_width=\u00a0\u00bbnone\u00a0\u00bb column_border_style=\u00a0\u00bbsolid\u00a0\u00bb enable_border_animation=\u00a0\u00bbtrue\u00a0\u00bb bg_image_animation=\u00a0\u00bbnone\u00a0\u00bb enable_animation=\u00a0\u00bbtrue\u00a0\u00bb animation=\u00a0\u00bbfade-in-from-bottom\u00a0\u00bb][nectar_animated_title heading_tag=\u00a0\u00bbh1&Prime; style=\u00a0\u00bbhinge-drop\u00a0\u00bb color=\u00a0\u00bbAccent-Color\u00a0\u00bb text=\u00a0\u00bbMTS\/MTP\u00a0\u00bb][vc_column_text css=\u00a0\u00bb.vc_custom_1633595396494{margin-top: 30px !important;}\u00a0\u00bb el_class=\u00a0\u00bbwrap_icon_product\u00a0\u00bb]\n\n\t\t<style type=\"text\/css\">\n\t\t\t#gallery-1 {\n\t\t\t\tmargin: auto;\n\t\t\t}\n\t\t\t#gallery-1 .gallery-item {\n\t\t\t\tfloat: left;\n\t\t\t\tmargin-top: 10px;\n\t\t\t\ttext-align: center;\n\t\t\t\twidth: 25%;\n\t\t\t}\n\t\t\t#gallery-1 img {\n\t\t\t\tborder: 2px solid #cfcfcf;\n\t\t\t}\n\t\t\t#gallery-1 .gallery-caption {\n\t\t\t\tmargin-left: 0;\n\t\t\t}\n\t\t\t\/* see gallery_shortcode() in wp-includes\/media.php *\/\n\t\t<\/style>\n\t\t<div id='gallery-1' class='gallery galleryid-14273 gallery-columns-4 gallery-size-thumbnail'><dl class='gallery-item'>\n\t\t\t<dt class='gallery-icon landscape'>\n\t\t\t\t<img decoding=\"async\" width=\"150\" height=\"150\" data-src=\"https:\/\/www.gruppofabbri.com\/wp-content\/uploads\/2021\/10\/icon_seal-150x150.png\" class=\"attachment-thumbnail size-thumbnail lazyload\" alt=\"\" data-srcset=\"https:\/\/www.gruppofabbri.com\/wp-content\/uploads\/2021\/10\/icon_seal-150x150.png 150w, https:\/\/www.gruppofabbri.com\/wp-content\/uploads\/2021\/10\/icon_seal-100x100.png 100w, https:\/\/www.gruppofabbri.com\/wp-content\/uploads\/2021\/10\/icon_seal-140x140.png 140w, https:\/\/www.gruppofabbri.com\/wp-content\/uploads\/2021\/10\/icon_seal-500x500.png 500w, https:\/\/www.gruppofabbri.com\/wp-content\/uploads\/2021\/10\/icon_seal-350x350.png 350w, https:\/\/www.gruppofabbri.com\/wp-content\/uploads\/2021\/10\/icon_seal-800x800.png 800w\" data-sizes=\"(max-width: 150px) 100vw, 150px\" src=\"data:image\/svg+xml;base64,PHN2ZyB3aWR0aD0iMSIgaGVpZ2h0PSIxIiB4bWxucz0iaHR0cDovL3d3dy53My5vcmcvMjAwMC9zdmciPjwvc3ZnPg==\" style=\"--smush-placeholder-width: 150px; --smush-placeholder-aspect-ratio: 150\/150;\" \/>\n\t\t\t<\/dt><\/dl>\n\t\t\t<br style='clear: both' \/>\n\t\t<\/div>\n\n[\/vc_column_text][vc_column_text css=\u00a0\u00bb.vc_custom_1752045138713{margin-top: 30px !important;}\u00a0\u00bb]\n<h3><\/h3>\n<h3><strong>Mod\u00e8le hors catalogue &gt; Cliquez et d\u00e9couvrez nos <a href=\"https:\/\/www.gruppofabbri.com\/fr\/produits\/machines-demballage\/thermoscelleuses-semi-automatiques\/\">thermoscelleuses semi-automatiques\u00a0<\/a><\/strong><\/h3>\n<p>&nbsp;<\/p>\n<p>MTS\/MTP est la thermoscelleuse semi-automatique de la marque CAVECO, id\u00e9ale pour thermosceller des barquettes en plastique, aluminium ou carton, avec couvercle pr\u00e9form\u00e9 ou obtenues \u00e0 partir d&rsquo;une bobine sans produire de rebuts.<\/p>\n<p>Son utilisation est tr\u00e8s simple : l&rsquo;op\u00e9rateur ins\u00e8re les plateaux dans le chariot d\u00e9di\u00e9, le d\u00e9place sous le moule et attend que la thermosoudure ait lieu. Il peut alors retirer le chariot et sortir les paquets.[\/vc_column_text][\/vc_column_inner][\/vc_row_inner][\/vc_column][vc_column column_padding=\u00a0\u00bbno-extra-padding\u00a0\u00bb column_padding_tablet=\u00a0\u00bbinherit\u00a0\u00bb column_padding_phone=\u00a0\u00bbinherit\u00a0\u00bb column_padding_position=\u00a0\u00bball\u00a0\u00bb background_color_opacity=\u00a0\u00bb1&Prime; background_hover_color_opacity=\u00a0\u00bb1&Prime; column_shadow=\u00a0\u00bbnone\u00a0\u00bb column_border_radius=\u00a0\u00bbnone\u00a0\u00bb column_link_target=\u00a0\u00bb_self\u00a0\u00bb gradient_direction=\u00a0\u00bbleft_to_right\u00a0\u00bb overlay_strength=\u00a0\u00bb0.5&Prime; width=\u00a0\u00bb2\/5&Prime; tablet_width_inherit=\u00a0\u00bbdefault\u00a0\u00bb tablet_text_alignment=\u00a0\u00bbdefault\u00a0\u00bb phone_text_alignment=\u00a0\u00bbdefault\u00a0\u00bb column_border_width=\u00a0\u00bbnone\u00a0\u00bb column_border_style=\u00a0\u00bbsolid\u00a0\u00bb bg_image_animation=\u00a0\u00bbnone\u00a0\u00bb offset=\u00a0\u00bbvc_col-xs-12&Prime;][vc_row_inner column_margin=\u00a0\u00bbdefault\u00a0\u00bb column_direction=\u00a0\u00bbdefault\u00a0\u00bb column_direction_tablet=\u00a0\u00bbdefault\u00a0\u00bb column_direction_phone=\u00a0\u00bbdefault\u00a0\u00bb text_align=\u00a0\u00bbleft\u00a0\u00bb min_width_desktop=\u00a0\u00bb43vw\u00a0\u00bb min_width_tablet=\u00a0\u00bb50vw\u00a0\u00bb min_width_phone=\u00a0\u00bb50vw\u00a0\u00bb][vc_column_inner column_padding=\u00a0\u00bbno-extra-padding\u00a0\u00bb column_padding_tablet=\u00a0\u00bbinherit\u00a0\u00bb column_padding_phone=\u00a0\u00bbinherit\u00a0\u00bb column_padding_position=\u00a0\u00bball\u00a0\u00bb background_color_opacity=\u00a0\u00bb1&Prime; background_hover_color_opacity=\u00a0\u00bb1&Prime; background_image=\u00a0\u00bb13880&Prime; background_image_position=\u00a0\u00bbcenter center\u00a0\u00bb enable_bg_scale=\u00a0\u00bbtrue\u00a0\u00bb column_shadow=\u00a0\u00bbnone\u00a0\u00bb column_border_radius=\u00a0\u00bbnone\u00a0\u00bb column_link_target=\u00a0\u00bb_self\u00a0\u00bb gradient_direction=\u00a0\u00bbleft_to_right\u00a0\u00bb overlay_strength=\u00a0\u00bb0.5&Prime; width=\u00a0\u00bb1\/1&Prime; tablet_width_inherit=\u00a0\u00bbdefault\u00a0\u00bb column_border_width=\u00a0\u00bbnone\u00a0\u00bb column_border_style=\u00a0\u00bbsolid\u00a0\u00bb bg_image_animation=\u00a0\u00bbro-reveal-from-right\u00a0\u00bb][divider line_type=\u00a0\u00bbNo Line\u00a0\u00bb custom_height=\u00a0\u00bb80vh\u00a0\u00bb custom_height_tablet=\u00a0\u00bb40vh\u00a0\u00bb custom_height_phone=\u00a0\u00bb300px\u00a0\u00bb][\/vc_column_inner][\/vc_row_inner][\/vc_column][\/vc_row][vc_row type=\u00a0\u00bbfull_width_background\u00a0\u00bb full_screen_row_position=\u00a0\u00bbmiddle\u00a0\u00bb column_margin=\u00a0\u00bbdefault\u00a0\u00bb column_direction=\u00a0\u00bbdefault\u00a0\u00bb column_direction_tablet=\u00a0\u00bbdefault\u00a0\u00bb column_direction_phone=\u00a0\u00bbdefault\u00a0\u00bb bg_color=\u00a0\u00bb#ffffff\u00a0\u00bb scene_position=\u00a0\u00bbcenter\u00a0\u00bb top_padding=\u00a0\u00bb40&Prime; text_color=\u00a0\u00bbdark\u00a0\u00bb text_align=\u00a0\u00bbleft\u00a0\u00bb row_border_radius=\u00a0\u00bbnone\u00a0\u00bb row_border_radius_applies=\u00a0\u00bbbg\u00a0\u00bb class=\u00a0\u00bbrow_all_pelid_grid\u00a0\u00bb overlay_strength=\u00a0\u00bb0.3&Prime; gradient_direction=\u00a0\u00bbleft_to_right\u00a0\u00bb shape_divider_position=\u00a0\u00bbbottom\u00a0\u00bb bg_image_animation=\u00a0\u00bbnone\u00a0\u00bb shape_type=\u00a0\u00bb\u00a0\u00bb][vc_column column_padding=\u00a0\u00bbpadding-1-percent\u00a0\u00bb column_padding_tablet=\u00a0\u00bbinherit\u00a0\u00bb column_padding_phone=\u00a0\u00bbinherit\u00a0\u00bb column_padding_position=\u00a0\u00bball\u00a0\u00bb background_color_opacity=\u00a0\u00bb1&Prime; background_hover_color_opacity=\u00a0\u00bb1&Prime; column_shadow=\u00a0\u00bbnone\u00a0\u00bb column_border_radius=\u00a0\u00bbnone\u00a0\u00bb column_link_target=\u00a0\u00bb_self\u00a0\u00bb gradient_direction=\u00a0\u00bbleft_to_right\u00a0\u00bb overlay_strength=\u00a0\u00bb0.3&Prime; width=\u00a0\u00bb1\/1&Prime; tablet_width_inherit=\u00a0\u00bbdefault\u00a0\u00bb tablet_text_alignment=\u00a0\u00bbdefault\u00a0\u00bb phone_text_alignment=\u00a0\u00bbdefault\u00a0\u00bb column_border_width=\u00a0\u00bbnone\u00a0\u00bb column_border_style=\u00a0\u00bbsolid\u00a0\u00bb bg_image_animation=\u00a0\u00bbnone\u00a0\u00bb][vc_column_text]\n<p style=\"text-align: center;\">Essayez les films barri\u00e8re et haute barri\u00e8re de Gruppo Fabbri:<\/p>\n[\/vc_column_text][vc_row_inner column_margin=\u00a0\u00bbdefault\u00a0\u00bb column_direction=\u00a0\u00bbdefault\u00a0\u00bb column_direction_tablet=\u00a0\u00bbdefault\u00a0\u00bb column_direction_phone=\u00a0\u00bbdefault\u00a0\u00bb text_align=\u00a0\u00bbleft\u00a0\u00bb][vc_column_inner column_padding=\u00a0\u00bbpadding-1-percent\u00a0\u00bb column_padding_tablet=\u00a0\u00bbinherit\u00a0\u00bb column_padding_phone=\u00a0\u00bbinherit\u00a0\u00bb column_padding_position=\u00a0\u00bball\u00a0\u00bb background_color_opacity=\u00a0\u00bb1&Prime; background_hover_color_opacity=\u00a0\u00bb1&Prime; column_shadow=\u00a0\u00bbnone\u00a0\u00bb column_border_radius=\u00a0\u00bbnone\u00a0\u00bb column_link_target=\u00a0\u00bb_self\u00a0\u00bb gradient_direction=\u00a0\u00bbleft_to_right\u00a0\u00bb overlay_strength=\u00a0\u00bb0.3&Prime; width=\u00a0\u00bb1\/3&Prime; tablet_width_inherit=\u00a0\u00bbdefault\u00a0\u00bb column_border_width=\u00a0\u00bbnone\u00a0\u00bb column_border_style=\u00a0\u00bbsolid\u00a0\u00bb bg_image_animation=\u00a0\u00bbnone\u00a0\u00bb][fancy_box box_style=\u00a0\u00bbdefault\u00a0\u00bb icon_family=\u00a0\u00bbnone\u00a0\u00bb image_url=\u00a0\u00bb14532&Prime; color=\u00a0\u00bbaccent-color\u00a0\u00bb border_radius=\u00a0\u00bbdefault\u00a0\u00bb image_loading=\u00a0\u00bbdefault\u00a0\u00bb min_height=\u00a0\u00bb100&Prime; link_url=\u00a0\u00bb\/fr\/prodotti\/film-e-pellicole\/film-barriera\/pelid-22\/\u00a0\u00bb]\n<h3><b>Pelid 22<\/b><\/h3>\n<div class=\"wrap_description_box\">Le PELid 22 est un film barri\u00e8re scellant co-extrud\u00e9, simple face, de faible \u00e9paisseur, en PE ou PP, destin\u00e9 au conditionnement de produits sous atmosph\u00e8re protectrice (viande, poisson, fromage, plats cuisin\u00e9s, fruits, l\u00e9gumes, etc.)<\/div>\n[\/fancy_box][\/vc_column_inner][vc_column_inner column_padding=\u00a0\u00bbpadding-1-percent\u00a0\u00bb column_padding_tablet=\u00a0\u00bbinherit\u00a0\u00bb column_padding_phone=\u00a0\u00bbinherit\u00a0\u00bb column_padding_position=\u00a0\u00bball\u00a0\u00bb background_color_opacity=\u00a0\u00bb1&Prime; background_hover_color_opacity=\u00a0\u00bb1&Prime; column_shadow=\u00a0\u00bbnone\u00a0\u00bb column_border_radius=\u00a0\u00bbnone\u00a0\u00bb column_link_target=\u00a0\u00bb_self\u00a0\u00bb gradient_direction=\u00a0\u00bbleft_to_right\u00a0\u00bb overlay_strength=\u00a0\u00bb0.3&Prime; width=\u00a0\u00bb1\/3&Prime; tablet_width_inherit=\u00a0\u00bbdefault\u00a0\u00bb column_border_width=\u00a0\u00bbnone\u00a0\u00bb column_border_style=\u00a0\u00bbsolid\u00a0\u00bb bg_image_animation=\u00a0\u00bbnone\u00a0\u00bb][fancy_box box_style=\u00a0\u00bbdefault\u00a0\u00bb icon_family=\u00a0\u00bbnone\u00a0\u00bb image_url=\u00a0\u00bb14540&Prime; color=\u00a0\u00bbaccent-color\u00a0\u00bb border_radius=\u00a0\u00bbdefault\u00a0\u00bb image_loading=\u00a0\u00bbdefault\u00a0\u00bb min_height=\u00a0\u00bb100&Prime; link_url=\u00a0\u00bb\/fr\/prodotti\/film-e-pellicole\/film-barriera\/pelid-37\/\u00a0\u00bb]\n<h3><b>Pelid 37<\/b><\/h3>\n<div class=\"wrap_description_box\">PELid 37 est le film barri\u00e8re coextrud\u00e9, \u00e0 pli unique, avec scellant en PE ou PP pour l&#8217;emballage alimentaire sous atmosph\u00e8re protectrice, \u00e9galement utilisable sur les machines de thermoformage (en haut).<\/div>\n[\/fancy_box][\/vc_column_inner][vc_column_inner column_padding=\u00a0\u00bbpadding-1-percent\u00a0\u00bb column_padding_tablet=\u00a0\u00bbinherit\u00a0\u00bb column_padding_phone=\u00a0\u00bbinherit\u00a0\u00bb column_padding_position=\u00a0\u00bball\u00a0\u00bb background_color_opacity=\u00a0\u00bb1&Prime; background_hover_color_opacity=\u00a0\u00bb1&Prime; column_shadow=\u00a0\u00bbnone\u00a0\u00bb column_border_radius=\u00a0\u00bbnone\u00a0\u00bb column_link_target=\u00a0\u00bb_self\u00a0\u00bb gradient_direction=\u00a0\u00bbleft_to_right\u00a0\u00bb overlay_strength=\u00a0\u00bb0.3&Prime; width=\u00a0\u00bb1\/3&Prime; tablet_width_inherit=\u00a0\u00bbdefault\u00a0\u00bb column_border_width=\u00a0\u00bbnone\u00a0\u00bb column_border_style=\u00a0\u00bbsolid\u00a0\u00bb bg_image_animation=\u00a0\u00bbnone\u00a0\u00bb][fancy_box box_style=\u00a0\u00bbdefault\u00a0\u00bb icon_family=\u00a0\u00bbnone\u00a0\u00bb image_url=\u00a0\u00bb14548&Prime; color=\u00a0\u00bbaccent-color\u00a0\u00bb border_radius=\u00a0\u00bbdefault\u00a0\u00bb image_loading=\u00a0\u00bbdefault\u00a0\u00bb min_height=\u00a0\u00bb100&Prime; link_url=\u00a0\u00bb\/fr\/prodotti\/film-e-pellicole\/film-barriera\/pelid-45\/\u00a0\u00bb]\n<h3><b>PELid 45<\/b><\/h3>\n<div class=\"wrap_description_box\">PELid 45 est le film barri\u00e8re coextrud\u00e9, scellable en PE, id\u00e9al pour le conditionnement de produits sous atmosph\u00e8re protectrice, tels que la viande rouge, la viande blanche, les saucisses, le poisson, le fromage, les p\u00e2tes fra\u00eeches, les plats cuisin\u00e9s, les fruits et les l\u00e9gumes.<\/div>\n[\/fancy_box][\/vc_column_inner][\/vc_row_inner][\/vc_column][\/vc_row][vc_row type=\u00a0\u00bbin_container\u00a0\u00bb full_screen_row_position=\u00a0\u00bbmiddle\u00a0\u00bb column_margin=\u00a0\u00bbdefault\u00a0\u00bb column_direction=\u00a0\u00bbdefault\u00a0\u00bb column_direction_tablet=\u00a0\u00bbdefault\u00a0\u00bb column_direction_phone=\u00a0\u00bbdefault\u00a0\u00bb scene_position=\u00a0\u00bbcenter\u00a0\u00bb text_color=\u00a0\u00bbdark\u00a0\u00bb text_align=\u00a0\u00bbleft\u00a0\u00bb row_border_radius=\u00a0\u00bbnone\u00a0\u00bb row_border_radius_applies=\u00a0\u00bbbg\u00a0\u00bb overlay_strength=\u00a0\u00bb0.3&Prime; gradient_direction=\u00a0\u00bbleft_to_right\u00a0\u00bb shape_divider_position=\u00a0\u00bbbottom\u00a0\u00bb bg_image_animation=\u00a0\u00bbnone\u00a0\u00bb shape_type=\u00a0\u00bb\u00a0\u00bb][vc_column column_padding=\u00a0\u00bbno-extra-padding\u00a0\u00bb column_padding_tablet=\u00a0\u00bbinherit\u00a0\u00bb column_padding_phone=\u00a0\u00bbinherit\u00a0\u00bb column_padding_position=\u00a0\u00bball\u00a0\u00bb background_color_opacity=\u00a0\u00bb1&Prime; background_hover_color_opacity=\u00a0\u00bb1&Prime; column_shadow=\u00a0\u00bbnone\u00a0\u00bb column_border_radius=\u00a0\u00bbnone\u00a0\u00bb column_link_target=\u00a0\u00bb_self\u00a0\u00bb gradient_direction=\u00a0\u00bbleft_to_right\u00a0\u00bb overlay_strength=\u00a0\u00bb0.3&Prime; width=\u00a0\u00bb1\/1&Prime; tablet_width_inherit=\u00a0\u00bbdefault\u00a0\u00bb tablet_text_alignment=\u00a0\u00bbdefault\u00a0\u00bb phone_text_alignment=\u00a0\u00bbdefault\u00a0\u00bb column_border_width=\u00a0\u00bbnone\u00a0\u00bb column_border_style=\u00a0\u00bbsolid\u00a0\u00bb bg_image_animation=\u00a0\u00bbnone\u00a0\u00bb][vc_gallery type=\u00a0\u00bbflickity_style\u00a0\u00bb images=\u00a0\u00bb14695,13027,13638&Prime; flickity_spacing=\u00a0\u00bbdefault\u00a0\u00bb flickity_controls=\u00a0\u00bbmaterial_pagination\u00a0\u00bb flickity_overflow=\u00a0\u00bbhidden\u00a0\u00bb flickity_wrap_around=\u00a0\u00bbwrap\u00a0\u00bb flickity_desktop_columns=\u00a0\u00bb1&Prime; flickity_small_desktop_columns=\u00a0\u00bb1&Prime; flickity_tablet_columns=\u00a0\u00bb1&Prime; flickity_box_shadow=\u00a0\u00bbnone\u00a0\u00bb image_loading=\u00a0\u00bbdefault\u00a0\u00bb onclick=\u00a0\u00bblink_no\u00a0\u00bb img_size=\u00a0\u00bbfull\u00a0\u00bb][\/vc_column][\/vc_row]\n","protected":false},"excerpt":{"rendered":"<p>[vc_row type=\u00a0\u00bbfull_width_background\u00a0\u00bb full_screen_row_position=\u00a0\u00bbmiddle\u00a0\u00bb column_margin=\u00a0\u00bb90px\u00a0\u00bb equal_height=\u00a0\u00bbyes\u00a0\u00bb content_placement=\u00a0\u00bbmiddle\u00a0\u00bb column_direction=\u00a0\u00bbdefault\u00a0\u00bb column_direction_tablet=\u00a0\u00bbdefault\u00a0\u00bb column_direction_phone=\u00a0\u00bbdefault\u00a0\u00bb bg_color=\u00a0\u00bb#ffffff\u00a0\u00bb scene_position=\u00a0\u00bbcenter\u00a0\u00bb top_padding=\u00a0\u00bb2%\u00a0\u00bb bottom_padding=\u00a0\u00bb2%\u00a0\u00bb top_padding_tablet=\u00a0\u00bb8%\u00a0\u00bb bottom_padding_tablet=\u00a0\u00bb8%\u00a0\u00bb&#8230;<\/p>\n","protected":false},"author":1,"featured_media":0,"parent":14263,"menu_order":0,"comment_status":"closed","ping_status":"closed","template":"","meta":{"footnotes":""},"class_list":["post-14273","page","type-page","status-publish"],"yoast_head":"<!-- This site is optimized with the Yoast SEO plugin v27.3 - https:\/\/yoast.com\/product\/yoast-seo-wordpress\/ -->\n<title>Thermoscelleuse Semi-Auto Compacte Pour Skin Pack<\/title>\n<meta name=\"description\" content=\"Compacte et polyvalente, la thermoscelleuse MTS\/MTP assure une op\u00e9ration sans d\u00e9chets.\" \/>\n<meta name=\"robots\" content=\"index, follow, max-snippet:-1, max-image-preview:large, max-video-preview:-1\" \/>\n<link rel=\"canonical\" href=\"https:\/\/www.gruppofabbri.com\/fr\/produits\/machines-demballage\/thermoscelleuses-semi-automatiques\/mts-mtp\/\" \/>\n<meta property=\"og:locale\" content=\"fr_FR\" \/>\n<meta property=\"og:type\" content=\"article\" \/>\n<meta property=\"og:title\" content=\"Thermoscelleuse Semi-Auto Compacte Pour Skin Pack\" \/>\n<meta property=\"og:description\" content=\"Compacte et polyvalente, la thermoscelleuse MTS\/MTP assure une op\u00e9ration sans d\u00e9chets.\" \/>\n<meta property=\"og:url\" content=\"https:\/\/www.gruppofabbri.com\/fr\/produits\/machines-demballage\/thermoscelleuses-semi-automatiques\/mts-mtp\/\" \/>\n<meta property=\"og:site_name\" content=\"Gruppo Fabbri | Official WebSite\" \/>\n<meta property=\"article:modified_time\" content=\"2025-08-29T11:07:12+00:00\" \/>\n<meta name=\"twitter:card\" content=\"summary_large_image\" \/>\n<meta name=\"twitter:label1\" content=\"Dur\u00e9e de lecture estim\u00e9e\" \/>\n\t<meta name=\"twitter:data1\" content=\"3 minutes\" \/>\n<script type=\"application\/ld+json\" class=\"yoast-schema-graph\">{\"@context\":\"https:\\\/\\\/schema.org\",\"@graph\":[{\"@type\":\"WebPage\",\"@id\":\"https:\\\/\\\/www.gruppofabbri.com\\\/fr\\\/produits\\\/machines-demballage\\\/thermoscelleuses-semi-automatiques\\\/mts-mtp\\\/\",\"url\":\"https:\\\/\\\/www.gruppofabbri.com\\\/fr\\\/produits\\\/machines-demballage\\\/thermoscelleuses-semi-automatiques\\\/mts-mtp\\\/\",\"name\":\"Thermoscelleuse Semi-Auto Compacte Pour Skin Pack\",\"isPartOf\":{\"@id\":\"https:\\\/\\\/www.gruppofabbri.com\\\/fr\\\/#website\"},\"datePublished\":\"2021-07-15T13:44:22+00:00\",\"dateModified\":\"2025-08-29T11:07:12+00:00\",\"description\":\"Compacte et polyvalente, la thermoscelleuse MTS\\\/MTP assure une op\u00e9ration sans d\u00e9chets.\",\"breadcrumb\":{\"@id\":\"https:\\\/\\\/www.gruppofabbri.com\\\/fr\\\/produits\\\/machines-demballage\\\/thermoscelleuses-semi-automatiques\\\/mts-mtp\\\/#breadcrumb\"},\"inLanguage\":\"fr-FR\",\"potentialAction\":[{\"@type\":\"ReadAction\",\"target\":[\"https:\\\/\\\/www.gruppofabbri.com\\\/fr\\\/produits\\\/machines-demballage\\\/thermoscelleuses-semi-automatiques\\\/mts-mtp\\\/\"]}]},{\"@type\":\"BreadcrumbList\",\"@id\":\"https:\\\/\\\/www.gruppofabbri.com\\\/fr\\\/produits\\\/machines-demballage\\\/thermoscelleuses-semi-automatiques\\\/mts-mtp\\\/#breadcrumb\",\"itemListElement\":[]},{\"@type\":\"WebSite\",\"@id\":\"https:\\\/\\\/www.gruppofabbri.com\\\/fr\\\/#website\",\"url\":\"https:\\\/\\\/www.gruppofabbri.com\\\/fr\\\/\",\"name\":\"Gruppo Fabbri | Official WebSite\",\"description\":\"Macchine e Film per l&#039;imballaggio e confezionamento alimentare\",\"potentialAction\":[{\"@type\":\"SearchAction\",\"target\":{\"@type\":\"EntryPoint\",\"urlTemplate\":\"https:\\\/\\\/www.gruppofabbri.com\\\/fr\\\/?s={search_term_string}\"},\"query-input\":{\"@type\":\"PropertyValueSpecification\",\"valueRequired\":true,\"valueName\":\"search_term_string\"}}],\"inLanguage\":\"fr-FR\"}]}<\/script>\n<!-- \/ Yoast SEO plugin. -->","yoast_head_json":{"title":"Thermoscelleuse Semi-Auto Compacte Pour Skin Pack","description":"Compacte et polyvalente, la thermoscelleuse MTS\/MTP assure une op\u00e9ration sans d\u00e9chets.","robots":{"index":"index","follow":"follow","max-snippet":"max-snippet:-1","max-image-preview":"max-image-preview:large","max-video-preview":"max-video-preview:-1"},"canonical":"https:\/\/www.gruppofabbri.com\/fr\/produits\/machines-demballage\/thermoscelleuses-semi-automatiques\/mts-mtp\/","og_locale":"fr_FR","og_type":"article","og_title":"Thermoscelleuse Semi-Auto Compacte Pour Skin Pack","og_description":"Compacte et polyvalente, la thermoscelleuse MTS\/MTP assure une op\u00e9ration sans d\u00e9chets.","og_url":"https:\/\/www.gruppofabbri.com\/fr\/produits\/machines-demballage\/thermoscelleuses-semi-automatiques\/mts-mtp\/","og_site_name":"Gruppo Fabbri | Official WebSite","article_modified_time":"2025-08-29T11:07:12+00:00","twitter_card":"summary_large_image","twitter_misc":{"Dur\u00e9e de lecture estim\u00e9e":"3 minutes"},"schema":{"@context":"https:\/\/schema.org","@graph":[{"@type":"WebPage","@id":"https:\/\/www.gruppofabbri.com\/fr\/produits\/machines-demballage\/thermoscelleuses-semi-automatiques\/mts-mtp\/","url":"https:\/\/www.gruppofabbri.com\/fr\/produits\/machines-demballage\/thermoscelleuses-semi-automatiques\/mts-mtp\/","name":"Thermoscelleuse Semi-Auto Compacte Pour Skin Pack","isPartOf":{"@id":"https:\/\/www.gruppofabbri.com\/fr\/#website"},"datePublished":"2021-07-15T13:44:22+00:00","dateModified":"2025-08-29T11:07:12+00:00","description":"Compacte et polyvalente, la thermoscelleuse MTS\/MTP assure une op\u00e9ration sans d\u00e9chets.","breadcrumb":{"@id":"https:\/\/www.gruppofabbri.com\/fr\/produits\/machines-demballage\/thermoscelleuses-semi-automatiques\/mts-mtp\/#breadcrumb"},"inLanguage":"fr-FR","potentialAction":[{"@type":"ReadAction","target":["https:\/\/www.gruppofabbri.com\/fr\/produits\/machines-demballage\/thermoscelleuses-semi-automatiques\/mts-mtp\/"]}]},{"@type":"BreadcrumbList","@id":"https:\/\/www.gruppofabbri.com\/fr\/produits\/machines-demballage\/thermoscelleuses-semi-automatiques\/mts-mtp\/#breadcrumb","itemListElement":[]},{"@type":"WebSite","@id":"https:\/\/www.gruppofabbri.com\/fr\/#website","url":"https:\/\/www.gruppofabbri.com\/fr\/","name":"Gruppo Fabbri | Official WebSite","description":"Macchine e Film per l&#039;imballaggio e confezionamento alimentare","potentialAction":[{"@type":"SearchAction","target":{"@type":"EntryPoint","urlTemplate":"https:\/\/www.gruppofabbri.com\/fr\/?s={search_term_string}"},"query-input":{"@type":"PropertyValueSpecification","valueRequired":true,"valueName":"search_term_string"}}],"inLanguage":"fr-FR"}]}},"_links":{"self":[{"href":"https:\/\/www.gruppofabbri.com\/fr\/wp-json\/wp\/v2\/pages\/14273","targetHints":{"allow":["GET"]}}],"collection":[{"href":"https:\/\/www.gruppofabbri.com\/fr\/wp-json\/wp\/v2\/pages"}],"about":[{"href":"https:\/\/www.gruppofabbri.com\/fr\/wp-json\/wp\/v2\/types\/page"}],"author":[{"embeddable":true,"href":"https:\/\/www.gruppofabbri.com\/fr\/wp-json\/wp\/v2\/users\/1"}],"replies":[{"embeddable":true,"href":"https:\/\/www.gruppofabbri.com\/fr\/wp-json\/wp\/v2\/comments?post=14273"}],"version-history":[{"count":5,"href":"https:\/\/www.gruppofabbri.com\/fr\/wp-json\/wp\/v2\/pages\/14273\/revisions"}],"predecessor-version":[{"id":30397,"href":"https:\/\/www.gruppofabbri.com\/fr\/wp-json\/wp\/v2\/pages\/14273\/revisions\/30397"}],"up":[{"embeddable":true,"href":"https:\/\/www.gruppofabbri.com\/fr\/wp-json\/wp\/v2\/pages\/14263"}],"wp:attachment":[{"href":"https:\/\/www.gruppofabbri.com\/fr\/wp-json\/wp\/v2\/media?parent=14273"}],"curies":[{"name":"wp","href":"https:\/\/api.w.org\/{rel}","templated":true}]}}