{"id":30820,"date":"2025-08-29T09:29:52","date_gmt":"2025-08-29T07:29:52","guid":{"rendered":"https:\/\/www.gruppofabbri.com\/?page_id=30820"},"modified":"2026-03-17T11:27:18","modified_gmt":"2026-03-17T10:27:18","slug":"caveco","status":"publish","type":"page","link":"https:\/\/www.gruppofabbri.com\/de\/caveco\/","title":{"rendered":"Caveco"},"content":{"rendered":"[vc_row type=&#8220;full_width_background&#8220; full_screen_row_position=&#8220;middle&#8220; column_margin=&#8220;default&#8220; column_direction=&#8220;default&#8220; column_direction_tablet=&#8220;default&#8220; column_direction_phone=&#8220;default&#8220; bg_image=&#8220;30803&#8243; bg_position=&#8220;center center&#8220; bg_repeat=&#8220;no-repeat&#8220; scene_position=&#8220;center&#8220; top_padding=&#8220;10%&#8220; bottom_padding=&#8220;10%&#8220; text_color=&#8220;light&#8220; text_align=&#8220;left&#8220; row_border_radius=&#8220;none&#8220; row_border_radius_applies=&#8220;bg&#8220; enable_gradient=&#8220;true&#8220; color_overlay=&#8220;#012169&#8243; overlay_strength=&#8220;1&#8243; gradient_direction=&#8220;left_to_right&#8220; shape_divider_position=&#8220;bottom&#8220; bg_image_animation=&#8220;none&#8220; parallax_bg=&#8220;true&#8220; parallax_bg_speed=&#8220;fast&#8220; shape_type=&#8220;&#8220;][vc_column column_padding=&#8220;no-extra-padding&#8220; column_padding_tablet=&#8220;inherit&#8220; column_padding_phone=&#8220;inherit&#8220; column_padding_position=&#8220;all&#8220; background_color_opacity=&#8220;1&#8243; background_hover_color_opacity=&#8220;1&#8243; column_shadow=&#8220;none&#8220; column_border_radius=&#8220;none&#8220; column_link_target=&#8220;_self&#8220; gradient_direction=&#8220;left_to_right&#8220; overlay_strength=&#8220;0.3&#8243; width=&#8220;5\/12&#8243; tablet_width_inherit=&#8220;default&#8220; tablet_text_alignment=&#8220;default&#8220; phone_text_alignment=&#8220;default&#8220; column_border_width=&#8220;none&#8220; column_border_style=&#8220;solid&#8220; bg_image_animation=&#8220;none&#8220;][vc_row_inner column_margin=&#8220;default&#8220; column_direction=&#8220;default&#8220; column_direction_tablet=&#8220;default&#8220; column_direction_phone=&#8220;default&#8220; text_align=&#8220;left&#8220;][vc_column_inner column_padding=&#8220;no-extra-padding&#8220; column_padding_tablet=&#8220;inherit&#8220; column_padding_phone=&#8220;inherit&#8220; column_padding_position=&#8220;all&#8220; background_color_opacity=&#8220;1&#8243; background_hover_color_opacity=&#8220;1&#8243; column_shadow=&#8220;none&#8220; column_border_radius=&#8220;none&#8220; column_link_target=&#8220;_self&#8220; gradient_direction=&#8220;left_to_right&#8220; overlay_strength=&#8220;0.3&#8243; width=&#8220;1\/1&#8243; tablet_width_inherit=&#8220;default&#8220; column_border_width=&#8220;none&#8220; column_border_style=&#8220;solid&#8220; bg_image_animation=&#8220;none&#8220;][nectar_highlighted_text color_type=&#8220;regular&#8220; highlight_color=&#8220;#1dafec&#8220; style=&#8220;half_text&#8220; custom_font_size=&#8220;48px&#8220;]\n<h1><em>CAVECO<\/em><\/h1>\n[\/nectar_highlighted_text][\/vc_column_inner][\/vc_row_inner][divider line_type=&#8220;Full Width Line&#8220; line_thickness=&#8220;1&#8243; divider_color=&#8220;default&#8220; custom_height=&#8220;100&#8243;][\/vc_column][vc_column column_padding=&#8220;no-extra-padding&#8220; column_padding_tablet=&#8220;inherit&#8220; column_padding_phone=&#8220;inherit&#8220; column_padding_position=&#8220;all&#8220; background_color_opacity=&#8220;1&#8243; background_hover_color_opacity=&#8220;1&#8243; column_shadow=&#8220;none&#8220; column_border_radius=&#8220;none&#8220; column_link_target=&#8220;_self&#8220; gradient_direction=&#8220;left_to_right&#8220; overlay_strength=&#8220;0.3&#8243; width=&#8220;7\/12&#8243; tablet_width_inherit=&#8220;default&#8220; tablet_text_alignment=&#8220;default&#8220; phone_text_alignment=&#8220;default&#8220; column_border_width=&#8220;none&#8220; column_border_style=&#8220;solid&#8220; bg_image_animation=&#8220;none&#8220;][\/vc_column][\/vc_row][vc_row type=&#8220;in_container&#8220; full_screen_row_position=&#8220;middle&#8220; column_margin=&#8220;default&#8220; column_direction=&#8220;default&#8220; column_direction_tablet=&#8220;default&#8220; column_direction_phone=&#8220;default&#8220; scene_position=&#8220;center&#8220; top_padding=&#8220;40px&#8220; text_color=&#8220;dark&#8220; text_align=&#8220;left&#8220; row_border_radius=&#8220;none&#8220; row_border_radius_applies=&#8220;bg&#8220; overlay_strength=&#8220;0.3&#8243; gradient_direction=&#8220;left_to_right&#8220; shape_divider_position=&#8220;bottom&#8220; bg_image_animation=&#8220;none&#8220; shape_type=&#8220;&#8220;][vc_column column_padding=&#8220;padding-2-percent&#8220; column_padding_tablet=&#8220;inherit&#8220; column_padding_phone=&#8220;inherit&#8220; column_padding_position=&#8220;all&#8220; background_color_opacity=&#8220;1&#8243; background_hover_color_opacity=&#8220;1&#8243; column_shadow=&#8220;none&#8220; column_border_radius=&#8220;none&#8220; column_link_target=&#8220;_self&#8220; gradient_direction=&#8220;left_to_right&#8220; overlay_strength=&#8220;0.3&#8243; width=&#8220;1\/1&#8243; tablet_width_inherit=&#8220;default&#8220; tablet_text_alignment=&#8220;default&#8220; phone_text_alignment=&#8220;default&#8220; column_border_width=&#8220;none&#8220; column_border_style=&#8220;solid&#8220; bg_image_animation=&#8220;none&#8220;][vc_custom_heading text=&#8220;Entdecken Sie unsere Produkte&#8220; font_container=&#8220;tag:h3|text_align:center&#8220; use_theme_fonts=&#8220;yes&#8220;][vc_column_text]Seit mehr als\u00a0<b>40 Jahren<\/b>\u00a0steht die Marke CAVECO f\u00fcr italienische Spitzenleistungen im Bereich der\u00a0<b>Schalenverschlie\u00dfmaschinen f\u00fcr Lebensmittel<\/b>.<br \/>\nCAVECO war schon immer ein Synonym f\u00fcr:<\/p>\n<ul>\n<li><b>Extreme Robustheit und Zuverl\u00e4ssigkeit<\/b>\u00a0der Maschine<\/li>\n<li>Hohe\u00a0<b>Produktivit\u00e4t<\/b><\/li>\n<li><b>Einfache<\/b>\u00a0Bedienung und Wartung der Verpackungsmaschinen<\/li>\n<li>Zahlreiche M\u00f6glichkeiten zur\u00a0<b>individuellen Gestaltung<\/b>\u00a0von Linien f\u00fcr die Dosierung und Verpackung von frischen, vorgekochten, verarbeiteten und fertigen Gerichten (Salate, russische Salate, Lasagne, Saucen, Ricotta, Joghurt usw.)<\/li>\n<li>Kontinuierliche Aufmerksamkeit f\u00fcr die Bed\u00fcrfnisse des\u00a0<b>Marktes<\/b><\/li>\n<\/ul>\n<p>Seit Ende 2019 ist die Marke CAVECO eines der Flaggschiffe der\u00a0<b>Fabbri Group<\/b>, einem weltweit f\u00fchrenden Unternehmen f\u00fcr die Herstellung und den Vertrieb von Verpackungsl\u00f6sungen und -systemen f\u00fcr Lebensmittel (Maschinen, Folien, Software, Dienstleistungen), die ihr Angebot f\u00fcr Schalenversiegelungs-Verpackungen kennzeichnet.<\/p>\n<p><a href=\"https:\/\/www.gruppofabbri.com\/de\/kontakte\/\"><strong>Kontaktieren<\/strong><\/a> Sie uns f\u00fcr jede Anfrage zu Support oder Kauf, oder <strong>klicken<\/strong> Sie auf eines der untenstehenden Felder, um das<strong> CAVECO<\/strong>-Angebot zu entdecken:[\/vc_column_text][\/vc_column][\/vc_row][vc_row type=&#8220;in_container&#8220; full_screen_row_position=&#8220;middle&#8220; column_margin=&#8220;default&#8220; column_direction=&#8220;default&#8220; column_direction_tablet=&#8220;default&#8220; column_direction_phone=&#8220;default&#8220; scene_position=&#8220;center&#8220; text_color=&#8220;dark&#8220; text_align=&#8220;left&#8220; row_border_radius=&#8220;none&#8220; row_border_radius_applies=&#8220;bg&#8220; overlay_strength=&#8220;0.3&#8243; gradient_direction=&#8220;left_to_right&#8220; shape_divider_position=&#8220;bottom&#8220; bg_image_animation=&#8220;none&#8220;][vc_column column_padding=&#8220;no-extra-padding&#8220; column_padding_tablet=&#8220;inherit&#8220; column_padding_phone=&#8220;inherit&#8220; column_padding_position=&#8220;all&#8220; background_color_opacity=&#8220;1&#8243; background_hover_color_opacity=&#8220;1&#8243; column_shadow=&#8220;none&#8220; column_border_radius=&#8220;none&#8220; column_link_target=&#8220;_self&#8220; gradient_direction=&#8220;left_to_right&#8220; overlay_strength=&#8220;0.3&#8243; width=&#8220;1\/6&#8243; tablet_width_inherit=&#8220;default&#8220; tablet_text_alignment=&#8220;default&#8220; phone_text_alignment=&#8220;default&#8220; column_border_width=&#8220;none&#8220; column_border_style=&#8220;solid&#8220; bg_image_animation=&#8220;none&#8220;][\/vc_column][vc_column column_padding=&#8220;no-extra-padding&#8220; column_padding_tablet=&#8220;inherit&#8220; column_padding_phone=&#8220;inherit&#8220; column_padding_position=&#8220;all&#8220; background_color_opacity=&#8220;1&#8243; background_hover_color_opacity=&#8220;1&#8243; column_shadow=&#8220;none&#8220; column_border_radius=&#8220;none&#8220; column_link_target=&#8220;_self&#8220; gradient_direction=&#8220;left_to_right&#8220; overlay_strength=&#8220;0.3&#8243; width=&#8220;1\/3&#8243; tablet_width_inherit=&#8220;default&#8220; tablet_text_alignment=&#8220;default&#8220; phone_text_alignment=&#8220;default&#8220; column_border_width=&#8220;none&#8220; column_border_style=&#8220;solid&#8220; bg_image_animation=&#8220;none&#8220;][fancy_box box_style=&#8220;default&#8220; icon_family=&#8220;none&#8220; image_url=&#8220;26027&#8243; color=&#8220;accent-color&#8220; border_radius=&#8220;default&#8220; image_loading=&#8220;default&#8220; link_url=&#8220;\/de\/produkte\/verpackungsmaschinen\/automatische-traysealer\/&#8220;]\n<h3>Automatische Traysealer<\/h3>\n[\/fancy_box][\/vc_column][vc_column column_padding=&#8220;no-extra-padding&#8220; column_padding_tablet=&#8220;inherit&#8220; column_padding_phone=&#8220;inherit&#8220; column_padding_position=&#8220;all&#8220; background_color_opacity=&#8220;1&#8243; background_hover_color_opacity=&#8220;1&#8243; column_shadow=&#8220;none&#8220; column_border_radius=&#8220;none&#8220; column_link_target=&#8220;_self&#8220; gradient_direction=&#8220;left_to_right&#8220; overlay_strength=&#8220;0.3&#8243; width=&#8220;1\/3&#8243; tablet_width_inherit=&#8220;default&#8220; tablet_text_alignment=&#8220;default&#8220; phone_text_alignment=&#8220;default&#8220; column_border_width=&#8220;none&#8220; column_border_style=&#8220;solid&#8220; bg_image_animation=&#8220;none&#8220;][fancy_box box_style=&#8220;default&#8220; icon_family=&#8220;none&#8220; image_url=&#8220;25104&#8243; color=&#8220;accent-color&#8220; border_radius=&#8220;default&#8220; image_loading=&#8220;default&#8220; link_url=&#8220;\/de\/produkte\/verpackungsmaschinen\/halbautomatische-traysealer\/&#8220;]\n<h3><strong>Halbautomatische Traysealer<\/strong><\/h3>\n[\/fancy_box][\/vc_column][vc_column column_padding=&#8220;no-extra-padding&#8220; column_padding_tablet=&#8220;inherit&#8220; column_padding_phone=&#8220;inherit&#8220; column_padding_position=&#8220;all&#8220; background_color_opacity=&#8220;1&#8243; background_hover_color_opacity=&#8220;1&#8243; column_shadow=&#8220;none&#8220; column_border_radius=&#8220;none&#8220; column_link_target=&#8220;_self&#8220; gradient_direction=&#8220;left_to_right&#8220; overlay_strength=&#8220;0.3&#8243; width=&#8220;1\/6&#8243; tablet_width_inherit=&#8220;default&#8220; tablet_text_alignment=&#8220;default&#8220; phone_text_alignment=&#8220;default&#8220; column_border_width=&#8220;none&#8220; column_border_style=&#8220;solid&#8220; bg_image_animation=&#8220;none&#8220;][\/vc_column][\/vc_row][vc_row type=&#8220;in_container&#8220; full_screen_row_position=&#8220;middle&#8220; column_margin=&#8220;default&#8220; column_direction=&#8220;default&#8220; column_direction_tablet=&#8220;default&#8220; column_direction_phone=&#8220;default&#8220; scene_position=&#8220;center&#8220; top_padding=&#8220;40px&#8220; text_color=&#8220;dark&#8220; text_align=&#8220;center&#8220; row_border_radius=&#8220;none&#8220; row_border_radius_applies=&#8220;bg&#8220; overlay_strength=&#8220;0.3&#8243; gradient_direction=&#8220;left_to_right&#8220; shape_divider_position=&#8220;bottom&#8220; bg_image_animation=&#8220;none&#8220; shape_type=&#8220;&#8220;][vc_column column_padding=&#8220;padding-2-percent&#8220; column_padding_tablet=&#8220;inherit&#8220; column_padding_phone=&#8220;inherit&#8220; column_padding_position=&#8220;all&#8220; centered_text=&#8220;true&#8220; background_color_opacity=&#8220;1&#8243; background_hover_color_opacity=&#8220;1&#8243; column_shadow=&#8220;none&#8220; column_border_radius=&#8220;none&#8220; column_link_target=&#8220;_self&#8220; gradient_direction=&#8220;left_to_right&#8220; overlay_strength=&#8220;0.3&#8243; width=&#8220;1\/1&#8243; tablet_width_inherit=&#8220;default&#8220; tablet_text_alignment=&#8220;default&#8220; phone_text_alignment=&#8220;default&#8220; column_border_width=&#8220;none&#8220; column_border_style=&#8220;solid&#8220; bg_image_animation=&#8220;none&#8220;][vc_column_text][nectar_btn size=&#8220;large&#8220; button_style=&#8220;regular&#8220; button_color_2=&#8220;Accent-Color&#8220; icon_family=&#8220;fontawesome&#8220; text=&#8220;Kontakt&#8220; url=&#8220;\/de\/kontakte\/&#8220; icon_fontawesome=&#8220;fa fa-envelope&#8220; margin_top=&#8220;20px&#8220;][\/vc_column_text][\/vc_column][\/vc_row]\n","protected":false},"excerpt":{"rendered":"<p>[vc_row type=&#8220;full_width_background&#8220; full_screen_row_position=&#8220;middle&#8220; column_margin=&#8220;default&#8220; column_direction=&#8220;default&#8220; column_direction_tablet=&#8220;default&#8220; column_direction_phone=&#8220;default&#8220; bg_image=&#8220;30803&#8243; bg_position=&#8220;center center&#8220; bg_repeat=&#8220;no-repeat&#8220; scene_position=&#8220;center&#8220; top_padding=&#8220;10%&#8220; bottom_padding=&#8220;10%&#8220; text_color=&#8220;light&#8220;&#8230;<\/p>\n","protected":false},"author":1,"featured_media":0,"parent":0,"menu_order":0,"comment_status":"closed","ping_status":"closed","template":"","meta":{"footnotes":""},"class_list":["post-30820","page","type-page","status-publish"],"yoast_head":"<!-- This site is optimized with the Yoast SEO plugin v27.4 - https:\/\/yoast.com\/product\/yoast-seo-wordpress\/ -->\n<title>Caveco - Gruppo Fabbri | Official WebSite<\/title>\n<meta name=\"robots\" content=\"index, follow, max-snippet:-1, max-image-preview:large, max-video-preview:-1\" \/>\n<link rel=\"canonical\" href=\"https:\/\/www.gruppofabbri.com\/de\/caveco\/\" \/>\n<meta property=\"og:locale\" content=\"de_DE\" \/>\n<meta property=\"og:type\" content=\"article\" \/>\n<meta property=\"og:title\" content=\"Caveco - Gruppo Fabbri | Official WebSite\" \/>\n<meta property=\"og:description\" content=\"[vc_row type=&#8220;full_width_background&#8220; full_screen_row_position=&#8220;middle&#8220; column_margin=&#8220;default&#8220; column_direction=&#8220;default&#8220; column_direction_tablet=&#8220;default&#8220; column_direction_phone=&#8220;default&#8220; bg_image=&#8220;30803&#8243; bg_position=&#8220;center center&#8220; bg_repeat=&#8220;no-repeat&#8220; scene_position=&#8220;center&#8220; top_padding=&#8220;10%&#8220; bottom_padding=&#8220;10%&#8220; text_color=&#8220;light&#8220;...\" \/>\n<meta property=\"og:url\" content=\"https:\/\/www.gruppofabbri.com\/de\/caveco\/\" \/>\n<meta property=\"og:site_name\" content=\"Gruppo Fabbri | Official WebSite\" \/>\n<meta property=\"article:modified_time\" content=\"2026-03-17T10:27:18+00:00\" \/>\n<meta name=\"twitter:card\" content=\"summary_large_image\" \/>\n<meta name=\"twitter:label1\" content=\"Gesch\u00e4tzte Lesezeit\" \/>\n\t<meta name=\"twitter:data1\" content=\"3\u00a0Minuten\" \/>\n<script type=\"application\/ld+json\" class=\"yoast-schema-graph\">{\"@context\":\"https:\\\/\\\/schema.org\",\"@graph\":[{\"@type\":\"WebPage\",\"@id\":\"https:\\\/\\\/www.gruppofabbri.com\\\/de\\\/caveco\\\/\",\"url\":\"https:\\\/\\\/www.gruppofabbri.com\\\/de\\\/caveco\\\/\",\"name\":\"Caveco - Gruppo Fabbri | Official WebSite\",\"isPartOf\":{\"@id\":\"https:\\\/\\\/www.gruppofabbri.com\\\/de\\\/#website\"},\"datePublished\":\"2025-08-29T07:29:52+00:00\",\"dateModified\":\"2026-03-17T10:27:18+00:00\",\"breadcrumb\":{\"@id\":\"https:\\\/\\\/www.gruppofabbri.com\\\/de\\\/caveco\\\/#breadcrumb\"},\"inLanguage\":\"de\",\"potentialAction\":[{\"@type\":\"ReadAction\",\"target\":[\"https:\\\/\\\/www.gruppofabbri.com\\\/de\\\/caveco\\\/\"]}]},{\"@type\":\"BreadcrumbList\",\"@id\":\"https:\\\/\\\/www.gruppofabbri.com\\\/de\\\/caveco\\\/#breadcrumb\",\"itemListElement\":[]},{\"@type\":\"WebSite\",\"@id\":\"https:\\\/\\\/www.gruppofabbri.com\\\/de\\\/#website\",\"url\":\"https:\\\/\\\/www.gruppofabbri.com\\\/de\\\/\",\"name\":\"Gruppo Fabbri | Official WebSite\",\"description\":\"Macchine e Film per l&#039;imballaggio e confezionamento alimentare\",\"potentialAction\":[{\"@type\":\"SearchAction\",\"target\":{\"@type\":\"EntryPoint\",\"urlTemplate\":\"https:\\\/\\\/www.gruppofabbri.com\\\/de\\\/?s={search_term_string}\"},\"query-input\":{\"@type\":\"PropertyValueSpecification\",\"valueRequired\":true,\"valueName\":\"search_term_string\"}}],\"inLanguage\":\"de\"}]}<\/script>\n<!-- \/ Yoast SEO plugin. -->","yoast_head_json":{"title":"Caveco - Gruppo Fabbri | Official WebSite","robots":{"index":"index","follow":"follow","max-snippet":"max-snippet:-1","max-image-preview":"max-image-preview:large","max-video-preview":"max-video-preview:-1"},"canonical":"https:\/\/www.gruppofabbri.com\/de\/caveco\/","og_locale":"de_DE","og_type":"article","og_title":"Caveco - Gruppo Fabbri | Official WebSite","og_description":"[vc_row type=&#8220;full_width_background&#8220; full_screen_row_position=&#8220;middle&#8220; column_margin=&#8220;default&#8220; column_direction=&#8220;default&#8220; column_direction_tablet=&#8220;default&#8220; column_direction_phone=&#8220;default&#8220; bg_image=&#8220;30803&#8243; bg_position=&#8220;center center&#8220; bg_repeat=&#8220;no-repeat&#8220; scene_position=&#8220;center&#8220; top_padding=&#8220;10%&#8220; bottom_padding=&#8220;10%&#8220; text_color=&#8220;light&#8220;...","og_url":"https:\/\/www.gruppofabbri.com\/de\/caveco\/","og_site_name":"Gruppo Fabbri | Official WebSite","article_modified_time":"2026-03-17T10:27:18+00:00","twitter_card":"summary_large_image","twitter_misc":{"Gesch\u00e4tzte Lesezeit":"3\u00a0Minuten"},"schema":{"@context":"https:\/\/schema.org","@graph":[{"@type":"WebPage","@id":"https:\/\/www.gruppofabbri.com\/de\/caveco\/","url":"https:\/\/www.gruppofabbri.com\/de\/caveco\/","name":"Caveco - Gruppo Fabbri | Official WebSite","isPartOf":{"@id":"https:\/\/www.gruppofabbri.com\/de\/#website"},"datePublished":"2025-08-29T07:29:52+00:00","dateModified":"2026-03-17T10:27:18+00:00","breadcrumb":{"@id":"https:\/\/www.gruppofabbri.com\/de\/caveco\/#breadcrumb"},"inLanguage":"de","potentialAction":[{"@type":"ReadAction","target":["https:\/\/www.gruppofabbri.com\/de\/caveco\/"]}]},{"@type":"BreadcrumbList","@id":"https:\/\/www.gruppofabbri.com\/de\/caveco\/#breadcrumb","itemListElement":[]},{"@type":"WebSite","@id":"https:\/\/www.gruppofabbri.com\/de\/#website","url":"https:\/\/www.gruppofabbri.com\/de\/","name":"Gruppo Fabbri | Official WebSite","description":"Macchine e Film per l&#039;imballaggio e confezionamento alimentare","potentialAction":[{"@type":"SearchAction","target":{"@type":"EntryPoint","urlTemplate":"https:\/\/www.gruppofabbri.com\/de\/?s={search_term_string}"},"query-input":{"@type":"PropertyValueSpecification","valueRequired":true,"valueName":"search_term_string"}}],"inLanguage":"de"}]}},"_links":{"self":[{"href":"https:\/\/www.gruppofabbri.com\/de\/wp-json\/wp\/v2\/pages\/30820","targetHints":{"allow":["GET"]}}],"collection":[{"href":"https:\/\/www.gruppofabbri.com\/de\/wp-json\/wp\/v2\/pages"}],"about":[{"href":"https:\/\/www.gruppofabbri.com\/de\/wp-json\/wp\/v2\/types\/page"}],"author":[{"embeddable":true,"href":"https:\/\/www.gruppofabbri.com\/de\/wp-json\/wp\/v2\/users\/1"}],"replies":[{"embeddable":true,"href":"https:\/\/www.gruppofabbri.com\/de\/wp-json\/wp\/v2\/comments?post=30820"}],"version-history":[{"count":6,"href":"https:\/\/www.gruppofabbri.com\/de\/wp-json\/wp\/v2\/pages\/30820\/revisions"}],"predecessor-version":[{"id":32480,"href":"https:\/\/www.gruppofabbri.com\/de\/wp-json\/wp\/v2\/pages\/30820\/revisions\/32480"}],"wp:attachment":[{"href":"https:\/\/www.gruppofabbri.com\/de\/wp-json\/wp\/v2\/media?parent=30820"}],"curies":[{"name":"wp","href":"https:\/\/api.w.org\/{rel}","templated":true}]}}