{"id":20173,"date":"2021-02-01T21:35:28","date_gmt":"2021-02-01T20:35:28","guid":{"rendered":"https:\/\/www.gruppofabbri.com\/produkte\/folien-zum-schutz\/stretchfolien\/pexy\/"},"modified":"2025-04-01T16:36:32","modified_gmt":"2025-04-01T14:36:32","slug":"pexy","status":"publish","type":"page","link":"https:\/\/www.gruppofabbri.com\/de\/produkte\/folien-zum-schutz\/stretchfolien\/pexy\/","title":{"rendered":"Pexy"},"content":{"rendered":"[vc_row type=&#8220;full_width_background&#8220; full_screen_row_position=&#8220;middle&#8220; column_margin=&#8220;90px&#8220; equal_height=&#8220;yes&#8220; content_placement=&#8220;middle&#8220; column_direction=&#8220;default&#8220; column_direction_tablet=&#8220;default&#8220; column_direction_phone=&#8220;default&#8220; bg_color=&#8220;#ffffff&#8220; scene_position=&#8220;center&#8220; top_padding=&#8220;2%&#8220; bottom_padding=&#8220;2%&#8220; top_padding_tablet=&#8220;8%&#8220; bottom_padding_tablet=&#8220;8%&#8220; text_color=&#8220;dark&#8220; text_align=&#8220;left&#8220; row_border_radius=&#8220;none&#8220; row_border_radius_applies=&#8220;bg&#8220; id=&#8220;home&#8220; overlay_strength=&#8220;0.5&#8243; gradient_direction=&#8220;top_to_bottom&#8220; shape_divider_position=&#8220;bottom&#8220; bg_image_animation=&#8220;none&#8220; shape_type=&#8220;straight_section&#8220;][vc_column column_padding=&#8220;padding-2-percent&#8220; column_padding_tablet=&#8220;no-extra-padding&#8220; column_padding_phone=&#8220;no-extra-padding&#8220; column_padding_position=&#8220;right&#8220; background_color_opacity=&#8220;1&#8243; background_hover_color_opacity=&#8220;1&#8243; column_shadow=&#8220;none&#8220; column_border_radius=&#8220;none&#8220; column_link_target=&#8220;_self&#8220; zindex=&#8220;100&#8243; gradient_direction=&#8220;left_t_to_right_b&#8220; overlay_strength=&#8220;0.3&#8243; width=&#8220;3\/5&#8243; tablet_width_inherit=&#8220;default&#8220; tablet_text_alignment=&#8220;default&#8220; phone_text_alignment=&#8220;default&#8220; column_border_width=&#8220;none&#8220; column_border_style=&#8220;solid&#8220; bg_image_animation=&#8220;none&#8220; offset=&#8220;vc_col-xs-12&#8243;][vc_row_inner column_margin=&#8220;default&#8220; column_direction=&#8220;default&#8220; column_direction_tablet=&#8220;default&#8220; column_direction_phone=&#8220;default&#8220; text_align=&#8220;left&#8220; min_width=&#8220;47vh&#8220;][vc_column_inner column_padding=&#8220;no-extra-padding&#8220; column_padding_tablet=&#8220;inherit&#8220; column_padding_phone=&#8220;inherit&#8220; column_padding_position=&#8220;all&#8220; background_color_opacity=&#8220;1&#8243; background_hover_color_opacity=&#8220;1&#8243; column_shadow=&#8220;none&#8220; column_border_radius=&#8220;none&#8220; column_link_target=&#8220;_self&#8220; el_class=&#8220;product-column-first-section&#8220; gradient_direction=&#8220;left_to_right&#8220; overlay_strength=&#8220;0.3&#8243; width=&#8220;1\/1&#8243; tablet_width_inherit=&#8220;default&#8220; column_border_width=&#8220;none&#8220; column_border_style=&#8220;solid&#8220; enable_border_animation=&#8220;true&#8220; bg_image_animation=&#8220;none&#8220; enable_animation=&#8220;true&#8220; animation=&#8220;fade-in-from-bottom&#8220;][nectar_animated_title heading_tag=&#8220;h1&#8243; style=&#8220;color-strip-reveal&#8220; color=&#8220;Accent-Color&#8220; text=&#8220;Pexy&#8220;][image_with_animation image_url=&#8220;9516&#8243; animation=&#8220;Fade In&#8220; hover_animation=&#8220;none&#8220; alignment=&#8220;&#8220; border_radius=&#8220;none&#8220; box_shadow=&#8220;none&#8220; image_loading=&#8220;default&#8220; max_width=&#8220;100%&#8220; max_width_mobile=&#8220;default&#8220;][vc_column_text]Vollst\u00e4ndig integrierte Verpackungs- und Etikettierungsl\u00f6sungen, die speziell f\u00fcr den Einzelhandel und die Lebensmittelindustrie entwickelt wurden[\/vc_column_text][vc_column_text]PEXY ist eine hochwertige Stretchfolie aus Polyethylen (PE), die sich ideal zum Verpacken von frischen Lebensmitteln und insbesondere von Produkten mit einem hohen Fettgehalt eignet, wie z. B. frisches und mariniertes Fleisch, Fisch, Gem\u00fcse, K\u00e4se usw. Sie eignet sich auch besonders gut zum Verpacken unter 0\u00b0C.<\/p>\n<p>Dar\u00fcber hinaus eignet sich diese Folie leistungsf\u00e4hig auch unter 0\u00b0C.<\/p>\n<p>Dank seiner guten mechanischen Eigenschaften garantiert PEXY die beste Verpackung in Bezug auf Abdichtung und Verschluss. Was die optischen Eigenschaften betrifft, so garantieren Transparenz und Glanz eine ausgezeichnete Attraktivit\u00e4t der Verpackung. Dar\u00fcber hinaus ist der &#8222;Anti-Fog&#8220;-Effekt besonders wirksam und verbessert die Eigenschaften des verpackten Produkts.<\/p>\n<p>Die Technologie, die dieser Folie zugrunde liegt, erm\u00f6glicht auch eine Optimierung des Materialverbrauchs durch Ausnutzung der Dehnungseigenschaften: Die Verwendung einer geringeren Materialmenge als \u00fcblich f\u00fchrt zu einer geringeren Umweltbelastung und zu einer Senkung der Verpackungskosten.<br \/>\nPEXY entfaltet sein h\u00f6chstes Potenzial auf automatischen Verpackungsmaschinen und erzielt mit den von Fabbri Group hergestellten Maschinen optimale Ergebnisse in Bezug auf Verpackungsqualit\u00e4t und Produkteinsparungen.[\/vc_column_text][\/vc_column_inner][\/vc_row_inner][\/vc_column][vc_column column_padding=&#8220;no-extra-padding&#8220; column_padding_tablet=&#8220;inherit&#8220; column_padding_phone=&#8220;inherit&#8220; column_padding_position=&#8220;all&#8220; background_color_opacity=&#8220;1&#8243; background_hover_color_opacity=&#8220;1&#8243; column_shadow=&#8220;none&#8220; column_border_radius=&#8220;none&#8220; column_link_target=&#8220;_self&#8220; gradient_direction=&#8220;left_to_right&#8220; overlay_strength=&#8220;0.5&#8243; width=&#8220;2\/5&#8243; tablet_width_inherit=&#8220;default&#8220; tablet_text_alignment=&#8220;default&#8220; phone_text_alignment=&#8220;default&#8220; column_border_width=&#8220;none&#8220; column_border_style=&#8220;solid&#8220; bg_image_animation=&#8220;none&#8220; offset=&#8220;vc_col-xs-12&#8243;][vc_row_inner column_margin=&#8220;default&#8220; column_direction=&#8220;default&#8220; column_direction_tablet=&#8220;default&#8220; column_direction_phone=&#8220;default&#8220; text_align=&#8220;left&#8220; min_width_desktop=&#8220;43vw&#8220; min_width_tablet=&#8220;50vw&#8220; min_width_phone=&#8220;50vw&#8220;][vc_column_inner column_padding=&#8220;no-extra-padding&#8220; column_padding_tablet=&#8220;inherit&#8220; column_padding_phone=&#8220;inherit&#8220; column_padding_position=&#8220;all&#8220; background_color_opacity=&#8220;1&#8243; background_hover_color_opacity=&#8220;1&#8243; background_image=&#8220;18706&#8243; background_image_position=&#8220;center center&#8220; enable_bg_scale=&#8220;true&#8220; column_shadow=&#8220;none&#8220; column_border_radius=&#8220;none&#8220; column_link_target=&#8220;_self&#8220; gradient_direction=&#8220;left_to_right&#8220; overlay_strength=&#8220;0.5&#8243; width=&#8220;1\/1&#8243; tablet_width_inherit=&#8220;default&#8220; column_border_width=&#8220;none&#8220; column_border_style=&#8220;solid&#8220; bg_image_animation=&#8220;ro-reveal-from-right&#8220;][divider line_type=&#8220;No Line&#8220; custom_height=&#8220;80vh&#8220; custom_height_tablet=&#8220;40vh&#8220; custom_height_phone=&#8220;300px&#8220;][\/vc_column_inner][\/vc_row_inner][\/vc_column][\/vc_row][vc_row type=&#8220;full_width_background&#8220; full_screen_row_position=&#8220;middle&#8220; column_margin=&#8220;default&#8220; column_direction=&#8220;default&#8220; column_direction_tablet=&#8220;default&#8220; column_direction_phone=&#8220;default&#8220; scene_position=&#8220;center&#8220; top_padding=&#8220;7%&#8220; bottom_padding=&#8220;7%&#8220; text_color=&#8220;dark&#8220; text_align=&#8220;left&#8220; row_border_radius=&#8220;none&#8220; row_border_radius_applies=&#8220;bg&#8220; class=&#8220;row_faq_film&#8220; overlay_strength=&#8220;0.3&#8243; gradient_direction=&#8220;left_to_right&#8220; shape_divider_position=&#8220;bottom&#8220; bg_image_animation=&#8220;none&#8220; shape_type=&#8220;&#8220;][vc_column column_padding=&#8220;padding-2-percent&#8220; column_padding_tablet=&#8220;inherit&#8220; column_padding_phone=&#8220;inherit&#8220; column_padding_position=&#8220;all&#8220; background_color_opacity=&#8220;1&#8243; background_hover_color_opacity=&#8220;1&#8243; column_shadow=&#8220;none&#8220; column_border_radius=&#8220;none&#8220; column_link_target=&#8220;_self&#8220; gradient_direction=&#8220;left_to_right&#8220; overlay_strength=&#8220;0.3&#8243; width=&#8220;1\/1&#8243; tablet_width_inherit=&#8220;default&#8220; tablet_text_alignment=&#8220;default&#8220; phone_text_alignment=&#8220;default&#8220; column_border_width=&#8220;none&#8220; column_border_style=&#8220;solid&#8220; bg_image_animation=&#8220;none&#8220;][nectar_animated_title heading_tag=&#8220;h2&#8243; style=&#8220;color-strip-reveal&#8220; color=&#8220;Accent-Color&#8220; text=&#8220;Eigenschaften&#8220;][toggles style=&#8220;minimal&#8220; accordion=&#8220;true&#8220;][toggle color=&#8220;Default&#8220; title=&#8220;Brillanz.&#8220;][vc_custom_heading text=&#8220;Die Transparenz und der Glanz der PEXY-Folie tragen dazu bei, das Aussehen und die Frische des Produkts zu verbessern und den Verbraucher zum Kauf zu bewegen.&#8220; font_container=&#8220;tag:p|text_align:left|color:rgba(10%2C10%2C10%2C0.65)&#8220; use_theme_fonts=&#8220;yes&#8220; css_animation=&#8220;fadeInUp&#8220;][\/toggle][toggle color=&#8220;Default&#8220; title=&#8220;Bewahrung und Schutz.&#8220;][vc_custom_heading text=&#8220;PEXY sch\u00fctzt und bewahrt in idealer Weise die Frische sowie die ern\u00e4hrungsphysiologischen und organoleptischen Eigenschaften der Lebensmittel zur Sicherheit des Verbrauchers, dank der Widerstandsf\u00e4higkeit des Materials, das jegliche Kontamination von au\u00dfen verhindert.&#8220; font_container=&#8220;tag:p|text_align:left|color:rgba(10%2C10%2C10%2C0.65)&#8220; use_theme_fonts=&#8220;yes&#8220; css_animation=&#8220;fadeInUp&#8220;][\/toggle][toggle color=&#8220;Default&#8220; title=&#8220;Flexibilit\u00e4t bei der Nutzung.&#8220;][vc_custom_heading text=&#8220;PEXY kann auf Verpackungsmaschinen aller Gr\u00f6\u00dfen und Geschwindigkeiten verwendet werden, sowohl in der Industrie als auch im Einzelhandel.&#8220; font_container=&#8220;tag:p|text_align:left|color:rgba(10%2C10%2C10%2C0.65)&#8220; use_theme_fonts=&#8220;yes&#8220; css_animation=&#8220;fadeInUp&#8220;][\/toggle][toggle color=&#8220;Default&#8220; title=&#8220;\u00d6kologische Nachhaltigkeit.&#8220;][vc_custom_heading text=&#8220;Dank seiner hohen Dehnbarkeit kann PEXY in geringeren Dicken verwendet werden, was zu Einsparungen und mehr Umweltschutz f\u00fchrt.&#8220; font_container=&#8220;tag:p|text_align:left|color:rgba(10%2C10%2C10%2C0.65)&#8220; use_theme_fonts=&#8220;yes&#8220; css_animation=&#8220;fadeInUp&#8220;][\/toggle][toggle color=&#8220;Default&#8220; title=&#8220;Verwendung auch bei niedrigen Temperaturen.&#8220;][vc_custom_heading text=&#8220;PEXY kann Temperaturen unter dem Gefrierpunkt standhalten, ohne zu verletzen oder zu verspr\u00f6den. PEXY bietet somit optimalen Schutz bei der Lagerung unter diesen Bedingungen, ohne dass es zu &#8222;K\u00e4lteverbrennungen&#8222; kommt.&#8220; font_container=&#8220;tag:p|text_align:center|color:rgba(10%2C10%2C10%2C0.65)&#8220; use_theme_fonts=&#8220;yes&#8220; css_animation=&#8220;fadeInUp&#8220;][\/toggle][toggle color=&#8220;Default&#8220; title=&#8220;Hohe mechanische Festigkeit.&#8220;][vc_custom_heading text=&#8220;PEXY absorbiert die Auswirkungen von Einstichen sehr gut und ist daher ideal f\u00fcr die Verpackung von Krustentieren und anderen Lebensmitteln mit scharfen Kanten.&#8220; font_container=&#8220;tag:p|text_align:left|color:rgba(10%2C10%2C10%2C0.65)&#8220; use_theme_fonts=&#8220;yes&#8220; css_animation=&#8220;fadeInUp&#8220;][\/toggle][toggle color=&#8220;Default&#8220; title=&#8220;Recyclingf\u00e4higkeit&#8220;][vc_column_text]PEXY hat vom Dualen System Interseroh Dienstleistungs GmBh*\u00a0 durchgef\u00fchrten den Nachweis der Recyclingf\u00e4higkeit mit der von der Methode selbst vorgesehenen H\u00f6chstpunktzahl erhalten.<\/p>\n<p>*Durch die vom Fraunhofer IVV Institut validierte Bewertungsmethode \u201eMade For Recycling\u201c und Das Kompetenzzentrum f\u00fcr Kunststoffrecycling des Umweltdienstleisters Interseroh in Maribor (Slowenien) einer internationalen Referenz.[\/vc_column_text][\/toggle][\/toggles][\/vc_column][\/vc_row][vc_row type=&#8220;in_container&#8220; full_screen_row_position=&#8220;middle&#8220; column_margin=&#8220;default&#8220; column_direction=&#8220;default&#8220; column_direction_tablet=&#8220;default&#8220; column_direction_phone=&#8220;default&#8220; scene_position=&#8220;center&#8220; text_color=&#8220;dark&#8220; text_align=&#8220;left&#8220; row_border_radius=&#8220;none&#8220; row_border_radius_applies=&#8220;bg&#8220; class=&#8220;row_all_transf&#8220; overlay_strength=&#8220;0.3&#8243; gradient_direction=&#8220;left_to_right&#8220; shape_divider_position=&#8220;bottom&#8220; bg_image_animation=&#8220;none&#8220; shape_type=&#8220;&#8220;][vc_column column_padding=&#8220;no-extra-padding&#8220; column_padding_tablet=&#8220;inherit&#8220; column_padding_phone=&#8220;inherit&#8220; column_padding_position=&#8220;all&#8220; background_color_opacity=&#8220;1&#8243; background_hover_color_opacity=&#8220;1&#8243; column_shadow=&#8220;none&#8220; column_border_radius=&#8220;none&#8220; column_link_target=&#8220;_self&#8220; gradient_direction=&#8220;left_to_right&#8220; overlay_strength=&#8220;0.3&#8243; width=&#8220;1\/1&#8243; tablet_width_inherit=&#8220;default&#8220; tablet_text_alignment=&#8220;default&#8220; phone_text_alignment=&#8220;default&#8220; column_border_width=&#8220;none&#8220; column_border_style=&#8220;solid&#8220; bg_image_animation=&#8220;none&#8220;][vc_gallery type=&#8220;flickity_style&#8220; images=&#8220;25592,25587,25582&#8243; flickity_spacing=&#8220;default&#8220; flickity_controls=&#8220;material_pagination&#8220; flickity_overflow=&#8220;hidden&#8220; flickity_wrap_around=&#8220;wrap&#8220; flickity_desktop_columns=&#8220;1&#8243; flickity_small_desktop_columns=&#8220;1&#8243; flickity_tablet_columns=&#8220;1&#8243; flickity_box_shadow=&#8220;large_depth&#8220; image_loading=&#8220;default&#8220; onclick=&#8220;link_no&#8220; img_size=&#8220;full&#8220;][\/vc_column][\/vc_row][vc_row type=&#8220;full_width_content&#8220; full_screen_row_position=&#8220;middle&#8220; column_margin=&#8220;default&#8220; column_direction=&#8220;default&#8220; column_direction_tablet=&#8220;default&#8220; column_direction_phone=&#8220;default&#8220; bg_color=&#8220;#ffffff&#8220; scene_position=&#8220;center&#8220; top_padding=&#8220;40&#8243; bottom_padding=&#8220;50&#8243; left_padding_desktop=&#8220;40&#8243; right_padding_desktop=&#8220;40&#8243; text_color=&#8220;dark&#8220; text_align=&#8220;left&#8220; row_border_radius=&#8220;none&#8220; row_border_radius_applies=&#8220;bg&#8220; class=&#8220;last_row_cta&#8220; overlay_strength=&#8220;0.3&#8243; gradient_direction=&#8220;left_to_right&#8220; shape_divider_position=&#8220;bottom&#8220; bg_image_animation=&#8220;none&#8220; shape_type=&#8220;&#8220;][vc_column column_padding=&#8220;no-extra-padding&#8220; column_padding_tablet=&#8220;inherit&#8220; column_padding_phone=&#8220;inherit&#8220; column_padding_position=&#8220;all&#8220; centered_text=&#8220;true&#8220; background_color_opacity=&#8220;1&#8243; background_hover_color_opacity=&#8220;1&#8243; column_shadow=&#8220;none&#8220; column_border_radius=&#8220;none&#8220; column_link_target=&#8220;_self&#8220; gradient_direction=&#8220;left_to_right&#8220; overlay_strength=&#8220;0.3&#8243; width=&#8220;1\/3&#8243; tablet_width_inherit=&#8220;default&#8220; tablet_text_alignment=&#8220;default&#8220; phone_text_alignment=&#8220;default&#8220; column_border_width=&#8220;none&#8220; column_border_style=&#8220;solid&#8220; bg_image_animation=&#8220;none&#8220;][vc_custom_heading text=&#8220;Entdecken Sie die Vorteile von Stretchverpackungen&#8220; font_container=&#8220;tag:h4|text_align:center|color:rgba(10%2C10%2C10%2C0.65)&#8220; use_theme_fonts=&#8220;yes&#8220; css_animation=&#8220;fadeInUp&#8220;][nectar_btn size=&#8220;large&#8220; button_style=&#8220;regular&#8220; button_color_2=&#8220;Accent-Color&#8220; icon_family=&#8220;none&#8220; text=&#8220;Mehr erfahren&#8220; margin_top=&#8220;30&#8243; margin_bottom=&#8220;30&#8243; url=&#8220;\/de\/soluzioni-packaging\/stretch\/&#8220;][\/vc_column][vc_column column_padding=&#8220;no-extra-padding&#8220; column_padding_tablet=&#8220;inherit&#8220; column_padding_phone=&#8220;inherit&#8220; column_padding_position=&#8220;all&#8220; centered_text=&#8220;true&#8220; background_color_opacity=&#8220;1&#8243; background_hover_color_opacity=&#8220;1&#8243; column_shadow=&#8220;none&#8220; column_border_radius=&#8220;none&#8220; column_link_target=&#8220;_self&#8220; gradient_direction=&#8220;left_to_right&#8220; overlay_strength=&#8220;0.3&#8243; width=&#8220;1\/3&#8243; tablet_width_inherit=&#8220;default&#8220; tablet_text_alignment=&#8220;default&#8220; phone_text_alignment=&#8220;default&#8220; column_border_width=&#8220;none&#8220; column_border_style=&#8220;solid&#8220; bg_image_animation=&#8220;none&#8220;][vc_custom_heading text=&#8220;Entdecken Sie den grafischen Service f\u00fcr bedruckte Folien&#8220; font_container=&#8220;tag:h4|text_align:center|color:rgba(10%2C10%2C10%2C0.65)&#8220; use_theme_fonts=&#8220;yes&#8220; css_animation=&#8220;fadeInUp&#8220;][nectar_btn size=&#8220;large&#8220; button_style=&#8220;regular&#8220; button_color_2=&#8220;Accent-Color&#8220; icon_family=&#8220;none&#8220; text=&#8220;Mehr erfahren&#8220; margin_top=&#8220;30&#8243; margin_bottom=&#8220;30&#8243; url=&#8220;\/de\/servizio-grafico-film-stampato\/&#8220;][\/vc_column][vc_column column_padding=&#8220;no-extra-padding&#8220; column_padding_tablet=&#8220;inherit&#8220; column_padding_phone=&#8220;inherit&#8220; column_padding_position=&#8220;all&#8220; centered_text=&#8220;true&#8220; background_color_opacity=&#8220;1&#8243; background_hover_color_opacity=&#8220;1&#8243; column_shadow=&#8220;none&#8220; column_border_radius=&#8220;none&#8220; column_link_target=&#8220;_self&#8220; gradient_direction=&#8220;left_to_right&#8220; overlay_strength=&#8220;0.3&#8243; width=&#8220;1\/3&#8243; tablet_width_inherit=&#8220;default&#8220; tablet_text_alignment=&#8220;default&#8220; phone_text_alignment=&#8220;default&#8220; column_border_width=&#8220;none&#8220; column_border_style=&#8220;solid&#8220; bg_image_animation=&#8220;none&#8220;][vc_custom_heading text=&#8220;Entdecken Sie die h\u00e4ufigsten Anwendungen von Pexy&#8220; font_container=&#8220;tag:h4|text_align:center|color:rgba(10%2C10%2C10%2C0.65)&#8220; use_theme_fonts=&#8220;yes&#8220; css_animation=&#8220;fadeInUp&#8220;][nectar_btn size=&#8220;large&#8220; button_style=&#8220;regular&#8220; button_color_2=&#8220;Accent-Color&#8220; icon_family=&#8220;none&#8220; text=&#8220;Mehr erfahren&#8220; margin_top=&#8220;30&#8243; margin_bottom=&#8220;30&#8243; url=&#8220;\/de\/packaging-alimenti\/&#8220;][\/vc_column][\/vc_row]\n","protected":false},"excerpt":{"rendered":"<p>[vc_row type=&#8220;full_width_background&#8220; full_screen_row_position=&#8220;middle&#8220; column_margin=&#8220;90px&#8220; equal_height=&#8220;yes&#8220; content_placement=&#8220;middle&#8220; column_direction=&#8220;default&#8220; column_direction_tablet=&#8220;default&#8220; column_direction_phone=&#8220;default&#8220; bg_color=&#8220;#ffffff&#8220; scene_position=&#8220;center&#8220; top_padding=&#8220;2%&#8220; bottom_padding=&#8220;2%&#8220; top_padding_tablet=&#8220;8%&#8220; bottom_padding_tablet=&#8220;8%&#8220;&#8230;<\/p>\n","protected":false},"author":1,"featured_media":0,"parent":12609,"menu_order":0,"comment_status":"closed","ping_status":"closed","template":"","meta":{"footnotes":""},"class_list":["post-20173","page","type-page","status-publish"],"yoast_head":"<!-- This site is optimized with the Yoast SEO plugin v27.3 - https:\/\/yoast.com\/product\/yoast-seo-wordpress\/ -->\n<title>Pexy - Gruppo Fabbri | Official WebSite<\/title>\n<meta name=\"robots\" content=\"index, follow, max-snippet:-1, max-image-preview:large, max-video-preview:-1\" \/>\n<link rel=\"canonical\" href=\"https:\/\/www.gruppofabbri.com\/de\/produkte\/folien-zum-schutz\/stretchfolien\/pexy\/\" \/>\n<meta property=\"og:locale\" content=\"de_DE\" \/>\n<meta property=\"og:type\" content=\"article\" \/>\n<meta property=\"og:title\" content=\"Pexy - Gruppo Fabbri | Official WebSite\" \/>\n<meta property=\"og:description\" content=\"[vc_row type=&#8220;full_width_background&#8220; full_screen_row_position=&#8220;middle&#8220; column_margin=&#8220;90px&#8220; equal_height=&#8220;yes&#8220; content_placement=&#8220;middle&#8220; column_direction=&#8220;default&#8220; column_direction_tablet=&#8220;default&#8220; column_direction_phone=&#8220;default&#8220; bg_color=&#8220;#ffffff&#8220; scene_position=&#8220;center&#8220; top_padding=&#8220;2%&#8220; bottom_padding=&#8220;2%&#8220; top_padding_tablet=&#8220;8%&#8220; bottom_padding_tablet=&#8220;8%&#8220;...\" \/>\n<meta property=\"og:url\" content=\"https:\/\/www.gruppofabbri.com\/de\/produkte\/folien-zum-schutz\/stretchfolien\/pexy\/\" \/>\n<meta property=\"og:site_name\" content=\"Gruppo Fabbri | Official WebSite\" \/>\n<meta property=\"article:modified_time\" content=\"2025-04-01T14:36:32+00:00\" \/>\n<meta name=\"twitter:card\" content=\"summary_large_image\" \/>\n<meta name=\"twitter:label1\" content=\"Gesch\u00e4tzte Lesezeit\" \/>\n\t<meta name=\"twitter:data1\" content=\"10\u00a0Minuten\" \/>\n<script type=\"application\/ld+json\" class=\"yoast-schema-graph\">{\"@context\":\"https:\\\/\\\/schema.org\",\"@graph\":[{\"@type\":\"WebPage\",\"@id\":\"https:\\\/\\\/www.gruppofabbri.com\\\/de\\\/produkte\\\/folien-zum-schutz\\\/stretchfolien\\\/pexy\\\/\",\"url\":\"https:\\\/\\\/www.gruppofabbri.com\\\/de\\\/produkte\\\/folien-zum-schutz\\\/stretchfolien\\\/pexy\\\/\",\"name\":\"Pexy - Gruppo Fabbri | Official WebSite\",\"isPartOf\":{\"@id\":\"https:\\\/\\\/www.gruppofabbri.com\\\/de\\\/#website\"},\"datePublished\":\"2021-02-01T20:35:28+00:00\",\"dateModified\":\"2025-04-01T14:36:32+00:00\",\"breadcrumb\":{\"@id\":\"https:\\\/\\\/www.gruppofabbri.com\\\/de\\\/produkte\\\/folien-zum-schutz\\\/stretchfolien\\\/pexy\\\/#breadcrumb\"},\"inLanguage\":\"de\",\"potentialAction\":[{\"@type\":\"ReadAction\",\"target\":[\"https:\\\/\\\/www.gruppofabbri.com\\\/de\\\/produkte\\\/folien-zum-schutz\\\/stretchfolien\\\/pexy\\\/\"]}]},{\"@type\":\"BreadcrumbList\",\"@id\":\"https:\\\/\\\/www.gruppofabbri.com\\\/de\\\/produkte\\\/folien-zum-schutz\\\/stretchfolien\\\/pexy\\\/#breadcrumb\",\"itemListElement\":[]},{\"@type\":\"WebSite\",\"@id\":\"https:\\\/\\\/www.gruppofabbri.com\\\/de\\\/#website\",\"url\":\"https:\\\/\\\/www.gruppofabbri.com\\\/de\\\/\",\"name\":\"Gruppo Fabbri | Official WebSite\",\"description\":\"Macchine e Film per l&#039;imballaggio e confezionamento alimentare\",\"potentialAction\":[{\"@type\":\"SearchAction\",\"target\":{\"@type\":\"EntryPoint\",\"urlTemplate\":\"https:\\\/\\\/www.gruppofabbri.com\\\/de\\\/?s={search_term_string}\"},\"query-input\":{\"@type\":\"PropertyValueSpecification\",\"valueRequired\":true,\"valueName\":\"search_term_string\"}}],\"inLanguage\":\"de\"}]}<\/script>\n<!-- \/ Yoast SEO plugin. -->","yoast_head_json":{"title":"Pexy - Gruppo Fabbri | Official WebSite","robots":{"index":"index","follow":"follow","max-snippet":"max-snippet:-1","max-image-preview":"max-image-preview:large","max-video-preview":"max-video-preview:-1"},"canonical":"https:\/\/www.gruppofabbri.com\/de\/produkte\/folien-zum-schutz\/stretchfolien\/pexy\/","og_locale":"de_DE","og_type":"article","og_title":"Pexy - Gruppo Fabbri | Official WebSite","og_description":"[vc_row type=&#8220;full_width_background&#8220; full_screen_row_position=&#8220;middle&#8220; column_margin=&#8220;90px&#8220; equal_height=&#8220;yes&#8220; content_placement=&#8220;middle&#8220; column_direction=&#8220;default&#8220; column_direction_tablet=&#8220;default&#8220; column_direction_phone=&#8220;default&#8220; bg_color=&#8220;#ffffff&#8220; scene_position=&#8220;center&#8220; top_padding=&#8220;2%&#8220; bottom_padding=&#8220;2%&#8220; top_padding_tablet=&#8220;8%&#8220; bottom_padding_tablet=&#8220;8%&#8220;...","og_url":"https:\/\/www.gruppofabbri.com\/de\/produkte\/folien-zum-schutz\/stretchfolien\/pexy\/","og_site_name":"Gruppo Fabbri | Official WebSite","article_modified_time":"2025-04-01T14:36:32+00:00","twitter_card":"summary_large_image","twitter_misc":{"Gesch\u00e4tzte Lesezeit":"10\u00a0Minuten"},"schema":{"@context":"https:\/\/schema.org","@graph":[{"@type":"WebPage","@id":"https:\/\/www.gruppofabbri.com\/de\/produkte\/folien-zum-schutz\/stretchfolien\/pexy\/","url":"https:\/\/www.gruppofabbri.com\/de\/produkte\/folien-zum-schutz\/stretchfolien\/pexy\/","name":"Pexy - Gruppo Fabbri | Official WebSite","isPartOf":{"@id":"https:\/\/www.gruppofabbri.com\/de\/#website"},"datePublished":"2021-02-01T20:35:28+00:00","dateModified":"2025-04-01T14:36:32+00:00","breadcrumb":{"@id":"https:\/\/www.gruppofabbri.com\/de\/produkte\/folien-zum-schutz\/stretchfolien\/pexy\/#breadcrumb"},"inLanguage":"de","potentialAction":[{"@type":"ReadAction","target":["https:\/\/www.gruppofabbri.com\/de\/produkte\/folien-zum-schutz\/stretchfolien\/pexy\/"]}]},{"@type":"BreadcrumbList","@id":"https:\/\/www.gruppofabbri.com\/de\/produkte\/folien-zum-schutz\/stretchfolien\/pexy\/#breadcrumb","itemListElement":[]},{"@type":"WebSite","@id":"https:\/\/www.gruppofabbri.com\/de\/#website","url":"https:\/\/www.gruppofabbri.com\/de\/","name":"Gruppo Fabbri | Official WebSite","description":"Macchine e Film per l&#039;imballaggio e confezionamento alimentare","potentialAction":[{"@type":"SearchAction","target":{"@type":"EntryPoint","urlTemplate":"https:\/\/www.gruppofabbri.com\/de\/?s={search_term_string}"},"query-input":{"@type":"PropertyValueSpecification","valueRequired":true,"valueName":"search_term_string"}}],"inLanguage":"de"}]}},"_links":{"self":[{"href":"https:\/\/www.gruppofabbri.com\/de\/wp-json\/wp\/v2\/pages\/20173","targetHints":{"allow":["GET"]}}],"collection":[{"href":"https:\/\/www.gruppofabbri.com\/de\/wp-json\/wp\/v2\/pages"}],"about":[{"href":"https:\/\/www.gruppofabbri.com\/de\/wp-json\/wp\/v2\/types\/page"}],"author":[{"embeddable":true,"href":"https:\/\/www.gruppofabbri.com\/de\/wp-json\/wp\/v2\/users\/1"}],"replies":[{"embeddable":true,"href":"https:\/\/www.gruppofabbri.com\/de\/wp-json\/wp\/v2\/comments?post=20173"}],"version-history":[{"count":7,"href":"https:\/\/www.gruppofabbri.com\/de\/wp-json\/wp\/v2\/pages\/20173\/revisions"}],"predecessor-version":[{"id":29737,"href":"https:\/\/www.gruppofabbri.com\/de\/wp-json\/wp\/v2\/pages\/20173\/revisions\/29737"}],"up":[{"embeddable":true,"href":"https:\/\/www.gruppofabbri.com\/de\/wp-json\/wp\/v2\/pages\/12609"}],"wp:attachment":[{"href":"https:\/\/www.gruppofabbri.com\/de\/wp-json\/wp\/v2\/media?parent=20173"}],"curies":[{"name":"wp","href":"https:\/\/api.w.org\/{rel}","templated":true}]}}