{"id":19162,"date":"2021-07-15T15:44:22","date_gmt":"2021-07-15T13:44:22","guid":{"rendered":"https:\/\/www.gruppofabbri.com\/produkte\/verpackungsmaschinen\/halbautomatische-traysealer\/mts-mtp\/"},"modified":"2025-08-29T09:52:53","modified_gmt":"2025-08-29T07:52:53","slug":"mts-mtp","status":"publish","type":"page","link":"https:\/\/www.gruppofabbri.com\/de\/produkte\/verpackungsmaschinen\/halbautomatische-traysealer\/mts-mtp\/","title":{"rendered":"MTS MTP"},"content":{"rendered":"[vc_row type=&#8220;full_width_background&#8220; full_screen_row_position=&#8220;middle&#8220; column_margin=&#8220;90px&#8220; equal_height=&#8220;yes&#8220; content_placement=&#8220;middle&#8220; column_direction=&#8220;default&#8220; column_direction_tablet=&#8220;default&#8220; column_direction_phone=&#8220;default&#8220; bg_color=&#8220;#ffffff&#8220; scene_position=&#8220;center&#8220; top_padding=&#8220;2%&#8220; bottom_padding=&#8220;2%&#8220; top_padding_tablet=&#8220;8%&#8220; bottom_padding_tablet=&#8220;8%&#8220; text_color=&#8220;dark&#8220; text_align=&#8220;left&#8220; row_border_radius=&#8220;none&#8220; row_border_radius_applies=&#8220;bg&#8220; id=&#8220;home&#8220; overlay_strength=&#8220;0.5&#8243; gradient_direction=&#8220;top_to_bottom&#8220; shape_divider_position=&#8220;bottom&#8220; bg_image_animation=&#8220;none&#8220; shape_type=&#8220;straight_section&#8220;][vc_column column_padding=&#8220;padding-2-percent&#8220; column_padding_tablet=&#8220;no-extra-padding&#8220; column_padding_phone=&#8220;no-extra-padding&#8220; column_padding_position=&#8220;right&#8220; background_color_opacity=&#8220;1&#8243; background_hover_color_opacity=&#8220;1&#8243; column_shadow=&#8220;none&#8220; column_border_radius=&#8220;none&#8220; column_link_target=&#8220;_self&#8220; zindex=&#8220;100&#8243; gradient_direction=&#8220;left_t_to_right_b&#8220; overlay_strength=&#8220;0.3&#8243; width=&#8220;3\/5&#8243; tablet_width_inherit=&#8220;default&#8220; tablet_text_alignment=&#8220;default&#8220; phone_text_alignment=&#8220;default&#8220; column_border_width=&#8220;none&#8220; column_border_style=&#8220;solid&#8220; bg_image_animation=&#8220;none&#8220; offset=&#8220;vc_col-xs-12&#8243;][vc_row_inner column_margin=&#8220;default&#8220; column_direction=&#8220;default&#8220; column_direction_tablet=&#8220;default&#8220; column_direction_phone=&#8220;default&#8220; text_align=&#8220;left&#8220; min_width=&#8220;47vh&#8220;][vc_column_inner column_padding=&#8220;no-extra-padding&#8220; column_padding_tablet=&#8220;inherit&#8220; column_padding_phone=&#8220;inherit&#8220; column_padding_position=&#8220;all&#8220; background_color_opacity=&#8220;1&#8243; background_hover_color_opacity=&#8220;1&#8243; column_shadow=&#8220;none&#8220; column_border_radius=&#8220;none&#8220; column_link_target=&#8220;_self&#8220; el_class=&#8220;product-column-first-section&#8220; gradient_direction=&#8220;left_to_right&#8220; overlay_strength=&#8220;0.3&#8243; width=&#8220;1\/1&#8243; tablet_width_inherit=&#8220;default&#8220; column_border_width=&#8220;none&#8220; column_border_style=&#8220;solid&#8220; enable_border_animation=&#8220;true&#8220; bg_image_animation=&#8220;none&#8220; enable_animation=&#8220;true&#8220; animation=&#8220;fade-in-from-bottom&#8220;][nectar_animated_title heading_tag=&#8220;h1&#8243; style=&#8220;hinge-drop&#8220; color=&#8220;Accent-Color&#8220; text=&#8220;MTS\/MTP&#8220;][vc_column_text css=&#8220;.vc_custom_1633595396494{margin-top: 30px !important;}&#8220; el_class=&#8220;wrap_icon_product&#8220;]\n\n\t\t<style type=\"text\/css\">\n\t\t\t#gallery-1 {\n\t\t\t\tmargin: auto;\n\t\t\t}\n\t\t\t#gallery-1 .gallery-item {\n\t\t\t\tfloat: left;\n\t\t\t\tmargin-top: 10px;\n\t\t\t\ttext-align: center;\n\t\t\t\twidth: 25%;\n\t\t\t}\n\t\t\t#gallery-1 img {\n\t\t\t\tborder: 2px solid #cfcfcf;\n\t\t\t}\n\t\t\t#gallery-1 .gallery-caption {\n\t\t\t\tmargin-left: 0;\n\t\t\t}\n\t\t\t\/* see gallery_shortcode() in wp-includes\/media.php *\/\n\t\t<\/style>\n\t\t<div id='gallery-1' class='gallery galleryid-19162 gallery-columns-4 gallery-size-thumbnail'><dl class='gallery-item'>\n\t\t\t<dt class='gallery-icon landscape'>\n\t\t\t\t<img decoding=\"async\" width=\"150\" height=\"150\" data-src=\"https:\/\/www.gruppofabbri.com\/wp-content\/uploads\/2021\/10\/icon_seal-150x150.png\" class=\"attachment-thumbnail size-thumbnail lazyload\" alt=\"\" data-srcset=\"https:\/\/www.gruppofabbri.com\/wp-content\/uploads\/2021\/10\/icon_seal-150x150.png 150w, https:\/\/www.gruppofabbri.com\/wp-content\/uploads\/2021\/10\/icon_seal-100x100.png 100w, https:\/\/www.gruppofabbri.com\/wp-content\/uploads\/2021\/10\/icon_seal-140x140.png 140w, https:\/\/www.gruppofabbri.com\/wp-content\/uploads\/2021\/10\/icon_seal-500x500.png 500w, https:\/\/www.gruppofabbri.com\/wp-content\/uploads\/2021\/10\/icon_seal-350x350.png 350w, https:\/\/www.gruppofabbri.com\/wp-content\/uploads\/2021\/10\/icon_seal-800x800.png 800w\" data-sizes=\"(max-width: 150px) 100vw, 150px\" src=\"data:image\/svg+xml;base64,PHN2ZyB3aWR0aD0iMSIgaGVpZ2h0PSIxIiB4bWxucz0iaHR0cDovL3d3dy53My5vcmcvMjAwMC9zdmciPjwvc3ZnPg==\" style=\"--smush-placeholder-width: 150px; --smush-placeholder-aspect-ratio: 150\/150;\" \/>\n\t\t\t<\/dt><\/dl>\n\t\t\t<br style='clear: both' \/>\n\t\t<\/div>\n\n[\/vc_column_text][vc_column_text css=&#8220;.vc_custom_1752048430643{margin-top: 30px !important;}&#8220;]\n<h3><\/h3>\n<h3><strong>Modell au\u00dferhalb des Katalogs &gt; Klicken Sie hier und entdecken Sie unsere <a href=\"https:\/\/www.gruppofabbri.com\/de\/produkte\/verpackungsmaschinen\/halbautomatische-traysealer\/\">Halbautomatische\u00a0Traysealer<\/a><\/strong><\/h3>\n<p>&nbsp;<\/p>\n<p>MTS\/MTP ist die halbautomatische Hei\u00dfsiegelmaschine der Marke CAVECO, ideal zum Verschwei\u00dfen von Schalen aus Kunststoff, Aluminium oder Karton, mit vorgeformtem Deckel oder von der Rolle, ohne dass Ausschuss entsteht.<\/p>\n<p>Die Anwendung ist sehr einfach: Der Bediener legt die Schalen in den daf\u00fcr vorgesehenen Wagen, f\u00e4hrt ihn unter die Form und wartet, bis die Thermoverschwei\u00dfung stattfindet. Er kann dann den Wagen herausziehen und die Packungen entnehmen.[\/vc_column_text][\/vc_column_inner][\/vc_row_inner][\/vc_column][vc_column column_padding=&#8220;no-extra-padding&#8220; column_padding_tablet=&#8220;inherit&#8220; column_padding_phone=&#8220;inherit&#8220; column_padding_position=&#8220;all&#8220; background_color_opacity=&#8220;1&#8243; background_hover_color_opacity=&#8220;1&#8243; column_shadow=&#8220;none&#8220; column_border_radius=&#8220;none&#8220; column_link_target=&#8220;_self&#8220; gradient_direction=&#8220;left_to_right&#8220; overlay_strength=&#8220;0.5&#8243; width=&#8220;2\/5&#8243; tablet_width_inherit=&#8220;default&#8220; tablet_text_alignment=&#8220;default&#8220; phone_text_alignment=&#8220;default&#8220; column_border_width=&#8220;none&#8220; column_border_style=&#8220;solid&#8220; bg_image_animation=&#8220;none&#8220; offset=&#8220;vc_col-xs-12&#8243;][vc_row_inner column_margin=&#8220;default&#8220; column_direction=&#8220;default&#8220; column_direction_tablet=&#8220;default&#8220; column_direction_phone=&#8220;default&#8220; text_align=&#8220;left&#8220; min_width_desktop=&#8220;43vw&#8220; min_width_tablet=&#8220;50vw&#8220; min_width_phone=&#8220;50vw&#8220;][vc_column_inner column_padding=&#8220;no-extra-padding&#8220; column_padding_tablet=&#8220;inherit&#8220; column_padding_phone=&#8220;inherit&#8220; column_padding_position=&#8220;all&#8220; background_color_opacity=&#8220;1&#8243; background_hover_color_opacity=&#8220;1&#8243; background_image=&#8220;13880&#8243; background_image_position=&#8220;center center&#8220; enable_bg_scale=&#8220;true&#8220; column_shadow=&#8220;none&#8220; column_border_radius=&#8220;none&#8220; column_link_target=&#8220;_self&#8220; gradient_direction=&#8220;left_to_right&#8220; overlay_strength=&#8220;0.5&#8243; width=&#8220;1\/1&#8243; tablet_width_inherit=&#8220;default&#8220; column_border_width=&#8220;none&#8220; column_border_style=&#8220;solid&#8220; bg_image_animation=&#8220;ro-reveal-from-right&#8220;][divider line_type=&#8220;No Line&#8220; custom_height=&#8220;80vh&#8220; custom_height_tablet=&#8220;40vh&#8220; custom_height_phone=&#8220;300px&#8220;][\/vc_column_inner][\/vc_row_inner][\/vc_column][\/vc_row][vc_row type=&#8220;full_width_background&#8220; full_screen_row_position=&#8220;middle&#8220; column_margin=&#8220;default&#8220; column_direction=&#8220;default&#8220; column_direction_tablet=&#8220;default&#8220; column_direction_phone=&#8220;default&#8220; bg_color=&#8220;#ffffff&#8220; scene_position=&#8220;center&#8220; top_padding=&#8220;40&#8243; text_color=&#8220;dark&#8220; text_align=&#8220;left&#8220; row_border_radius=&#8220;none&#8220; row_border_radius_applies=&#8220;bg&#8220; class=&#8220;row_all_pelid_grid&#8220; overlay_strength=&#8220;0.3&#8243; gradient_direction=&#8220;left_to_right&#8220; shape_divider_position=&#8220;bottom&#8220; bg_image_animation=&#8220;none&#8220; shape_type=&#8220;&#8220;][vc_column column_padding=&#8220;padding-1-percent&#8220; column_padding_tablet=&#8220;inherit&#8220; column_padding_phone=&#8220;inherit&#8220; column_padding_position=&#8220;all&#8220; background_color_opacity=&#8220;1&#8243; background_hover_color_opacity=&#8220;1&#8243; column_shadow=&#8220;none&#8220; column_border_radius=&#8220;none&#8220; column_link_target=&#8220;_self&#8220; gradient_direction=&#8220;left_to_right&#8220; overlay_strength=&#8220;0.3&#8243; width=&#8220;1\/1&#8243; tablet_width_inherit=&#8220;default&#8220; tablet_text_alignment=&#8220;default&#8220; phone_text_alignment=&#8220;default&#8220; column_border_width=&#8220;none&#8220; column_border_style=&#8220;solid&#8220; bg_image_animation=&#8220;none&#8220;][vc_column_text]\n<p style=\"text-align: center;\">Probieren Sie die Barriere- und Hochbarrierefolien der Gruppo Fabbri:<\/p>\n[\/vc_column_text][vc_row_inner column_margin=&#8220;default&#8220; column_direction=&#8220;default&#8220; column_direction_tablet=&#8220;default&#8220; column_direction_phone=&#8220;default&#8220; text_align=&#8220;left&#8220;][vc_column_inner column_padding=&#8220;padding-1-percent&#8220; column_padding_tablet=&#8220;inherit&#8220; column_padding_phone=&#8220;inherit&#8220; column_padding_position=&#8220;all&#8220; background_color_opacity=&#8220;1&#8243; background_hover_color_opacity=&#8220;1&#8243; column_shadow=&#8220;none&#8220; column_border_radius=&#8220;none&#8220; column_link_target=&#8220;_self&#8220; gradient_direction=&#8220;left_to_right&#8220; overlay_strength=&#8220;0.3&#8243; width=&#8220;1\/3&#8243; tablet_width_inherit=&#8220;default&#8220; column_border_width=&#8220;none&#8220; column_border_style=&#8220;solid&#8220; bg_image_animation=&#8220;none&#8220;][fancy_box box_style=&#8220;default&#8220; icon_family=&#8220;none&#8220; image_url=&#8220;14532&#8243; color=&#8220;accent-color&#8220; border_radius=&#8220;default&#8220; image_loading=&#8220;default&#8220; min_height=&#8220;100&#8243; link_url=&#8220;\/de\/prodotti\/film-e-pellicole\/film-barriera\/pelid-22\/&#8220;]\n<h3><b>Pelid 22<\/b><\/h3>\n<div class=\"wrap_description_box\">PELid 22 ist eine co-extrudierte, einseitig gesiegelte Barrierefolie aus PE oder PP mit geringer Dicke f\u00fcr die Verpackung von Produkten in einer Schutzatmosph\u00e4re (Fleisch, Fisch, K\u00e4se, Fertiggerichte, Obst, Gem\u00fcse usw.).<\/div>\n[\/fancy_box][\/vc_column_inner][vc_column_inner column_padding=&#8220;padding-1-percent&#8220; column_padding_tablet=&#8220;inherit&#8220; column_padding_phone=&#8220;inherit&#8220; column_padding_position=&#8220;all&#8220; background_color_opacity=&#8220;1&#8243; background_hover_color_opacity=&#8220;1&#8243; column_shadow=&#8220;none&#8220; column_border_radius=&#8220;none&#8220; column_link_target=&#8220;_self&#8220; gradient_direction=&#8220;left_to_right&#8220; overlay_strength=&#8220;0.3&#8243; width=&#8220;1\/3&#8243; tablet_width_inherit=&#8220;default&#8220; column_border_width=&#8220;none&#8220; column_border_style=&#8220;solid&#8220; bg_image_animation=&#8220;none&#8220;][fancy_box box_style=&#8220;default&#8220; icon_family=&#8220;none&#8220; image_url=&#8220;14540&#8243; color=&#8220;accent-color&#8220; border_radius=&#8220;default&#8220; image_loading=&#8220;default&#8220; min_height=&#8220;100&#8243; link_url=&#8220;\/de\/prodotti\/film-e-pellicole\/film-barriera\/pelid-37\/&#8220;]\n<h3><b>Pelid 37<\/b><\/h3>\n<div class=\"wrap_description_box\">PELid 37 ist die co-extrudierte, einfach gefaltete Barrierefolie mit PE- oder PP-Siegel f\u00fcr Lebensmittelverpackungen in Schutzatmosph\u00e4re, auch geeignet f\u00fcr den Einsatz auf Tiefziehmaschinen (oben).<\/div>\n[\/fancy_box][\/vc_column_inner][vc_column_inner column_padding=&#8220;padding-1-percent&#8220; column_padding_tablet=&#8220;inherit&#8220; column_padding_phone=&#8220;inherit&#8220; column_padding_position=&#8220;all&#8220; background_color_opacity=&#8220;1&#8243; background_hover_color_opacity=&#8220;1&#8243; column_shadow=&#8220;none&#8220; column_border_radius=&#8220;none&#8220; column_link_target=&#8220;_self&#8220; gradient_direction=&#8220;left_to_right&#8220; overlay_strength=&#8220;0.3&#8243; width=&#8220;1\/3&#8243; tablet_width_inherit=&#8220;default&#8220; column_border_width=&#8220;none&#8220; column_border_style=&#8220;solid&#8220; bg_image_animation=&#8220;none&#8220;][fancy_box box_style=&#8220;default&#8220; icon_family=&#8220;none&#8220; image_url=&#8220;14548&#8243; color=&#8220;accent-color&#8220; border_radius=&#8220;default&#8220; image_loading=&#8220;default&#8220; min_height=&#8220;100&#8243; link_url=&#8220;\/de\/prodotti\/film-e-pellicole\/film-barriera\/pelid-45\/&#8220;]\n<h3><b>PELid 45<\/b><\/h3>\n<div class=\"wrap_description_box\">PELid 45 ist die coextrudierte, siegelf\u00e4hige PE-Barrierefolie, die sich ideal f\u00fcr die Verpackung von Produkten unter Schutzatmosph\u00e4re eignet, wie z.B. rotes Fleisch, wei\u00dfes Fleisch, Wurst, Fisch, K\u00e4se, frische Pasta, Fertiggerichte, Obst und Gem\u00fcse.<\/div>\n[\/fancy_box][\/vc_column_inner][\/vc_row_inner][\/vc_column][\/vc_row][vc_row type=&#8220;in_container&#8220; full_screen_row_position=&#8220;middle&#8220; column_margin=&#8220;default&#8220; column_direction=&#8220;default&#8220; column_direction_tablet=&#8220;default&#8220; column_direction_phone=&#8220;default&#8220; scene_position=&#8220;center&#8220; text_color=&#8220;dark&#8220; text_align=&#8220;left&#8220; row_border_radius=&#8220;none&#8220; row_border_radius_applies=&#8220;bg&#8220; overlay_strength=&#8220;0.3&#8243; gradient_direction=&#8220;left_to_right&#8220; shape_divider_position=&#8220;bottom&#8220; bg_image_animation=&#8220;none&#8220; shape_type=&#8220;&#8220;][vc_column column_padding=&#8220;no-extra-padding&#8220; column_padding_tablet=&#8220;inherit&#8220; column_padding_phone=&#8220;inherit&#8220; column_padding_position=&#8220;all&#8220; background_color_opacity=&#8220;1&#8243; background_hover_color_opacity=&#8220;1&#8243; column_shadow=&#8220;none&#8220; column_border_radius=&#8220;none&#8220; column_link_target=&#8220;_self&#8220; gradient_direction=&#8220;left_to_right&#8220; overlay_strength=&#8220;0.3&#8243; width=&#8220;1\/1&#8243; tablet_width_inherit=&#8220;default&#8220; tablet_text_alignment=&#8220;default&#8220; phone_text_alignment=&#8220;default&#8220; column_border_width=&#8220;none&#8220; column_border_style=&#8220;solid&#8220; bg_image_animation=&#8220;none&#8220;][vc_gallery type=&#8220;flickity_style&#8220; images=&#8220;14695,13027,13638&#8243; flickity_spacing=&#8220;default&#8220; flickity_controls=&#8220;material_pagination&#8220; flickity_overflow=&#8220;hidden&#8220; flickity_wrap_around=&#8220;wrap&#8220; flickity_desktop_columns=&#8220;1&#8243; flickity_small_desktop_columns=&#8220;1&#8243; flickity_tablet_columns=&#8220;1&#8243; flickity_box_shadow=&#8220;none&#8220; image_loading=&#8220;default&#8220; onclick=&#8220;link_no&#8220; img_size=&#8220;full&#8220;][\/vc_column][\/vc_row]\n","protected":false},"excerpt":{"rendered":"<p>[vc_row type=&#8220;full_width_background&#8220; full_screen_row_position=&#8220;middle&#8220; column_margin=&#8220;90px&#8220; equal_height=&#8220;yes&#8220; content_placement=&#8220;middle&#8220; column_direction=&#8220;default&#8220; column_direction_tablet=&#8220;default&#8220; column_direction_phone=&#8220;default&#8220; bg_color=&#8220;#ffffff&#8220; scene_position=&#8220;center&#8220; top_padding=&#8220;2%&#8220; bottom_padding=&#8220;2%&#8220; top_padding_tablet=&#8220;8%&#8220; bottom_padding_tablet=&#8220;8%&#8220;&#8230;<\/p>\n","protected":false},"author":1,"featured_media":0,"parent":12710,"menu_order":0,"comment_status":"closed","ping_status":"closed","template":"","meta":{"footnotes":""},"class_list":["post-19162","page","type-page","status-publish"],"yoast_head":"<!-- This site is optimized with the Yoast SEO plugin v27.3 - https:\/\/yoast.com\/product\/yoast-seo-wordpress\/ -->\n<title>Halbautomatischer Kompaktsiegler f\u00fcr Skin Pack<\/title>\n<meta name=\"description\" content=\"MTS\/MTP ist kompakt, vielseitig und garantiert eine abfallfreie Produktion.\" \/>\n<meta name=\"robots\" content=\"index, follow, max-snippet:-1, max-image-preview:large, max-video-preview:-1\" \/>\n<link rel=\"canonical\" href=\"https:\/\/www.gruppofabbri.com\/de\/produkte\/verpackungsmaschinen\/halbautomatische-traysealer\/mts-mtp\/\" \/>\n<meta property=\"og:locale\" content=\"de_DE\" \/>\n<meta property=\"og:type\" content=\"article\" \/>\n<meta property=\"og:title\" content=\"Halbautomatischer Kompaktsiegler f\u00fcr Skin Pack\" \/>\n<meta property=\"og:description\" content=\"MTS\/MTP ist kompakt, vielseitig und garantiert eine abfallfreie Produktion.\" \/>\n<meta property=\"og:url\" content=\"https:\/\/www.gruppofabbri.com\/de\/produkte\/verpackungsmaschinen\/halbautomatische-traysealer\/mts-mtp\/\" \/>\n<meta property=\"og:site_name\" content=\"Gruppo Fabbri | Official WebSite\" \/>\n<meta property=\"article:modified_time\" content=\"2025-08-29T07:52:53+00:00\" \/>\n<meta name=\"twitter:card\" content=\"summary_large_image\" \/>\n<meta name=\"twitter:label1\" content=\"Gesch\u00e4tzte Lesezeit\" \/>\n\t<meta name=\"twitter:data1\" content=\"3\u00a0Minuten\" \/>\n<script type=\"application\/ld+json\" class=\"yoast-schema-graph\">{\"@context\":\"https:\\\/\\\/schema.org\",\"@graph\":[{\"@type\":\"WebPage\",\"@id\":\"https:\\\/\\\/www.gruppofabbri.com\\\/de\\\/produkte\\\/verpackungsmaschinen\\\/halbautomatische-traysealer\\\/mts-mtp\\\/\",\"url\":\"https:\\\/\\\/www.gruppofabbri.com\\\/de\\\/produkte\\\/verpackungsmaschinen\\\/halbautomatische-traysealer\\\/mts-mtp\\\/\",\"name\":\"Halbautomatischer Kompaktsiegler f\u00fcr Skin Pack\",\"isPartOf\":{\"@id\":\"https:\\\/\\\/www.gruppofabbri.com\\\/de\\\/#website\"},\"datePublished\":\"2021-07-15T13:44:22+00:00\",\"dateModified\":\"2025-08-29T07:52:53+00:00\",\"description\":\"MTS\\\/MTP ist kompakt, vielseitig und garantiert eine abfallfreie Produktion.\",\"breadcrumb\":{\"@id\":\"https:\\\/\\\/www.gruppofabbri.com\\\/de\\\/produkte\\\/verpackungsmaschinen\\\/halbautomatische-traysealer\\\/mts-mtp\\\/#breadcrumb\"},\"inLanguage\":\"de\",\"potentialAction\":[{\"@type\":\"ReadAction\",\"target\":[\"https:\\\/\\\/www.gruppofabbri.com\\\/de\\\/produkte\\\/verpackungsmaschinen\\\/halbautomatische-traysealer\\\/mts-mtp\\\/\"]}]},{\"@type\":\"BreadcrumbList\",\"@id\":\"https:\\\/\\\/www.gruppofabbri.com\\\/de\\\/produkte\\\/verpackungsmaschinen\\\/halbautomatische-traysealer\\\/mts-mtp\\\/#breadcrumb\",\"itemListElement\":[]},{\"@type\":\"WebSite\",\"@id\":\"https:\\\/\\\/www.gruppofabbri.com\\\/de\\\/#website\",\"url\":\"https:\\\/\\\/www.gruppofabbri.com\\\/de\\\/\",\"name\":\"Gruppo Fabbri | Official WebSite\",\"description\":\"Macchine e Film per l&#039;imballaggio e confezionamento alimentare\",\"potentialAction\":[{\"@type\":\"SearchAction\",\"target\":{\"@type\":\"EntryPoint\",\"urlTemplate\":\"https:\\\/\\\/www.gruppofabbri.com\\\/de\\\/?s={search_term_string}\"},\"query-input\":{\"@type\":\"PropertyValueSpecification\",\"valueRequired\":true,\"valueName\":\"search_term_string\"}}],\"inLanguage\":\"de\"}]}<\/script>\n<!-- \/ Yoast SEO plugin. -->","yoast_head_json":{"title":"Halbautomatischer Kompaktsiegler f\u00fcr Skin Pack","description":"MTS\/MTP ist kompakt, vielseitig und garantiert eine abfallfreie Produktion.","robots":{"index":"index","follow":"follow","max-snippet":"max-snippet:-1","max-image-preview":"max-image-preview:large","max-video-preview":"max-video-preview:-1"},"canonical":"https:\/\/www.gruppofabbri.com\/de\/produkte\/verpackungsmaschinen\/halbautomatische-traysealer\/mts-mtp\/","og_locale":"de_DE","og_type":"article","og_title":"Halbautomatischer Kompaktsiegler f\u00fcr Skin Pack","og_description":"MTS\/MTP ist kompakt, vielseitig und garantiert eine abfallfreie Produktion.","og_url":"https:\/\/www.gruppofabbri.com\/de\/produkte\/verpackungsmaschinen\/halbautomatische-traysealer\/mts-mtp\/","og_site_name":"Gruppo Fabbri | Official WebSite","article_modified_time":"2025-08-29T07:52:53+00:00","twitter_card":"summary_large_image","twitter_misc":{"Gesch\u00e4tzte Lesezeit":"3\u00a0Minuten"},"schema":{"@context":"https:\/\/schema.org","@graph":[{"@type":"WebPage","@id":"https:\/\/www.gruppofabbri.com\/de\/produkte\/verpackungsmaschinen\/halbautomatische-traysealer\/mts-mtp\/","url":"https:\/\/www.gruppofabbri.com\/de\/produkte\/verpackungsmaschinen\/halbautomatische-traysealer\/mts-mtp\/","name":"Halbautomatischer Kompaktsiegler f\u00fcr Skin Pack","isPartOf":{"@id":"https:\/\/www.gruppofabbri.com\/de\/#website"},"datePublished":"2021-07-15T13:44:22+00:00","dateModified":"2025-08-29T07:52:53+00:00","description":"MTS\/MTP ist kompakt, vielseitig und garantiert eine abfallfreie Produktion.","breadcrumb":{"@id":"https:\/\/www.gruppofabbri.com\/de\/produkte\/verpackungsmaschinen\/halbautomatische-traysealer\/mts-mtp\/#breadcrumb"},"inLanguage":"de","potentialAction":[{"@type":"ReadAction","target":["https:\/\/www.gruppofabbri.com\/de\/produkte\/verpackungsmaschinen\/halbautomatische-traysealer\/mts-mtp\/"]}]},{"@type":"BreadcrumbList","@id":"https:\/\/www.gruppofabbri.com\/de\/produkte\/verpackungsmaschinen\/halbautomatische-traysealer\/mts-mtp\/#breadcrumb","itemListElement":[]},{"@type":"WebSite","@id":"https:\/\/www.gruppofabbri.com\/de\/#website","url":"https:\/\/www.gruppofabbri.com\/de\/","name":"Gruppo Fabbri | Official WebSite","description":"Macchine e Film per l&#039;imballaggio e confezionamento alimentare","potentialAction":[{"@type":"SearchAction","target":{"@type":"EntryPoint","urlTemplate":"https:\/\/www.gruppofabbri.com\/de\/?s={search_term_string}"},"query-input":{"@type":"PropertyValueSpecification","valueRequired":true,"valueName":"search_term_string"}}],"inLanguage":"de"}]}},"_links":{"self":[{"href":"https:\/\/www.gruppofabbri.com\/de\/wp-json\/wp\/v2\/pages\/19162","targetHints":{"allow":["GET"]}}],"collection":[{"href":"https:\/\/www.gruppofabbri.com\/de\/wp-json\/wp\/v2\/pages"}],"about":[{"href":"https:\/\/www.gruppofabbri.com\/de\/wp-json\/wp\/v2\/types\/page"}],"author":[{"embeddable":true,"href":"https:\/\/www.gruppofabbri.com\/de\/wp-json\/wp\/v2\/users\/1"}],"replies":[{"embeddable":true,"href":"https:\/\/www.gruppofabbri.com\/de\/wp-json\/wp\/v2\/comments?post=19162"}],"version-history":[{"count":5,"href":"https:\/\/www.gruppofabbri.com\/de\/wp-json\/wp\/v2\/pages\/19162\/revisions"}],"predecessor-version":[{"id":30421,"href":"https:\/\/www.gruppofabbri.com\/de\/wp-json\/wp\/v2\/pages\/19162\/revisions\/30421"}],"up":[{"embeddable":true,"href":"https:\/\/www.gruppofabbri.com\/de\/wp-json\/wp\/v2\/pages\/12710"}],"wp:attachment":[{"href":"https:\/\/www.gruppofabbri.com\/de\/wp-json\/wp\/v2\/media?parent=19162"}],"curies":[{"name":"wp","href":"https:\/\/api.w.org\/{rel}","templated":true}]}}