{"id":19121,"date":"2021-06-28T10:11:10","date_gmt":"2021-06-28T08:11:10","guid":{"rendered":"https:\/\/www.gruppofabbri.com\/produkte\/verpackungsmaschinen\/komplette-linien\/linee-pizze-e-focacce\/"},"modified":"2026-03-16T14:21:31","modified_gmt":"2026-03-16T13:21:31","slug":"pizza-und-focaccia-linien","status":"publish","type":"page","link":"https:\/\/www.gruppofabbri.com\/de\/produkte\/verpackungsmaschinen\/komplette-linien\/pizza-und-focaccia-linien\/","title":{"rendered":"Pizza- und Focaccia-Linien"},"content":{"rendered":"[vc_row type=&#8220;full_width_background&#8220; full_screen_row_position=&#8220;middle&#8220; column_margin=&#8220;90px&#8220; equal_height=&#8220;yes&#8220; content_placement=&#8220;middle&#8220; column_direction=&#8220;default&#8220; column_direction_tablet=&#8220;default&#8220; column_direction_phone=&#8220;default&#8220; bg_color=&#8220;#ffffff&#8220; scene_position=&#8220;center&#8220; constrain_group_1=&#8220;yes&#8220; top_padding_tablet=&#8220;8%&#8220; bottom_padding_tablet=&#8220;8%&#8220; text_color=&#8220;dark&#8220; text_align=&#8220;left&#8220; row_border_radius=&#8220;none&#8220; row_border_radius_applies=&#8220;bg&#8220; id=&#8220;home&#8220; overlay_strength=&#8220;0.5&#8243; gradient_direction=&#8220;top_to_bottom&#8220; shape_divider_position=&#8220;bottom&#8220; bg_image_animation=&#8220;none&#8220; shape_type=&#8220;straight_section&#8220;][vc_column column_padding=&#8220;padding-2-percent&#8220; column_padding_tablet=&#8220;no-extra-padding&#8220; column_padding_phone=&#8220;no-extra-padding&#8220; column_padding_position=&#8220;right&#8220; background_color_opacity=&#8220;1&#8243; background_hover_color_opacity=&#8220;1&#8243; column_shadow=&#8220;none&#8220; column_border_radius=&#8220;none&#8220; column_link_target=&#8220;_self&#8220; zindex=&#8220;100&#8243; gradient_direction=&#8220;left_t_to_right_b&#8220; overlay_strength=&#8220;0.3&#8243; width=&#8220;3\/5&#8243; tablet_width_inherit=&#8220;default&#8220; tablet_text_alignment=&#8220;default&#8220; phone_text_alignment=&#8220;default&#8220; column_border_width=&#8220;none&#8220; column_border_style=&#8220;solid&#8220; bg_image_animation=&#8220;none&#8220; offset=&#8220;vc_col-xs-12&#8243;][vc_row_inner column_margin=&#8220;default&#8220; column_direction=&#8220;default&#8220; column_direction_tablet=&#8220;default&#8220; column_direction_phone=&#8220;default&#8220; text_align=&#8220;left&#8220; min_width=&#8220;47vh&#8220;][vc_column_inner column_padding=&#8220;no-extra-padding&#8220; column_padding_tablet=&#8220;inherit&#8220; column_padding_phone=&#8220;inherit&#8220; column_padding_position=&#8220;all&#8220; background_color_opacity=&#8220;1&#8243; background_hover_color_opacity=&#8220;1&#8243; column_shadow=&#8220;none&#8220; column_border_radius=&#8220;none&#8220; column_link_target=&#8220;_self&#8220; gradient_direction=&#8220;left_to_right&#8220; overlay_strength=&#8220;0.3&#8243; width=&#8220;1\/1&#8243; tablet_width_inherit=&#8220;default&#8220; column_border_width=&#8220;none&#8220; column_border_style=&#8220;solid&#8220; enable_border_animation=&#8220;true&#8220; bg_image_animation=&#8220;none&#8220; enable_animation=&#8220;true&#8220; animation=&#8220;fade-in-from-bottom&#8220;][vc_custom_heading text=&#8220;Pizza- und Focaccia-Linien&#8220; font_container=&#8220;tag:h1|font_size:38px|text_align:left|line_height:44px&#8220; use_theme_fonts=&#8220;yes&#8220;][vc_column_text css=&#8220;.vc_custom_1648228100020{margin-top: 30px !important;}&#8220;]<span style=\"font-weight: 400;\">Unsere automatischen Linien f\u00fcr die Zubereitung und Verpackung von Pizzen und Focaccias k\u00f6nnen folgende Arbeitsg\u00e4nge durchf\u00fchren:<br \/>\n&#8211; Entstapeln von Schalen oder Beladen von Schalen in einer Linie<br \/>\n&#8211; Selbstzufuhr des Produkts in die Spender \u00fcber Vorratsbeh\u00e4lter<br \/>\n&#8211; Dosierung von \u00d6l oder Salzlake in Schalen und Schalen<br \/>\n&#8211; Dosierung von Tomaten in beiden Schalen und Schalen<br \/>\n&#8211; Dosierung von geriebenem K\u00e4se<br \/>\n&#8211; Dosierung von Weichk\u00e4se (z. B. Mozzarella)<br \/>\n&#8211; Dosierung von Gem\u00fcse oder Gew\u00fcrzen<br \/>\n&#8211; Pressen von Focaccia mit speziellen Systemen, als ob es von Hand gemacht w\u00fcrde <\/span>[\/vc_column_text][\/vc_column_inner][\/vc_row_inner][\/vc_column][vc_column column_padding=&#8220;no-extra-padding&#8220; column_padding_tablet=&#8220;inherit&#8220; column_padding_phone=&#8220;inherit&#8220; column_padding_position=&#8220;all&#8220; background_color_opacity=&#8220;1&#8243; background_hover_color_opacity=&#8220;1&#8243; column_shadow=&#8220;none&#8220; column_border_radius=&#8220;none&#8220; column_link_target=&#8220;_self&#8220; gradient_direction=&#8220;left_to_right&#8220; overlay_strength=&#8220;0.5&#8243; width=&#8220;2\/5&#8243; tablet_width_inherit=&#8220;default&#8220; tablet_text_alignment=&#8220;default&#8220; phone_text_alignment=&#8220;default&#8220; column_border_width=&#8220;none&#8220; column_border_style=&#8220;solid&#8220; bg_image_animation=&#8220;none&#8220; offset=&#8220;vc_col-xs-12&#8243;][vc_row_inner column_margin=&#8220;default&#8220; column_direction=&#8220;default&#8220; column_direction_tablet=&#8220;default&#8220; column_direction_phone=&#8220;default&#8220; text_align=&#8220;left&#8220; min_width_desktop=&#8220;43vw&#8220; min_width_tablet=&#8220;50vw&#8220; min_width_phone=&#8220;50vw&#8220;][vc_column_inner column_padding=&#8220;no-extra-padding&#8220; column_padding_tablet=&#8220;inherit&#8220; column_padding_phone=&#8220;inherit&#8220; column_padding_position=&#8220;all&#8220; background_color_opacity=&#8220;1&#8243; background_hover_color_opacity=&#8220;1&#8243; background_image=&#8220;7792&#8243; background_image_position=&#8220;center center&#8220; enable_bg_scale=&#8220;true&#8220; column_shadow=&#8220;none&#8220; column_border_radius=&#8220;none&#8220; column_link_target=&#8220;_self&#8220; gradient_direction=&#8220;left_to_right&#8220; overlay_strength=&#8220;0.5&#8243; width=&#8220;1\/1&#8243; tablet_width_inherit=&#8220;default&#8220; column_border_width=&#8220;none&#8220; column_border_style=&#8220;solid&#8220; bg_image_animation=&#8220;ro-reveal-from-right&#8220;][divider line_type=&#8220;No Line&#8220; custom_height=&#8220;80vh&#8220; custom_height_tablet=&#8220;40vh&#8220; custom_height_phone=&#8220;300px&#8220;][\/vc_column_inner][\/vc_row_inner][\/vc_column][\/vc_row][vc_row type=&#8220;in_container&#8220; full_screen_row_position=&#8220;middle&#8220; column_margin=&#8220;default&#8220; column_direction=&#8220;default&#8220; column_direction_tablet=&#8220;default&#8220; column_direction_phone=&#8220;default&#8220; scene_position=&#8220;center&#8220; top_padding=&#8220;50&#8243; bottom_padding=&#8220;0&#8243; text_color=&#8220;dark&#8220; text_align=&#8220;left&#8220; row_border_radius=&#8220;none&#8220; row_border_radius_applies=&#8220;bg&#8220; overlay_strength=&#8220;0.3&#8243; gradient_direction=&#8220;left_to_right&#8220; shape_divider_position=&#8220;bottom&#8220; bg_image_animation=&#8220;none&#8220; shape_type=&#8220;&#8220;][vc_column column_padding=&#8220;no-extra-padding&#8220; column_padding_tablet=&#8220;inherit&#8220; column_padding_phone=&#8220;inherit&#8220; column_padding_position=&#8220;all&#8220; background_color_opacity=&#8220;1&#8243; background_hover_color_opacity=&#8220;1&#8243; column_shadow=&#8220;none&#8220; column_border_radius=&#8220;none&#8220; column_link_target=&#8220;_self&#8220; gradient_direction=&#8220;left_to_right&#8220; overlay_strength=&#8220;0.3&#8243; width=&#8220;1\/2&#8243; tablet_width_inherit=&#8220;default&#8220; tablet_text_alignment=&#8220;default&#8220; phone_text_alignment=&#8220;default&#8220; column_border_width=&#8220;none&#8220; column_border_style=&#8220;solid&#8220; bg_image_animation=&#8220;none&#8220;][image_with_animation image_url=&#8220;18277&#8243; animation=&#8220;Grow In&#8220; hover_animation=&#8220;none&#8220; alignment=&#8220;center&#8220; border_radius=&#8220;none&#8220; box_shadow=&#8220;large_depth&#8220; image_loading=&#8220;default&#8220; max_width=&#8220;75%&#8220; max_width_mobile=&#8220;default&#8220; margin_bottom=&#8220;40px&#8220;][\/vc_column][vc_column column_padding=&#8220;no-extra-padding&#8220; column_padding_tablet=&#8220;inherit&#8220; column_padding_phone=&#8220;inherit&#8220; column_padding_position=&#8220;all&#8220; background_color_opacity=&#8220;1&#8243; background_hover_color_opacity=&#8220;1&#8243; column_shadow=&#8220;none&#8220; column_border_radius=&#8220;none&#8220; column_link_target=&#8220;_self&#8220; gradient_direction=&#8220;left_to_right&#8220; overlay_strength=&#8220;0.3&#8243; width=&#8220;1\/2&#8243; tablet_width_inherit=&#8220;default&#8220; tablet_text_alignment=&#8220;default&#8220; phone_text_alignment=&#8220;default&#8220; column_border_width=&#8220;none&#8220; column_border_style=&#8220;solid&#8220; bg_image_animation=&#8220;none&#8220;][vc_column_text]<span style=\"font-weight: 400;\">Die lange Zuf\u00fchrungsstrecke erm\u00f6glicht die Installation mehrerer Einzeldosierer f\u00fcr Feststoffe und So\u00dfen, die so dimensioniert sind, dass Engp\u00e4sse bei der Dosierung eines bestimmten Elements vermieden werden. Der Boden f\u00fcr Pizzen oder Focaccias wird stattdessen von Hand aufgetragen.<\/span><\/p>\n<p><span style=\"font-weight: 400;\"><br \/>\nDie Linie zeichnet sich durch extreme Flexibilit\u00e4t aus, sie kann verschiedene Produkttypen wie Pizzen und Focaccias mit unterschiedlichen Zutaten in Schalen oder Tabletts (sowohl rechteckig als auch rund) verpacken.<\/span>[\/vc_column_text][\/vc_column][\/vc_row][vc_row type=&#8220;full_width_background&#8220; full_screen_row_position=&#8220;middle&#8220; column_margin=&#8220;default&#8220; column_direction=&#8220;default&#8220; column_direction_tablet=&#8220;default&#8220; column_direction_phone=&#8220;default&#8220; bg_color=&#8220;#ffffff&#8220; scene_position=&#8220;center&#8220; text_color=&#8220;dark&#8220; text_align=&#8220;left&#8220; row_border_radius=&#8220;none&#8220; row_border_radius_applies=&#8220;bg&#8220; overlay_strength=&#8220;0.3&#8243; gradient_direction=&#8220;left_to_right&#8220; shape_divider_position=&#8220;bottom&#8220; bg_image_animation=&#8220;none&#8220; shape_type=&#8220;&#8220;][vc_column column_padding=&#8220;padding-1-percent&#8220; column_padding_tablet=&#8220;inherit&#8220; column_padding_phone=&#8220;inherit&#8220; column_padding_position=&#8220;all&#8220; top_margin=&#8220;20px&#8220; background_color_opacity=&#8220;1&#8243; background_hover_color_opacity=&#8220;1&#8243; column_shadow=&#8220;none&#8220; column_border_radius=&#8220;none&#8220; column_link_target=&#8220;_self&#8220; gradient_direction=&#8220;left_to_right&#8220; overlay_strength=&#8220;0.3&#8243; width=&#8220;1\/1&#8243; tablet_width_inherit=&#8220;default&#8220; tablet_text_alignment=&#8220;default&#8220; phone_text_alignment=&#8220;default&#8220; column_border_width=&#8220;none&#8220; column_border_style=&#8220;solid&#8220; bg_image_animation=&#8220;none&#8220;][vc_column_text css=&#8220;.vc_custom_1648228164987{padding-bottom: 40px !important;}&#8220;]\n<h3 class=\"vc_custom_heading\" style=\"text-align: center;\">CAVECO-Linien f\u00fcr Pizzen und Focaccia bestehen im Allgemeinen aus:<\/h3>\n[\/vc_column_text][\/vc_column][\/vc_row][vc_row type=&#8220;full_width_background&#8220; full_screen_row_position=&#8220;middle&#8220; column_margin=&#8220;default&#8220; column_direction=&#8220;default&#8220; column_direction_tablet=&#8220;default&#8220; column_direction_phone=&#8220;default&#8220; bg_color=&#8220;#ffffff&#8220; scene_position=&#8220;center&#8220; bottom_padding=&#8220;7%&#8220; text_color=&#8220;dark&#8220; text_align=&#8220;left&#8220; row_border_radius=&#8220;none&#8220; row_border_radius_applies=&#8220;bg&#8220; class=&#8220;row_faq_film row_faq_film_noplus&#8220; overlay_strength=&#8220;0.3&#8243; gradient_direction=&#8220;left_to_right&#8220; shape_divider_position=&#8220;bottom&#8220; bg_image_animation=&#8220;none&#8220; shape_type=&#8220;&#8220;][vc_column column_padding=&#8220;padding-2-percent&#8220; column_padding_tablet=&#8220;inherit&#8220; column_padding_phone=&#8220;inherit&#8220; column_padding_position=&#8220;all&#8220; background_color_opacity=&#8220;1&#8243; background_hover_color_opacity=&#8220;1&#8243; column_shadow=&#8220;none&#8220; column_border_radius=&#8220;none&#8220; column_link_target=&#8220;_self&#8220; gradient_direction=&#8220;left_to_right&#8220; overlay_strength=&#8220;0.3&#8243; width=&#8220;1\/1&#8243; tablet_width_inherit=&#8220;default&#8220; tablet_text_alignment=&#8220;default&#8220; phone_text_alignment=&#8220;default&#8220; column_border_width=&#8220;none&#8220; column_border_style=&#8220;solid&#8220; bg_image_animation=&#8220;none&#8220;][toggles style=&#8220;minimal&#8220; accordion=&#8220;true&#8220;][toggle color=&#8220;Default&#8220; title=&#8220;Ein automatisches System zum Entstapeln von Schalen.&#8220;][vc_column_text][\/vc_column_text][\/toggle][toggle color=&#8220;Default&#8220; title=&#8220;Ein System zur Dosierung von Zutaten (fest oder fl\u00fcssig).&#8220;][vc_column_text][\/vc_column_text][\/toggle][toggle color=&#8220;Default&#8220; title=&#8220;Eine automatische Spulenversiegelung YPSILON, TEMA 70 oder GAMMA.&#8220;][vc_column_text][\/vc_column_text][\/toggle][toggle color=&#8220;Default&#8220; title=&#8220;Eine Klammermaschine aus einem vorgeformten Deckel oder einer Aluminiumspule.&#8220;][vc_column_text][\/vc_column_text][\/toggle][toggle color=&#8220;Default&#8220; title=&#8220;Ein System zum Pressen von Teig.&#8220;][vc_column_text][\/vc_column_text][\/toggle][\/toggles][\/vc_column][\/vc_row][vc_row type=&#8220;in_container&#8220; full_screen_row_position=&#8220;middle&#8220; column_margin=&#8220;default&#8220; column_direction=&#8220;default&#8220; column_direction_tablet=&#8220;default&#8220; column_direction_phone=&#8220;default&#8220; scene_position=&#8220;center&#8220; top_padding=&#8220;50&#8243; bottom_padding=&#8220;0&#8243; text_color=&#8220;dark&#8220; text_align=&#8220;left&#8220; row_border_radius=&#8220;none&#8220; row_border_radius_applies=&#8220;bg&#8220; overlay_strength=&#8220;0.3&#8243; gradient_direction=&#8220;left_to_right&#8220; shape_divider_position=&#8220;bottom&#8220; bg_image_animation=&#8220;none&#8220; shape_type=&#8220;&#8220;][vc_column column_padding=&#8220;no-extra-padding&#8220; column_padding_tablet=&#8220;inherit&#8220; column_padding_phone=&#8220;inherit&#8220; column_padding_position=&#8220;all&#8220; background_color_opacity=&#8220;1&#8243; background_hover_color_opacity=&#8220;1&#8243; column_shadow=&#8220;none&#8220; column_border_radius=&#8220;none&#8220; column_link_target=&#8220;_self&#8220; gradient_direction=&#8220;left_to_right&#8220; overlay_strength=&#8220;0.3&#8243; width=&#8220;1\/2&#8243; tablet_width_inherit=&#8220;default&#8220; tablet_text_alignment=&#8220;default&#8220; phone_text_alignment=&#8220;default&#8220; column_border_width=&#8220;none&#8220; column_border_style=&#8220;solid&#8220; bg_image_animation=&#8220;none&#8220;][vc_column_text]<span style=\"font-weight: 400;\">Wir sind auch in der Lage, diese Pizza- und Focaccia-Verpackungsl\u00f6sung mit klassischen End-of-Line-Komponenten zu erg\u00e4nzen, wie z. B. einer Gewichtsauszeichnungsmaschine, einer Etikettiermaschine usw.<\/span><\/p>\n<p><span style=\"font-weight: 400;\">Der Vorteil einer automatischen Linie besteht darin, dass die Anzahl der Bediener optimiert werden kann, w\u00e4hrend bei einer Produktionslinie, die nur aus dem Thermosealer besteht, zwangsl\u00e4ufig mehrere Personen pro Schicht eingesetzt werden m\u00fcssten, um die gleiche Produktivit\u00e4t zu erreichen.<\/span><\/p>\n<p><span style=\"font-weight: 400;\">Auch diese Linie ist in der Lage, Schalen und Becher aus den modernsten \u00f6kologischen Verpackungsmaterialien zu verwalten.<\/span><\/p>\n<p><span style=\"font-weight: 400;\">Um das Angebot zu vervollst\u00e4ndigen, bietet Fabbri Group auch Barrierefolien f\u00fcr die Thermoversiegelung oder MAP-Verpackung, Unterst\u00fctzung bei der Installation, ordentlichen und au\u00dferordentlichen Wartungsservice und Ersatzteile.<\/span>[\/vc_column_text][\/vc_column][vc_column column_padding=&#8220;no-extra-padding&#8220; column_padding_tablet=&#8220;inherit&#8220; column_padding_phone=&#8220;inherit&#8220; column_padding_position=&#8220;all&#8220; background_color_opacity=&#8220;1&#8243; background_hover_color_opacity=&#8220;1&#8243; column_shadow=&#8220;none&#8220; column_border_radius=&#8220;none&#8220; column_link_target=&#8220;_self&#8220; gradient_direction=&#8220;left_to_right&#8220; overlay_strength=&#8220;0.3&#8243; width=&#8220;1\/2&#8243; tablet_width_inherit=&#8220;default&#8220; tablet_text_alignment=&#8220;default&#8220; phone_text_alignment=&#8220;default&#8220; column_border_width=&#8220;none&#8220; column_border_style=&#8220;solid&#8220; bg_image_animation=&#8220;none&#8220;][image_with_animation image_url=&#8220;18301&#8243; animation=&#8220;Grow In&#8220; hover_animation=&#8220;none&#8220; alignment=&#8220;center&#8220; border_radius=&#8220;none&#8220; box_shadow=&#8220;large_depth&#8220; image_loading=&#8220;default&#8220; max_width=&#8220;75%&#8220; max_width_mobile=&#8220;default&#8220; margin_bottom=&#8220;40px&#8220;][\/vc_column][\/vc_row][vc_row type=&#8220;full_width_background&#8220; full_screen_row_position=&#8220;middle&#8220; column_margin=&#8220;default&#8220; column_direction=&#8220;default&#8220; column_direction_tablet=&#8220;default&#8220; column_direction_phone=&#8220;default&#8220; bg_color=&#8220;#ffffff&#8220; scene_position=&#8220;center&#8220; top_padding=&#8220;80&#8243; bottom_padding=&#8220;80&#8243; text_color=&#8220;dark&#8220; text_align=&#8220;center&#8220; row_border_radius=&#8220;none&#8220; row_border_radius_applies=&#8220;bg&#8220; overlay_strength=&#8220;0.3&#8243; gradient_direction=&#8220;left_to_right&#8220; shape_divider_position=&#8220;bottom&#8220; bg_image_animation=&#8220;none&#8220; shape_type=&#8220;&#8220;][vc_column column_padding=&#8220;padding-1-percent&#8220; column_padding_tablet=&#8220;inherit&#8220; column_padding_phone=&#8220;inherit&#8220; column_padding_position=&#8220;all&#8220; top_margin=&#8220;20px&#8220; background_color_opacity=&#8220;1&#8243; background_hover_color_opacity=&#8220;1&#8243; column_shadow=&#8220;none&#8220; column_border_radius=&#8220;none&#8220; column_link_target=&#8220;_self&#8220; gradient_direction=&#8220;left_to_right&#8220; overlay_strength=&#8220;0.3&#8243; width=&#8220;1\/1&#8243; tablet_width_inherit=&#8220;default&#8220; tablet_text_alignment=&#8220;default&#8220; phone_text_alignment=&#8220;default&#8220; column_border_width=&#8220;none&#8220; column_border_style=&#8220;solid&#8220; bg_image_animation=&#8220;none&#8220;][vc_column_text css=&#8220;.vc_custom_1648228778461{padding-bottom: 40px !important;}&#8220;]\n<h3 class=\"vc_custom_heading\" style=\"text-align: center;\">Entdecken Sie unsere gesamte Produktpalette<\/h3>\n[\/vc_column_text][nectar_btn size=&#8220;large&#8220; button_style=&#8220;regular&#8220; button_color_2=&#8220;Accent-Color&#8220; icon_family=&#8220;none&#8220; text=&#8220;Mehr entdecken&#8220; url=&#8220;\/de\/linee-complete\/&#8220;][\/vc_column][\/vc_row]\n","protected":false},"excerpt":{"rendered":"<p>[vc_row type=&#8220;full_width_background&#8220; full_screen_row_position=&#8220;middle&#8220; column_margin=&#8220;90px&#8220; equal_height=&#8220;yes&#8220; content_placement=&#8220;middle&#8220; column_direction=&#8220;default&#8220; column_direction_tablet=&#8220;default&#8220; column_direction_phone=&#8220;default&#8220; bg_color=&#8220;#ffffff&#8220; scene_position=&#8220;center&#8220; constrain_group_1=&#8220;yes&#8220; top_padding_tablet=&#8220;8%&#8220; bottom_padding_tablet=&#8220;8%&#8220; text_color=&#8220;dark&#8220;&#8230;<\/p>\n","protected":false},"author":1,"featured_media":0,"parent":12702,"menu_order":0,"comment_status":"closed","ping_status":"closed","template":"","meta":{"footnotes":""},"class_list":["post-19121","page","type-page","status-publish"],"yoast_head":"<!-- This site is optimized with the Yoast SEO plugin v27.4 - https:\/\/yoast.com\/product\/yoast-seo-wordpress\/ -->\n<title>Verpackungslinien Focaccia und Verpackungslinie Pizza<\/title>\n<meta name=\"description\" content=\"Focaccia- und Pizza-Verpackungslinien von Gruppo Fabbri mit automatischem Entstapeln, Zutaten-Dosierung und Teigpressung f\u00fcr gleichbleibende Qualit\u00e4t.\" \/>\n<meta name=\"robots\" content=\"index, follow, max-snippet:-1, max-image-preview:large, max-video-preview:-1\" \/>\n<link rel=\"canonical\" href=\"https:\/\/www.gruppofabbri.com\/de\/produkte\/verpackungsmaschinen\/komplette-linien\/pizza-und-focaccia-linien\/\" \/>\n<meta property=\"og:locale\" content=\"de_DE\" \/>\n<meta property=\"og:type\" content=\"article\" \/>\n<meta property=\"og:title\" content=\"Verpackungslinien Focaccia und Verpackungslinie Pizza\" \/>\n<meta property=\"og:description\" content=\"Focaccia- und Pizza-Verpackungslinien von Gruppo Fabbri mit automatischem Entstapeln, Zutaten-Dosierung und Teigpressung f\u00fcr gleichbleibende Qualit\u00e4t.\" \/>\n<meta property=\"og:url\" content=\"https:\/\/www.gruppofabbri.com\/de\/produkte\/verpackungsmaschinen\/komplette-linien\/pizza-und-focaccia-linien\/\" \/>\n<meta property=\"og:site_name\" content=\"Gruppo Fabbri | Official WebSite\" \/>\n<meta property=\"article:modified_time\" content=\"2026-03-16T13:21:31+00:00\" \/>\n<meta name=\"twitter:card\" content=\"summary_large_image\" \/>\n<meta name=\"twitter:label1\" content=\"Gesch\u00e4tzte Lesezeit\" \/>\n\t<meta name=\"twitter:data1\" content=\"4\u00a0Minuten\" \/>\n<script type=\"application\/ld+json\" class=\"yoast-schema-graph\">{\"@context\":\"https:\\\/\\\/schema.org\",\"@graph\":[{\"@type\":\"WebPage\",\"@id\":\"https:\\\/\\\/www.gruppofabbri.com\\\/de\\\/produkte\\\/verpackungsmaschinen\\\/komplette-linien\\\/pizza-und-focaccia-linien\\\/\",\"url\":\"https:\\\/\\\/www.gruppofabbri.com\\\/de\\\/produkte\\\/verpackungsmaschinen\\\/komplette-linien\\\/pizza-und-focaccia-linien\\\/\",\"name\":\"Verpackungslinien Focaccia und Verpackungslinie Pizza\",\"isPartOf\":{\"@id\":\"https:\\\/\\\/www.gruppofabbri.com\\\/de\\\/#website\"},\"datePublished\":\"2021-06-28T08:11:10+00:00\",\"dateModified\":\"2026-03-16T13:21:31+00:00\",\"description\":\"Focaccia- und Pizza-Verpackungslinien von Gruppo Fabbri mit automatischem Entstapeln, Zutaten-Dosierung und Teigpressung f\u00fcr gleichbleibende Qualit\u00e4t.\",\"breadcrumb\":{\"@id\":\"https:\\\/\\\/www.gruppofabbri.com\\\/de\\\/produkte\\\/verpackungsmaschinen\\\/komplette-linien\\\/pizza-und-focaccia-linien\\\/#breadcrumb\"},\"inLanguage\":\"de\",\"potentialAction\":[{\"@type\":\"ReadAction\",\"target\":[\"https:\\\/\\\/www.gruppofabbri.com\\\/de\\\/produkte\\\/verpackungsmaschinen\\\/komplette-linien\\\/pizza-und-focaccia-linien\\\/\"]}]},{\"@type\":\"BreadcrumbList\",\"@id\":\"https:\\\/\\\/www.gruppofabbri.com\\\/de\\\/produkte\\\/verpackungsmaschinen\\\/komplette-linien\\\/pizza-und-focaccia-linien\\\/#breadcrumb\",\"itemListElement\":[]},{\"@type\":\"WebSite\",\"@id\":\"https:\\\/\\\/www.gruppofabbri.com\\\/de\\\/#website\",\"url\":\"https:\\\/\\\/www.gruppofabbri.com\\\/de\\\/\",\"name\":\"Gruppo Fabbri | Official WebSite\",\"description\":\"Macchine e Film per l&#039;imballaggio e confezionamento alimentare\",\"potentialAction\":[{\"@type\":\"SearchAction\",\"target\":{\"@type\":\"EntryPoint\",\"urlTemplate\":\"https:\\\/\\\/www.gruppofabbri.com\\\/de\\\/?s={search_term_string}\"},\"query-input\":{\"@type\":\"PropertyValueSpecification\",\"valueRequired\":true,\"valueName\":\"search_term_string\"}}],\"inLanguage\":\"de\"}]}<\/script>\n<!-- \/ Yoast SEO plugin. -->","yoast_head_json":{"title":"Verpackungslinien Focaccia und Verpackungslinie Pizza","description":"Focaccia- und Pizza-Verpackungslinien von Gruppo Fabbri mit automatischem Entstapeln, Zutaten-Dosierung und Teigpressung f\u00fcr gleichbleibende Qualit\u00e4t.","robots":{"index":"index","follow":"follow","max-snippet":"max-snippet:-1","max-image-preview":"max-image-preview:large","max-video-preview":"max-video-preview:-1"},"canonical":"https:\/\/www.gruppofabbri.com\/de\/produkte\/verpackungsmaschinen\/komplette-linien\/pizza-und-focaccia-linien\/","og_locale":"de_DE","og_type":"article","og_title":"Verpackungslinien Focaccia und Verpackungslinie Pizza","og_description":"Focaccia- und Pizza-Verpackungslinien von Gruppo Fabbri mit automatischem Entstapeln, Zutaten-Dosierung und Teigpressung f\u00fcr gleichbleibende Qualit\u00e4t.","og_url":"https:\/\/www.gruppofabbri.com\/de\/produkte\/verpackungsmaschinen\/komplette-linien\/pizza-und-focaccia-linien\/","og_site_name":"Gruppo Fabbri | Official WebSite","article_modified_time":"2026-03-16T13:21:31+00:00","twitter_card":"summary_large_image","twitter_misc":{"Gesch\u00e4tzte Lesezeit":"4\u00a0Minuten"},"schema":{"@context":"https:\/\/schema.org","@graph":[{"@type":"WebPage","@id":"https:\/\/www.gruppofabbri.com\/de\/produkte\/verpackungsmaschinen\/komplette-linien\/pizza-und-focaccia-linien\/","url":"https:\/\/www.gruppofabbri.com\/de\/produkte\/verpackungsmaschinen\/komplette-linien\/pizza-und-focaccia-linien\/","name":"Verpackungslinien Focaccia und Verpackungslinie Pizza","isPartOf":{"@id":"https:\/\/www.gruppofabbri.com\/de\/#website"},"datePublished":"2021-06-28T08:11:10+00:00","dateModified":"2026-03-16T13:21:31+00:00","description":"Focaccia- und Pizza-Verpackungslinien von Gruppo Fabbri mit automatischem Entstapeln, Zutaten-Dosierung und Teigpressung f\u00fcr gleichbleibende Qualit\u00e4t.","breadcrumb":{"@id":"https:\/\/www.gruppofabbri.com\/de\/produkte\/verpackungsmaschinen\/komplette-linien\/pizza-und-focaccia-linien\/#breadcrumb"},"inLanguage":"de","potentialAction":[{"@type":"ReadAction","target":["https:\/\/www.gruppofabbri.com\/de\/produkte\/verpackungsmaschinen\/komplette-linien\/pizza-und-focaccia-linien\/"]}]},{"@type":"BreadcrumbList","@id":"https:\/\/www.gruppofabbri.com\/de\/produkte\/verpackungsmaschinen\/komplette-linien\/pizza-und-focaccia-linien\/#breadcrumb","itemListElement":[]},{"@type":"WebSite","@id":"https:\/\/www.gruppofabbri.com\/de\/#website","url":"https:\/\/www.gruppofabbri.com\/de\/","name":"Gruppo Fabbri | Official WebSite","description":"Macchine e Film per l&#039;imballaggio e confezionamento alimentare","potentialAction":[{"@type":"SearchAction","target":{"@type":"EntryPoint","urlTemplate":"https:\/\/www.gruppofabbri.com\/de\/?s={search_term_string}"},"query-input":{"@type":"PropertyValueSpecification","valueRequired":true,"valueName":"search_term_string"}}],"inLanguage":"de"}]}},"_links":{"self":[{"href":"https:\/\/www.gruppofabbri.com\/de\/wp-json\/wp\/v2\/pages\/19121","targetHints":{"allow":["GET"]}}],"collection":[{"href":"https:\/\/www.gruppofabbri.com\/de\/wp-json\/wp\/v2\/pages"}],"about":[{"href":"https:\/\/www.gruppofabbri.com\/de\/wp-json\/wp\/v2\/types\/page"}],"author":[{"embeddable":true,"href":"https:\/\/www.gruppofabbri.com\/de\/wp-json\/wp\/v2\/users\/1"}],"replies":[{"embeddable":true,"href":"https:\/\/www.gruppofabbri.com\/de\/wp-json\/wp\/v2\/comments?post=19121"}],"version-history":[{"count":1,"href":"https:\/\/www.gruppofabbri.com\/de\/wp-json\/wp\/v2\/pages\/19121\/revisions"}],"predecessor-version":[{"id":32464,"href":"https:\/\/www.gruppofabbri.com\/de\/wp-json\/wp\/v2\/pages\/19121\/revisions\/32464"}],"up":[{"embeddable":true,"href":"https:\/\/www.gruppofabbri.com\/de\/wp-json\/wp\/v2\/pages\/12702"}],"wp:attachment":[{"href":"https:\/\/www.gruppofabbri.com\/de\/wp-json\/wp\/v2\/media?parent=19121"}],"curies":[{"name":"wp","href":"https:\/\/api.w.org\/{rel}","templated":true}]}}