{"id":12873,"date":"2021-06-24T17:44:56","date_gmt":"2021-06-24T15:44:56","guid":{"rendered":"https:\/\/www.gruppofabbri.com\/lebensmittelverpackung\/formaggi\/"},"modified":"2026-01-16T14:38:18","modified_gmt":"2026-01-16T13:38:18","slug":"kaese","status":"publish","type":"page","link":"https:\/\/www.gruppofabbri.com\/de\/lebensmittelverpackung\/kaese\/","title":{"rendered":"K\u00e4se"},"content":{"rendered":"[vc_row type=&#8220;full_width_background&#8220; full_screen_row_position=&#8220;middle&#8220; column_margin=&#8220;90px&#8220; equal_height=&#8220;yes&#8220; content_placement=&#8220;middle&#8220; column_direction=&#8220;default&#8220; column_direction_tablet=&#8220;default&#8220; column_direction_phone=&#8220;default&#8220; bg_color=&#8220;#ffffff&#8220; scene_position=&#8220;center&#8220; constrain_group_1=&#8220;yes&#8220; top_padding_tablet=&#8220;8%&#8220; bottom_padding_tablet=&#8220;8%&#8220; text_color=&#8220;dark&#8220; text_align=&#8220;left&#8220; row_border_radius=&#8220;none&#8220; row_border_radius_applies=&#8220;bg&#8220; id=&#8220;home&#8220; overlay_strength=&#8220;0.5&#8243; gradient_direction=&#8220;top_to_bottom&#8220; shape_divider_position=&#8220;bottom&#8220; bg_image_animation=&#8220;none&#8220; shape_type=&#8220;straight_section&#8220;][vc_column column_padding=&#8220;padding-2-percent&#8220; column_padding_tablet=&#8220;no-extra-padding&#8220; column_padding_phone=&#8220;no-extra-padding&#8220; column_padding_position=&#8220;right&#8220; background_color_opacity=&#8220;1&#8243; background_hover_color_opacity=&#8220;1&#8243; column_shadow=&#8220;none&#8220; column_border_radius=&#8220;none&#8220; column_link_target=&#8220;_self&#8220; zindex=&#8220;100&#8243; gradient_direction=&#8220;left_t_to_right_b&#8220; overlay_strength=&#8220;0.3&#8243; width=&#8220;3\/5&#8243; tablet_width_inherit=&#8220;default&#8220; tablet_text_alignment=&#8220;default&#8220; phone_text_alignment=&#8220;default&#8220; column_border_width=&#8220;none&#8220; column_border_style=&#8220;solid&#8220; bg_image_animation=&#8220;none&#8220; offset=&#8220;vc_col-xs-12&#8243;][vc_row_inner column_margin=&#8220;default&#8220; column_direction=&#8220;default&#8220; column_direction_tablet=&#8220;default&#8220; column_direction_phone=&#8220;default&#8220; text_align=&#8220;left&#8220; min_width=&#8220;47vh&#8220;][vc_column_inner column_padding=&#8220;no-extra-padding&#8220; column_padding_tablet=&#8220;inherit&#8220; column_padding_phone=&#8220;inherit&#8220; column_padding_position=&#8220;all&#8220; background_color_opacity=&#8220;1&#8243; background_hover_color_opacity=&#8220;1&#8243; column_shadow=&#8220;none&#8220; column_border_radius=&#8220;none&#8220; column_link_target=&#8220;_self&#8220; gradient_direction=&#8220;left_to_right&#8220; overlay_strength=&#8220;0.3&#8243; width=&#8220;1\/1&#8243; tablet_width_inherit=&#8220;default&#8220; column_border_width=&#8220;none&#8220; column_border_style=&#8220;solid&#8220; enable_border_animation=&#8220;true&#8220; bg_image_animation=&#8220;none&#8220; enable_animation=&#8220;true&#8220; animation=&#8220;fade-in-from-bottom&#8220;][vc_custom_heading text=&#8220;Lebensmittelverpackungen f\u00fcr K\u00e4se&#8220; font_container=&#8220;tag:h1|font_size:38px|text_align:left|line_height:44px&#8220; use_theme_fonts=&#8220;yes&#8220;][vc_custom_heading text=&#8220;Dank ihrer innovativen Technologien garantiert die Gruppo Fabbri die besten Ergebnisse bei der Verpackung von K\u00e4se und Milchprodukten.&#8220; font_container=&#8220;tag:h2|font_size:22px|text_align:left|line_height:30px&#8220; use_theme_fonts=&#8220;yes&#8220; el_class=&#8220;inner_subtitle&#8220;][vc_column_text css=&#8220;.vc_custom_1644409404233{margin-top: 30px !important;}&#8220;]Die Vielfalt der auf dem Markt befindlichen K\u00e4sesorten ist sehr gro\u00df, und je nach Zusammensetzung und Konsistenz kann sich auch die Dauer der Haltbarkeit \u00e4ndern. Ein fachkundiger Hersteller kann Sie beraten, welche Verpackungsmethode und welches Verpackungssystem am besten geeignet ist, um die Frische und die ern\u00e4hrungsphysiologischen und organoleptischen Eigenschaften jedes Produkts zu sch\u00fctzen und zu erhalten.[\/vc_column_text][\/vc_column_inner][\/vc_row_inner][\/vc_column][vc_column column_padding=&#8220;no-extra-padding&#8220; column_padding_tablet=&#8220;inherit&#8220; column_padding_phone=&#8220;inherit&#8220; column_padding_position=&#8220;all&#8220; background_color_opacity=&#8220;1&#8243; background_hover_color_opacity=&#8220;1&#8243; column_shadow=&#8220;none&#8220; column_border_radius=&#8220;none&#8220; column_link_target=&#8220;_self&#8220; gradient_direction=&#8220;left_to_right&#8220; overlay_strength=&#8220;0.5&#8243; width=&#8220;2\/5&#8243; tablet_width_inherit=&#8220;default&#8220; tablet_text_alignment=&#8220;default&#8220; phone_text_alignment=&#8220;default&#8220; column_border_width=&#8220;none&#8220; column_border_style=&#8220;solid&#8220; bg_image_animation=&#8220;none&#8220; offset=&#8220;vc_col-xs-12&#8243;][vc_row_inner column_margin=&#8220;default&#8220; column_direction=&#8220;default&#8220; column_direction_tablet=&#8220;default&#8220; column_direction_phone=&#8220;default&#8220; text_align=&#8220;left&#8220; min_width_desktop=&#8220;43vw&#8220; min_width_tablet=&#8220;50vw&#8220; min_width_phone=&#8220;50vw&#8220;][vc_column_inner column_padding=&#8220;no-extra-padding&#8220; column_padding_tablet=&#8220;inherit&#8220; column_padding_phone=&#8220;inherit&#8220; column_padding_position=&#8220;all&#8220; background_color_opacity=&#8220;1&#8243; background_hover_color_opacity=&#8220;1&#8243; background_image=&#8220;7780&#8243; background_image_position=&#8220;center center&#8220; enable_bg_scale=&#8220;true&#8220; column_shadow=&#8220;none&#8220; column_border_radius=&#8220;none&#8220; column_link_target=&#8220;_self&#8220; gradient_direction=&#8220;left_to_right&#8220; overlay_strength=&#8220;0.5&#8243; width=&#8220;1\/1&#8243; tablet_width_inherit=&#8220;default&#8220; column_border_width=&#8220;none&#8220; column_border_style=&#8220;solid&#8220; bg_image_animation=&#8220;ro-reveal-from-right&#8220;][divider line_type=&#8220;No Line&#8220; custom_height=&#8220;80vh&#8220; custom_height_tablet=&#8220;40vh&#8220; custom_height_phone=&#8220;300px&#8220;][\/vc_column_inner][\/vc_row_inner][\/vc_column][\/vc_row][vc_row type=&#8220;in_container&#8220; full_screen_row_position=&#8220;middle&#8220; column_margin=&#8220;default&#8220; column_direction=&#8220;default&#8220; column_direction_tablet=&#8220;default&#8220; column_direction_phone=&#8220;default&#8220; scene_position=&#8220;center&#8220; top_padding=&#8220;50&#8243; bottom_padding=&#8220;0&#8243; text_color=&#8220;dark&#8220; text_align=&#8220;left&#8220; row_border_radius=&#8220;none&#8220; row_border_radius_applies=&#8220;bg&#8220; overlay_strength=&#8220;0.3&#8243; gradient_direction=&#8220;left_to_right&#8220; shape_divider_position=&#8220;bottom&#8220; bg_image_animation=&#8220;none&#8220; shape_type=&#8220;&#8220;][vc_column column_padding=&#8220;no-extra-padding&#8220; column_padding_tablet=&#8220;inherit&#8220; column_padding_phone=&#8220;inherit&#8220; column_padding_position=&#8220;all&#8220; background_color_opacity=&#8220;1&#8243; background_hover_color_opacity=&#8220;1&#8243; column_shadow=&#8220;none&#8220; column_border_radius=&#8220;none&#8220; column_link_target=&#8220;_self&#8220; gradient_direction=&#8220;left_to_right&#8220; overlay_strength=&#8220;0.3&#8243; width=&#8220;1\/2&#8243; tablet_width_inherit=&#8220;default&#8220; tablet_text_alignment=&#8220;default&#8220; phone_text_alignment=&#8220;default&#8220; column_border_width=&#8220;none&#8220; column_border_style=&#8220;solid&#8220; bg_image_animation=&#8220;none&#8220;][image_with_animation image_url=&#8220;7786&#8243; animation=&#8220;Grow In&#8220; hover_animation=&#8220;none&#8220; alignment=&#8220;center&#8220; border_radius=&#8220;none&#8220; box_shadow=&#8220;large_depth&#8220; image_loading=&#8220;default&#8220; max_width=&#8220;75%&#8220; max_width_mobile=&#8220;default&#8220; margin_bottom=&#8220;40px&#8220;][\/vc_column][vc_column column_padding=&#8220;no-extra-padding&#8220; column_padding_tablet=&#8220;inherit&#8220; column_padding_phone=&#8220;inherit&#8220; column_padding_position=&#8220;all&#8220; background_color_opacity=&#8220;1&#8243; background_hover_color_opacity=&#8220;1&#8243; column_shadow=&#8220;none&#8220; column_border_radius=&#8220;none&#8220; column_link_target=&#8220;_self&#8220; gradient_direction=&#8220;left_to_right&#8220; overlay_strength=&#8220;0.3&#8243; width=&#8220;1\/2&#8243; tablet_width_inherit=&#8220;default&#8220; tablet_text_alignment=&#8220;default&#8220; phone_text_alignment=&#8220;default&#8220; column_border_width=&#8220;none&#8220; column_border_style=&#8220;solid&#8220; bg_image_animation=&#8220;none&#8220;][vc_column_text]Bei den K\u00e4sesorten kann es sich um Hart-, Weich- oder Blauschimmelk\u00e4se handeln.<\/p>\n<p>Bei Hartk\u00e4se ist der begrenzende Faktor f\u00fcr die Haltbarkeit der Schimmel.<\/p>\n<p>Bei frischem Weichk\u00e4se wird die Haltbarkeit durch den hohen Wasseraktivit\u00e4tswert und das Vorhandensein von Verderbnisprozessen beeinflusst, die wiederum haupts\u00e4chlich durch Schimmelpilze, Hefen und Bakterien verursacht werden.<\/p>\n<p>Bei Blauschimmelk\u00e4se schlie\u00dflich muss die Atmosph\u00e4re in der Verpackung so berechnet werden, dass die bereits im Erzeugnis vorhandenen Schimmelpilze erhalten bleiben.[\/vc_column_text][\/vc_column][\/vc_row][vc_row type=&#8220;full_width_background&#8220; full_screen_row_position=&#8220;middle&#8220; column_margin=&#8220;default&#8220; column_direction=&#8220;default&#8220; column_direction_tablet=&#8220;default&#8220; column_direction_phone=&#8220;default&#8220; bg_color=&#8220;#ffffff&#8220; scene_position=&#8220;center&#8220; text_color=&#8220;dark&#8220; text_align=&#8220;left&#8220; row_border_radius=&#8220;none&#8220; row_border_radius_applies=&#8220;bg&#8220; overlay_strength=&#8220;0.3&#8243; gradient_direction=&#8220;left_to_right&#8220; shape_divider_position=&#8220;bottom&#8220; bg_image_animation=&#8220;none&#8220; shape_type=&#8220;&#8220;][vc_column column_padding=&#8220;padding-1-percent&#8220; column_padding_tablet=&#8220;inherit&#8220; column_padding_phone=&#8220;inherit&#8220; column_padding_position=&#8220;all&#8220; top_margin=&#8220;20px&#8220; background_color_opacity=&#8220;1&#8243; background_hover_color_opacity=&#8220;1&#8243; column_shadow=&#8220;none&#8220; column_border_radius=&#8220;none&#8220; column_link_target=&#8220;_self&#8220; gradient_direction=&#8220;left_to_right&#8220; overlay_strength=&#8220;0.3&#8243; width=&#8220;1\/1&#8243; tablet_width_inherit=&#8220;default&#8220; tablet_text_alignment=&#8220;default&#8220; phone_text_alignment=&#8220;default&#8220; column_border_width=&#8220;none&#8220; column_border_style=&#8220;solid&#8220; bg_image_animation=&#8220;none&#8220;][vc_column_text css=&#8220;.vc_custom_1644409470653{padding-bottom: 40px !important;}&#8220;]\n<p class=\"vc_custom_heading\" style=\"text-align: left;\">Bei der Auswahl von Lebensmittelverpackungen f\u00fcr Produkte wie K\u00e4se m\u00fcssen die Faktoren ber\u00fccksichtigt werden, die ihre Konsistenz, Verderblichkeit und Frische beeinflussen. Um die beste Verpackungsl\u00f6sung zu finden, m\u00fcssen Sie die beste Verpackungsleistung finden, einschlie\u00dflich der Verwendung von speziellen Folien und Maschinen. Gruppo Fabbri kann Kunden und Verbrauchern die Gewissheit eines frischen, sicheren und qualitativ hochwertigen Produkts garantieren, indem es sowohl gestreckt als auch in Schutzatmosph\u00e4re verpackt wird:<\/p>\n[\/vc_column_text][vc_row_inner column_margin=&#8220;default&#8220; column_direction=&#8220;default&#8220; column_direction_tablet=&#8220;default&#8220; column_direction_phone=&#8220;default&#8220; text_align=&#8220;left&#8220; class=&#8220;fix_fancy_height&#8220;][vc_column_inner column_padding=&#8220;padding-1-percent&#8220; column_padding_tablet=&#8220;inherit&#8220; column_padding_phone=&#8220;inherit&#8220; column_padding_position=&#8220;all&#8220; background_color_opacity=&#8220;1&#8243; background_hover_color_opacity=&#8220;1&#8243; column_shadow=&#8220;none&#8220; column_border_radius=&#8220;none&#8220; column_link_target=&#8220;_self&#8220; gradient_direction=&#8220;left_to_right&#8220; overlay_strength=&#8220;0.3&#8243; width=&#8220;1\/2&#8243; tablet_width_inherit=&#8220;default&#8220; column_border_width=&#8220;none&#8220; column_border_style=&#8220;solid&#8220; bg_image_animation=&#8220;none&#8220;][fancy_box box_style=&#8220;default&#8220; icon_family=&#8220;none&#8220; image_url=&#8220;10671&#8243; color=&#8220;accent-color&#8220; border_radius=&#8220;default&#8220; image_loading=&#8220;default&#8220; link_url=&#8220;\/de\/soluzioni-packaging\/stretch\/&#8220;]\n<h3>Stretch<\/h3>\n[\/fancy_box][\/vc_column_inner][vc_column_inner column_padding=&#8220;padding-1-percent&#8220; column_padding_tablet=&#8220;inherit&#8220; column_padding_phone=&#8220;inherit&#8220; column_padding_position=&#8220;all&#8220; background_color_opacity=&#8220;1&#8243; background_hover_color_opacity=&#8220;1&#8243; column_shadow=&#8220;none&#8220; column_border_radius=&#8220;none&#8220; column_link_target=&#8220;_self&#8220; gradient_direction=&#8220;left_to_right&#8220; overlay_strength=&#8220;0.3&#8243; width=&#8220;1\/2&#8243; tablet_width_inherit=&#8220;default&#8220; column_border_width=&#8220;none&#8220; column_border_style=&#8220;solid&#8220; bg_image_animation=&#8220;none&#8220;][fancy_box box_style=&#8220;default&#8220; icon_family=&#8220;none&#8220; image_url=&#8220;10678&#8243; color=&#8220;accent-color&#8220; border_radius=&#8220;default&#8220; image_loading=&#8220;default&#8220; min_height=&#8220;100&#8243; link_url=&#8220;\/de\/termosigillatrici-automatiche\/&#8220;]\n<h3>Hei\u00dfsiegeln<\/h3>\n[\/fancy_box][\/vc_column_inner][\/vc_row_inner][vc_row_inner column_margin=&#8220;default&#8220; column_direction=&#8220;default&#8220; column_direction_tablet=&#8220;default&#8220; column_direction_phone=&#8220;default&#8220; text_align=&#8220;left&#8220;][vc_column_inner column_padding=&#8220;padding-1-percent&#8220; column_padding_tablet=&#8220;inherit&#8220; column_padding_phone=&#8220;inherit&#8220; column_padding_position=&#8220;all&#8220; background_color_opacity=&#8220;1&#8243; background_hover_color_opacity=&#8220;1&#8243; column_shadow=&#8220;none&#8220; column_border_radius=&#8220;none&#8220; column_link_target=&#8220;_self&#8220; gradient_direction=&#8220;left_to_right&#8220; overlay_strength=&#8220;0.3&#8243; width=&#8220;1\/2&#8243; tablet_width_inherit=&#8220;default&#8220; column_border_width=&#8220;none&#8220; column_border_style=&#8220;solid&#8220; bg_image_animation=&#8220;none&#8220;][fancy_box box_style=&#8220;default&#8220; icon_family=&#8220;none&#8220; image_url=&#8220;10675&#8243; color=&#8220;accent-color&#8220; border_radius=&#8220;default&#8220; image_loading=&#8220;default&#8220; link_url=&#8220;\/de\/soluzioni-packaging\/map\/&#8220;]\n<h3>MAP<\/h3>\n[\/fancy_box][\/vc_column_inner][vc_column_inner column_padding=&#8220;padding-1-percent&#8220; column_padding_tablet=&#8220;inherit&#8220; column_padding_phone=&#8220;inherit&#8220; column_padding_position=&#8220;all&#8220; background_color_opacity=&#8220;1&#8243; background_hover_color_opacity=&#8220;1&#8243; column_shadow=&#8220;none&#8220; column_border_radius=&#8220;none&#8220; column_link_target=&#8220;_self&#8220; gradient_direction=&#8220;left_to_right&#8220; overlay_strength=&#8220;0.3&#8243; width=&#8220;1\/2&#8243; tablet_width_inherit=&#8220;default&#8220; column_border_width=&#8220;none&#8220; column_border_style=&#8220;solid&#8220; bg_image_animation=&#8220;none&#8220;][fancy_box box_style=&#8220;default&#8220; icon_family=&#8220;none&#8220; image_url=&#8220;18558&#8243; color=&#8220;accent-color&#8220; border_radius=&#8220;default&#8220; image_loading=&#8220;default&#8220; link_url=&#8220;\/de\/soluzioni-packaging\/confezionamento-skin\/&#8220;]\n<h3>Skin<\/h3>\n[\/fancy_box][\/vc_column_inner][\/vc_row_inner][\/vc_column][\/vc_row]\n","protected":false},"excerpt":{"rendered":"<p>[vc_row type=&#8220;full_width_background&#8220; full_screen_row_position=&#8220;middle&#8220; column_margin=&#8220;90px&#8220; equal_height=&#8220;yes&#8220; content_placement=&#8220;middle&#8220; column_direction=&#8220;default&#8220; column_direction_tablet=&#8220;default&#8220; column_direction_phone=&#8220;default&#8220; bg_color=&#8220;#ffffff&#8220; scene_position=&#8220;center&#8220; constrain_group_1=&#8220;yes&#8220; top_padding_tablet=&#8220;8%&#8220; bottom_padding_tablet=&#8220;8%&#8220; text_color=&#8220;dark&#8220;&#8230;<\/p>\n","protected":false},"author":2,"featured_media":0,"parent":12730,"menu_order":0,"comment_status":"closed","ping_status":"closed","template":"","meta":{"footnotes":""},"class_list":["post-12873","page","type-page","status-publish"],"yoast_head":"<!-- This site is optimized with the Yoast SEO plugin v27.3 - https:\/\/yoast.com\/product\/yoast-seo-wordpress\/ -->\n<title>Lebensmittelverpackung f\u00fcr K\u00e4se<\/title>\n<meta name=\"description\" content=\"Verpackungsl\u00f6sungen f\u00fcr K\u00e4se von Gruppo Fabbri: Maschinen und Folien f\u00fcr Frische, Schutz und l\u00e4ngere Haltbarkeit.\" \/>\n<meta name=\"robots\" content=\"index, follow, max-snippet:-1, max-image-preview:large, max-video-preview:-1\" \/>\n<link rel=\"canonical\" href=\"https:\/\/www.gruppofabbri.com\/de\/lebensmittelverpackung\/kaese\/\" \/>\n<meta property=\"og:locale\" content=\"de_DE\" \/>\n<meta property=\"og:type\" content=\"article\" \/>\n<meta property=\"og:title\" content=\"Lebensmittelverpackung f\u00fcr K\u00e4se\" \/>\n<meta property=\"og:description\" content=\"Verpackungsl\u00f6sungen f\u00fcr K\u00e4se von Gruppo Fabbri: Maschinen und Folien f\u00fcr Frische, Schutz und l\u00e4ngere Haltbarkeit.\" \/>\n<meta property=\"og:url\" content=\"https:\/\/www.gruppofabbri.com\/de\/lebensmittelverpackung\/kaese\/\" \/>\n<meta property=\"og:site_name\" content=\"Gruppo Fabbri | Official WebSite\" \/>\n<meta property=\"article:modified_time\" content=\"2026-01-16T13:38:18+00:00\" \/>\n<meta name=\"twitter:card\" content=\"summary_large_image\" \/>\n<meta name=\"twitter:label1\" content=\"Gesch\u00e4tzte Lesezeit\" \/>\n\t<meta name=\"twitter:data1\" content=\"3\u00a0Minuten\" \/>\n<script type=\"application\/ld+json\" class=\"yoast-schema-graph\">{\"@context\":\"https:\\\/\\\/schema.org\",\"@graph\":[{\"@type\":\"WebPage\",\"@id\":\"https:\\\/\\\/www.gruppofabbri.com\\\/de\\\/lebensmittelverpackung\\\/kaese\\\/\",\"url\":\"https:\\\/\\\/www.gruppofabbri.com\\\/de\\\/lebensmittelverpackung\\\/kaese\\\/\",\"name\":\"Lebensmittelverpackung f\u00fcr K\u00e4se\",\"isPartOf\":{\"@id\":\"https:\\\/\\\/www.gruppofabbri.com\\\/de\\\/#website\"},\"datePublished\":\"2021-06-24T15:44:56+00:00\",\"dateModified\":\"2026-01-16T13:38:18+00:00\",\"description\":\"Verpackungsl\u00f6sungen f\u00fcr K\u00e4se von Gruppo Fabbri: Maschinen und Folien f\u00fcr Frische, Schutz und l\u00e4ngere Haltbarkeit.\",\"breadcrumb\":{\"@id\":\"https:\\\/\\\/www.gruppofabbri.com\\\/de\\\/lebensmittelverpackung\\\/kaese\\\/#breadcrumb\"},\"inLanguage\":\"de\",\"potentialAction\":[{\"@type\":\"ReadAction\",\"target\":[\"https:\\\/\\\/www.gruppofabbri.com\\\/de\\\/lebensmittelverpackung\\\/kaese\\\/\"]}]},{\"@type\":\"BreadcrumbList\",\"@id\":\"https:\\\/\\\/www.gruppofabbri.com\\\/de\\\/lebensmittelverpackung\\\/kaese\\\/#breadcrumb\",\"itemListElement\":[]},{\"@type\":\"WebSite\",\"@id\":\"https:\\\/\\\/www.gruppofabbri.com\\\/de\\\/#website\",\"url\":\"https:\\\/\\\/www.gruppofabbri.com\\\/de\\\/\",\"name\":\"Gruppo Fabbri | Official WebSite\",\"description\":\"Macchine e Film per l&#039;imballaggio e confezionamento alimentare\",\"potentialAction\":[{\"@type\":\"SearchAction\",\"target\":{\"@type\":\"EntryPoint\",\"urlTemplate\":\"https:\\\/\\\/www.gruppofabbri.com\\\/de\\\/?s={search_term_string}\"},\"query-input\":{\"@type\":\"PropertyValueSpecification\",\"valueRequired\":true,\"valueName\":\"search_term_string\"}}],\"inLanguage\":\"de\"}]}<\/script>\n<!-- \/ Yoast SEO plugin. -->","yoast_head_json":{"title":"Lebensmittelverpackung f\u00fcr K\u00e4se","description":"Verpackungsl\u00f6sungen f\u00fcr K\u00e4se von Gruppo Fabbri: Maschinen und Folien f\u00fcr Frische, Schutz und l\u00e4ngere Haltbarkeit.","robots":{"index":"index","follow":"follow","max-snippet":"max-snippet:-1","max-image-preview":"max-image-preview:large","max-video-preview":"max-video-preview:-1"},"canonical":"https:\/\/www.gruppofabbri.com\/de\/lebensmittelverpackung\/kaese\/","og_locale":"de_DE","og_type":"article","og_title":"Lebensmittelverpackung f\u00fcr K\u00e4se","og_description":"Verpackungsl\u00f6sungen f\u00fcr K\u00e4se von Gruppo Fabbri: Maschinen und Folien f\u00fcr Frische, Schutz und l\u00e4ngere Haltbarkeit.","og_url":"https:\/\/www.gruppofabbri.com\/de\/lebensmittelverpackung\/kaese\/","og_site_name":"Gruppo Fabbri | Official WebSite","article_modified_time":"2026-01-16T13:38:18+00:00","twitter_card":"summary_large_image","twitter_misc":{"Gesch\u00e4tzte Lesezeit":"3\u00a0Minuten"},"schema":{"@context":"https:\/\/schema.org","@graph":[{"@type":"WebPage","@id":"https:\/\/www.gruppofabbri.com\/de\/lebensmittelverpackung\/kaese\/","url":"https:\/\/www.gruppofabbri.com\/de\/lebensmittelverpackung\/kaese\/","name":"Lebensmittelverpackung f\u00fcr K\u00e4se","isPartOf":{"@id":"https:\/\/www.gruppofabbri.com\/de\/#website"},"datePublished":"2021-06-24T15:44:56+00:00","dateModified":"2026-01-16T13:38:18+00:00","description":"Verpackungsl\u00f6sungen f\u00fcr K\u00e4se von Gruppo Fabbri: Maschinen und Folien f\u00fcr Frische, Schutz und l\u00e4ngere Haltbarkeit.","breadcrumb":{"@id":"https:\/\/www.gruppofabbri.com\/de\/lebensmittelverpackung\/kaese\/#breadcrumb"},"inLanguage":"de","potentialAction":[{"@type":"ReadAction","target":["https:\/\/www.gruppofabbri.com\/de\/lebensmittelverpackung\/kaese\/"]}]},{"@type":"BreadcrumbList","@id":"https:\/\/www.gruppofabbri.com\/de\/lebensmittelverpackung\/kaese\/#breadcrumb","itemListElement":[]},{"@type":"WebSite","@id":"https:\/\/www.gruppofabbri.com\/de\/#website","url":"https:\/\/www.gruppofabbri.com\/de\/","name":"Gruppo Fabbri | Official WebSite","description":"Macchine e Film per l&#039;imballaggio e confezionamento alimentare","potentialAction":[{"@type":"SearchAction","target":{"@type":"EntryPoint","urlTemplate":"https:\/\/www.gruppofabbri.com\/de\/?s={search_term_string}"},"query-input":{"@type":"PropertyValueSpecification","valueRequired":true,"valueName":"search_term_string"}}],"inLanguage":"de"}]}},"_links":{"self":[{"href":"https:\/\/www.gruppofabbri.com\/de\/wp-json\/wp\/v2\/pages\/12873","targetHints":{"allow":["GET"]}}],"collection":[{"href":"https:\/\/www.gruppofabbri.com\/de\/wp-json\/wp\/v2\/pages"}],"about":[{"href":"https:\/\/www.gruppofabbri.com\/de\/wp-json\/wp\/v2\/types\/page"}],"author":[{"embeddable":true,"href":"https:\/\/www.gruppofabbri.com\/de\/wp-json\/wp\/v2\/users\/2"}],"replies":[{"embeddable":true,"href":"https:\/\/www.gruppofabbri.com\/de\/wp-json\/wp\/v2\/comments?post=12873"}],"version-history":[{"count":1,"href":"https:\/\/www.gruppofabbri.com\/de\/wp-json\/wp\/v2\/pages\/12873\/revisions"}],"predecessor-version":[{"id":32157,"href":"https:\/\/www.gruppofabbri.com\/de\/wp-json\/wp\/v2\/pages\/12873\/revisions\/32157"}],"up":[{"embeddable":true,"href":"https:\/\/www.gruppofabbri.com\/de\/wp-json\/wp\/v2\/pages\/12730"}],"wp:attachment":[{"href":"https:\/\/www.gruppofabbri.com\/de\/wp-json\/wp\/v2\/media?parent=12873"}],"curies":[{"name":"wp","href":"https:\/\/api.w.org\/{rel}","templated":true}]}}