{"id":12702,"date":"2021-06-04T16:53:30","date_gmt":"2021-06-04T14:53:30","guid":{"rendered":"https:\/\/www.gruppofabbri.com\/produkte\/verpackungsmaschinen\/linee-complete\/"},"modified":"2026-03-16T14:15:40","modified_gmt":"2026-03-16T13:15:40","slug":"komplette-linien","status":"publish","type":"page","link":"https:\/\/www.gruppofabbri.com\/de\/produkte\/verpackungsmaschinen\/komplette-linien\/","title":{"rendered":"Komplette Linien"},"content":{"rendered":"[vc_row type=&#8220;full_width_background&#8220; full_screen_row_position=&#8220;middle&#8220; column_margin=&#8220;default&#8220; column_direction=&#8220;default&#8220; column_direction_tablet=&#8220;default&#8220; column_direction_phone=&#8220;default&#8220; bg_image=&#8220;25557&#8243; bg_position=&#8220;left center&#8220; bg_repeat=&#8220;no-repeat&#8220; scene_position=&#8220;center&#8220; top_padding=&#8220;10%&#8220; bottom_padding=&#8220;10%&#8220; text_color=&#8220;light&#8220; text_align=&#8220;left&#8220; row_border_radius=&#8220;none&#8220; row_border_radius_applies=&#8220;bg&#8220; enable_gradient=&#8220;true&#8220; color_overlay=&#8220;#012169&#8243; overlay_strength=&#8220;1&#8243; gradient_direction=&#8220;left_to_right&#8220; shape_divider_position=&#8220;bottom&#8220; bg_image_animation=&#8220;none&#8220; shape_type=&#8220;&#8220;][vc_column column_padding=&#8220;no-extra-padding&#8220; column_padding_tablet=&#8220;inherit&#8220; column_padding_phone=&#8220;inherit&#8220; column_padding_position=&#8220;all&#8220; background_color_opacity=&#8220;1&#8243; background_hover_color_opacity=&#8220;1&#8243; column_shadow=&#8220;none&#8220; column_border_radius=&#8220;none&#8220; column_link_target=&#8220;_self&#8220; gradient_direction=&#8220;left_to_right&#8220; overlay_strength=&#8220;0.3&#8243; width=&#8220;1\/2&#8243; tablet_width_inherit=&#8220;default&#8220; tablet_text_alignment=&#8220;default&#8220; phone_text_alignment=&#8220;default&#8220; column_border_width=&#8220;none&#8220; column_border_style=&#8220;solid&#8220; bg_image_animation=&#8220;none&#8220;][nectar_highlighted_text color_type=&#8220;regular&#8220; highlight_color=&#8220;#1dafec&#8220; style=&#8220;half_text&#8220;]\n<h2>Komplette Linien<\/h2>\n[\/nectar_highlighted_text][divider line_type=&#8220;Full Width Line&#8220; line_thickness=&#8220;1&#8243; divider_color=&#8220;default&#8220; custom_height=&#8220;100&#8243;][\/vc_column][vc_column column_padding=&#8220;no-extra-padding&#8220; column_padding_tablet=&#8220;inherit&#8220; column_padding_phone=&#8220;inherit&#8220; column_padding_position=&#8220;all&#8220; background_color_opacity=&#8220;1&#8243; background_hover_color_opacity=&#8220;1&#8243; column_shadow=&#8220;none&#8220; column_border_radius=&#8220;none&#8220; column_link_target=&#8220;_self&#8220; gradient_direction=&#8220;left_to_right&#8220; overlay_strength=&#8220;0.3&#8243; width=&#8220;1\/2&#8243; tablet_width_inherit=&#8220;default&#8220; tablet_text_alignment=&#8220;default&#8220; phone_text_alignment=&#8220;default&#8220; column_border_width=&#8220;none&#8220; column_border_style=&#8220;solid&#8220; bg_image_animation=&#8220;none&#8220;][\/vc_column][\/vc_row][vc_row type=&#8220;in_container&#8220; full_screen_row_position=&#8220;middle&#8220; column_margin=&#8220;default&#8220; column_direction=&#8220;default&#8220; column_direction_tablet=&#8220;default&#8220; column_direction_phone=&#8220;default&#8220; scene_position=&#8220;center&#8220; text_color=&#8220;dark&#8220; text_align=&#8220;left&#8220; row_border_radius=&#8220;none&#8220; row_border_radius_applies=&#8220;bg&#8220; overlay_strength=&#8220;0.3&#8243; gradient_direction=&#8220;left_to_right&#8220; shape_divider_position=&#8220;bottom&#8220; bg_image_animation=&#8220;none&#8220;][vc_column column_padding=&#8220;no-extra-padding&#8220; column_padding_tablet=&#8220;inherit&#8220; column_padding_phone=&#8220;inherit&#8220; column_padding_position=&#8220;all&#8220; background_color_opacity=&#8220;1&#8243; background_hover_color_opacity=&#8220;1&#8243; column_shadow=&#8220;none&#8220; column_border_radius=&#8220;none&#8220; column_link_target=&#8220;_self&#8220; gradient_direction=&#8220;left_to_right&#8220; overlay_strength=&#8220;0.3&#8243; width=&#8220;1\/1&#8243; tablet_width_inherit=&#8220;default&#8220; tablet_text_alignment=&#8220;default&#8220; phone_text_alignment=&#8220;default&#8220; column_border_width=&#8220;none&#8220; column_border_style=&#8220;solid&#8220; bg_image_animation=&#8220;none&#8220;][\/vc_column][\/vc_row][vc_row type=&#8220;in_container&#8220; full_screen_row_position=&#8220;middle&#8220; column_margin=&#8220;default&#8220; column_direction=&#8220;default&#8220; column_direction_tablet=&#8220;default&#8220; column_direction_phone=&#8220;default&#8220; scene_position=&#8220;center&#8220; text_color=&#8220;dark&#8220; text_align=&#8220;left&#8220; row_border_radius=&#8220;none&#8220; row_border_radius_applies=&#8220;bg&#8220; overlay_strength=&#8220;0.3&#8243; gradient_direction=&#8220;left_to_right&#8220; shape_divider_position=&#8220;bottom&#8220; bg_image_animation=&#8220;none&#8220;][vc_column column_padding=&#8220;no-extra-padding&#8220; column_padding_tablet=&#8220;inherit&#8220; column_padding_phone=&#8220;inherit&#8220; column_padding_position=&#8220;all&#8220; background_color_opacity=&#8220;1&#8243; background_hover_color_opacity=&#8220;1&#8243; column_shadow=&#8220;none&#8220; column_border_radius=&#8220;none&#8220; column_link_target=&#8220;_self&#8220; gradient_direction=&#8220;left_to_right&#8220; overlay_strength=&#8220;0.3&#8243; width=&#8220;1\/1&#8243; tablet_width_inherit=&#8220;default&#8220; tablet_text_alignment=&#8220;default&#8220; phone_text_alignment=&#8220;default&#8220; column_border_width=&#8220;none&#8220; column_border_style=&#8220;solid&#8220; bg_image_animation=&#8220;none&#8220;][vc_column_text]\n<p style=\"text-align: center;\">Gruppo Fabbri liefert ma\u00dfgeschneiderte Anlagen f\u00fcr die Abf\u00fcllung und Verpackung verschiedener Arten von Teigwaren<br \/>\nund Fertiggerichten, Hamburgern, Obst und Gem\u00fcse, fl\u00fcssigen, festen und halbfesten Milchprodukten, Oliven, Gem\u00fcse in \u00d6l, So\u00dfen und Bratenso\u00dfen, Pizzas und Br\u00f6tchen, Desserts und Konditoreiwaren.<\/p>\n<p style=\"text-align: center;\">Neben automatischen industriellen Tray-Sealern in verschiedenen Gr\u00f6\u00dfen und Geschwindigkeiten k\u00f6nnen unsere Anlagen mit automatischen Systemen zum Entstapeln von Tabletts, zur Zuf\u00fchrung der Tabletts in die Maschine, zur Produktdosierung usw. ausgestattet werden.<\/p>\n<p style=\"text-align: center;\">Um das Verpackungssystem zu vervollst\u00e4ndigen, sind wir auch in der Lage, die klassischen End-of-Line-Komponenten wie Wiege-und Dosiersysteme Etikettiermaschinen usw. zu liefern.<\/p>\n<p style=\"text-align: center;\">Unsere Anlagen k\u00f6nnen Schalen, Skinpads und in den neuesten umweltfreundlichen Verpackungsmaterialien verarbeiten.<\/p>\n<p style=\"text-align: center;\">Entdecken Sie unten unsere Angebote und klicken Sie auf das Feld, das Ihren Bed\u00fcrfnissen am besten entspricht:<\/p>\n[\/vc_column_text][\/vc_column][\/vc_row][vc_row type=&#8220;in_container&#8220; full_screen_row_position=&#8220;middle&#8220; column_margin=&#8220;default&#8220; column_direction=&#8220;default&#8220; column_direction_tablet=&#8220;default&#8220; column_direction_phone=&#8220;default&#8220; bg_color=&#8220;#f7f7f7&#8243; scene_position=&#8220;center&#8220; text_color=&#8220;dark&#8220; text_align=&#8220;left&#8220; row_border_radius=&#8220;none&#8220; row_border_radius_applies=&#8220;bg&#8220; overlay_strength=&#8220;0.3&#8243; gradient_direction=&#8220;left_to_right&#8220; shape_divider_position=&#8220;bottom&#8220; bg_image_animation=&#8220;none&#8220; shape_type=&#8220;&#8220;][vc_column column_padding=&#8220;padding-1-percent&#8220; column_padding_tablet=&#8220;inherit&#8220; column_padding_phone=&#8220;inherit&#8220; column_padding_position=&#8220;all&#8220; background_color_opacity=&#8220;1&#8243; background_hover_color_opacity=&#8220;1&#8243; column_shadow=&#8220;none&#8220; column_border_radius=&#8220;none&#8220; column_link_target=&#8220;_self&#8220; gradient_direction=&#8220;left_to_right&#8220; overlay_strength=&#8220;0.3&#8243; width=&#8220;1\/1&#8243; tablet_width_inherit=&#8220;default&#8220; tablet_text_alignment=&#8220;default&#8220; phone_text_alignment=&#8220;default&#8220; column_border_width=&#8220;none&#8220; column_border_style=&#8220;solid&#8220; bg_image_animation=&#8220;none&#8220;][vc_row_inner column_margin=&#8220;default&#8220; column_direction=&#8220;default&#8220; column_direction_tablet=&#8220;default&#8220; column_direction_phone=&#8220;default&#8220; text_align=&#8220;left&#8220;][vc_column_inner column_padding=&#8220;padding-1-percent&#8220; column_padding_tablet=&#8220;inherit&#8220; column_padding_phone=&#8220;inherit&#8220; column_padding_position=&#8220;all&#8220; background_color_opacity=&#8220;1&#8243; background_hover_color_opacity=&#8220;1&#8243; column_shadow=&#8220;none&#8220; column_border_radius=&#8220;none&#8220; column_link_target=&#8220;_self&#8220; gradient_direction=&#8220;left_to_right&#8220; overlay_strength=&#8220;0.3&#8243; width=&#8220;1\/3&#8243; tablet_width_inherit=&#8220;default&#8220; column_border_width=&#8220;none&#8220; column_border_style=&#8220;solid&#8220; bg_image_animation=&#8220;none&#8220;][fancy_box box_style=&#8220;default&#8220; icon_family=&#8220;none&#8220; image_url=&#8220;15262&#8243; color=&#8220;accent-color&#8220; border_radius=&#8220;default&#8220; image_loading=&#8220;default&#8220; min_height=&#8220;100&#8243; link_url=&#8220;\/de\/linee-complete\/linee-dessert-e-dolciumi\/&#8220; link_text=&#8220;Entdecken Sie mehr&#8220;]\n<h3>Dessert- und S\u00fc\u00dfwarenlinien<\/h3>\n[\/fancy_box][\/vc_column_inner][vc_column_inner column_padding=&#8220;padding-1-percent&#8220; column_padding_tablet=&#8220;inherit&#8220; column_padding_phone=&#8220;inherit&#8220; column_padding_position=&#8220;all&#8220; background_color_opacity=&#8220;1&#8243; background_hover_color_opacity=&#8220;1&#8243; column_shadow=&#8220;none&#8220; column_border_radius=&#8220;none&#8220; column_link_target=&#8220;_self&#8220; gradient_direction=&#8220;left_to_right&#8220; overlay_strength=&#8220;0.3&#8243; width=&#8220;1\/3&#8243; tablet_width_inherit=&#8220;default&#8220; column_border_width=&#8220;none&#8220; column_border_style=&#8220;solid&#8220; bg_image_animation=&#8220;none&#8220;][fancy_box box_style=&#8220;default&#8220; icon_family=&#8220;none&#8220; image_url=&#8220;11009&#8243; color=&#8220;accent-color&#8220; border_radius=&#8220;default&#8220; image_loading=&#8220;default&#8220; min_height=&#8220;100&#8243; link_url=&#8220;\/de\/linee-complete\/linee-hamburger\/&#8220; link_text=&#8220;Entdecken Sie mehr&#8220;]\n<h3>Hamburger Linien<\/h3>\n[\/fancy_box][\/vc_column_inner][vc_column_inner column_padding=&#8220;padding-1-percent&#8220; column_padding_tablet=&#8220;inherit&#8220; column_padding_phone=&#8220;inherit&#8220; column_padding_position=&#8220;all&#8220; background_color_opacity=&#8220;1&#8243; background_hover_color_opacity=&#8220;1&#8243; column_shadow=&#8220;none&#8220; column_border_radius=&#8220;none&#8220; column_link_target=&#8220;_self&#8220; gradient_direction=&#8220;left_to_right&#8220; overlay_strength=&#8220;0.3&#8243; width=&#8220;1\/3&#8243; tablet_width_inherit=&#8220;default&#8220; column_border_width=&#8220;none&#8220; column_border_style=&#8220;solid&#8220; bg_image_animation=&#8220;none&#8220;][fancy_box box_style=&#8220;default&#8220; icon_family=&#8220;none&#8220; image_url=&#8220;7819&#8243; color=&#8220;accent-color&#8220; border_radius=&#8220;default&#8220; image_loading=&#8220;default&#8220; min_height=&#8220;100&#8243; link_url=&#8220;\/de\/linee-complete\/linee-lasagne-e-cannelloni\/&#8220; link_text=&#8220;Entdecken Sie mehr&#8220;]\n<h3>Lasagne- und Cannelloni-Linien<\/h3>\n[\/fancy_box][\/vc_column_inner][\/vc_row_inner][vc_row_inner column_margin=&#8220;default&#8220; column_direction=&#8220;default&#8220; column_direction_tablet=&#8220;default&#8220; column_direction_phone=&#8220;default&#8220; text_align=&#8220;left&#8220;][vc_column_inner column_padding=&#8220;padding-1-percent&#8220; column_padding_tablet=&#8220;inherit&#8220; column_padding_phone=&#8220;inherit&#8220; column_padding_position=&#8220;all&#8220; background_color_opacity=&#8220;1&#8243; background_hover_color_opacity=&#8220;1&#8243; column_shadow=&#8220;none&#8220; column_border_radius=&#8220;none&#8220; column_link_target=&#8220;_self&#8220; gradient_direction=&#8220;left_to_right&#8220; overlay_strength=&#8220;0.3&#8243; width=&#8220;1\/3&#8243; tablet_width_inherit=&#8220;default&#8220; column_border_width=&#8220;none&#8220; column_border_style=&#8220;solid&#8220; bg_image_animation=&#8220;none&#8220;][fancy_box box_style=&#8220;default&#8220; icon_family=&#8220;none&#8220; image_url=&#8220;7807&#8243; color=&#8220;accent-color&#8220; border_radius=&#8220;default&#8220; image_loading=&#8220;default&#8220; min_height=&#8220;100&#8243; link_url=&#8220;\/de\/linee-complete\/linee-olive-e-sottoli\/&#8220; link_text=&#8220;Entdecken Sie mehr&#8220;]\n<h3>Oliven und Gem\u00fcse in \u00d6l<\/h3>\n[\/fancy_box][\/vc_column_inner][vc_column_inner column_padding=&#8220;padding-1-percent&#8220; column_padding_tablet=&#8220;inherit&#8220; column_padding_phone=&#8220;inherit&#8220; column_padding_position=&#8220;all&#8220; background_color_opacity=&#8220;1&#8243; background_hover_color_opacity=&#8220;1&#8243; column_shadow=&#8220;none&#8220; column_border_radius=&#8220;none&#8220; column_link_target=&#8220;_self&#8220; gradient_direction=&#8220;left_to_right&#8220; overlay_strength=&#8220;0.3&#8243; width=&#8220;1\/3&#8243; tablet_width_inherit=&#8220;default&#8220; column_border_width=&#8220;none&#8220; column_border_style=&#8220;solid&#8220; bg_image_animation=&#8220;none&#8220;][fancy_box box_style=&#8220;default&#8220; icon_family=&#8220;none&#8220; image_url=&#8220;7799&#8243; color=&#8220;accent-color&#8220; border_radius=&#8220;default&#8220; image_loading=&#8220;default&#8220; min_height=&#8220;100&#8243; link_url=&#8220;\/de\/linee-complete\/linee-pasta-e-piatti-pronti\/&#8220; link_text=&#8220;Entdecken Sie mehr&#8220;]\n<h3>Teigwaren- und Fertiggerichte-Linien<\/h3>\n[\/fancy_box][\/vc_column_inner][vc_column_inner column_padding=&#8220;padding-1-percent&#8220; column_padding_tablet=&#8220;inherit&#8220; column_padding_phone=&#8220;inherit&#8220; column_padding_position=&#8220;all&#8220; background_color_opacity=&#8220;1&#8243; background_hover_color_opacity=&#8220;1&#8243; column_shadow=&#8220;none&#8220; column_border_radius=&#8220;none&#8220; column_link_target=&#8220;_self&#8220; gradient_direction=&#8220;left_to_right&#8220; overlay_strength=&#8220;0.3&#8243; width=&#8220;1\/3&#8243; tablet_width_inherit=&#8220;default&#8220; column_border_width=&#8220;none&#8220; column_border_style=&#8220;solid&#8220; bg_image_animation=&#8220;none&#8220;][fancy_box box_style=&#8220;default&#8220; icon_family=&#8220;none&#8220; image_url=&#8220;7792&#8243; color=&#8220;accent-color&#8220; border_radius=&#8220;default&#8220; image_loading=&#8220;default&#8220; min_height=&#8220;100&#8243; link_url=&#8220;\/de\/linee-complete\/linee-pizze-e-focacce\/&#8220; link_text=&#8220;Entdecken Sie mehr&#8220;]\n<h3>Pizza- und Backwaren-Linien<\/h3>\n[\/fancy_box][\/vc_column_inner][\/vc_row_inner][vc_row_inner column_margin=&#8220;default&#8220; column_direction=&#8220;default&#8220; column_direction_tablet=&#8220;default&#8220; column_direction_phone=&#8220;default&#8220; text_align=&#8220;left&#8220;][vc_column_inner column_padding=&#8220;padding-1-percent&#8220; column_padding_tablet=&#8220;inherit&#8220; column_padding_phone=&#8220;inherit&#8220; column_padding_position=&#8220;all&#8220; background_color_opacity=&#8220;1&#8243; background_hover_color_opacity=&#8220;1&#8243; column_shadow=&#8220;none&#8220; column_border_radius=&#8220;none&#8220; column_link_target=&#8220;_self&#8220; gradient_direction=&#8220;left_to_right&#8220; overlay_strength=&#8220;0.3&#8243; width=&#8220;1\/3&#8243; tablet_width_inherit=&#8220;default&#8220; column_border_width=&#8220;none&#8220; column_border_style=&#8220;solid&#8220; bg_image_animation=&#8220;none&#8220;][fancy_box box_style=&#8220;default&#8220; icon_family=&#8220;none&#8220; image_url=&#8220;7780&#8243; color=&#8220;accent-color&#8220; border_radius=&#8220;default&#8220; image_loading=&#8220;default&#8220; min_height=&#8220;100&#8243; link_url=&#8220;\/de\/linee-complete\/linee-prodotti-caseari-e-latticini\/&#8220; link_text=&#8220;Entdecken Sie mehr&#8220;]\n<h3>Molkereiprodukte und Molkereierzeugnisse<\/h3>\n[\/fancy_box][\/vc_column_inner][vc_column_inner column_padding=&#8220;padding-1-percent&#8220; column_padding_tablet=&#8220;inherit&#8220; column_padding_phone=&#8220;inherit&#8220; column_padding_position=&#8220;all&#8220; background_color_opacity=&#8220;1&#8243; background_hover_color_opacity=&#8220;1&#8243; column_shadow=&#8220;none&#8220; column_border_radius=&#8220;none&#8220; column_link_target=&#8220;_self&#8220; gradient_direction=&#8220;left_to_right&#8220; overlay_strength=&#8220;0.3&#8243; width=&#8220;1\/3&#8243; tablet_width_inherit=&#8220;default&#8220; column_border_width=&#8220;none&#8220; column_border_style=&#8220;solid&#8220; bg_image_animation=&#8220;none&#8220;][fancy_box box_style=&#8220;default&#8220; icon_family=&#8220;none&#8220; image_url=&#8220;6607&#8243; color=&#8220;accent-color&#8220; border_radius=&#8220;default&#8220; image_loading=&#8220;default&#8220; min_height=&#8220;100&#8243; link_url=&#8220;\/de\/linee-complete\/linee-prodotti-ortofrutticoli\/&#8220; link_text=&#8220;Entdecken Sie mehr&#8220;]\n<h3>Obst- und Gem\u00fcselinien<\/h3>\n[\/fancy_box][\/vc_column_inner][vc_column_inner column_padding=&#8220;padding-1-percent&#8220; column_padding_tablet=&#8220;inherit&#8220; column_padding_phone=&#8220;inherit&#8220; column_padding_position=&#8220;all&#8220; background_color_opacity=&#8220;1&#8243; background_hover_color_opacity=&#8220;1&#8243; column_shadow=&#8220;none&#8220; column_border_radius=&#8220;none&#8220; column_link_target=&#8220;_self&#8220; gradient_direction=&#8220;left_to_right&#8220; overlay_strength=&#8220;0.3&#8243; width=&#8220;1\/3&#8243; tablet_width_inherit=&#8220;default&#8220; column_border_width=&#8220;none&#8220; column_border_style=&#8220;solid&#8220; bg_image_animation=&#8220;none&#8220;][fancy_box box_style=&#8220;default&#8220; icon_family=&#8220;none&#8220; image_url=&#8220;7759&#8243; color=&#8220;accent-color&#8220; border_radius=&#8220;default&#8220; image_loading=&#8220;default&#8220; min_height=&#8220;100&#8243; link_url=&#8220;https:\/\/www.gruppofabbri.com\/de\/produkte\/verpackungsmaschinen\/komplette-linien\/verpackungslinien-fuer-sossen-und-bratensossen&#8220; link_text=&#8220;Entdecken Sie mehr&#8220;]\n<h3>Saucen-Linien<\/h3>\n[\/fancy_box][\/vc_column_inner][\/vc_row_inner][\/vc_column][\/vc_row]\n","protected":false},"excerpt":{"rendered":"<p>[vc_row type=&#8220;full_width_background&#8220; full_screen_row_position=&#8220;middle&#8220; column_margin=&#8220;default&#8220; column_direction=&#8220;default&#8220; column_direction_tablet=&#8220;default&#8220; column_direction_phone=&#8220;default&#8220; bg_image=&#8220;25557&#8243; bg_position=&#8220;left center&#8220; bg_repeat=&#8220;no-repeat&#8220; scene_position=&#8220;center&#8220; top_padding=&#8220;10%&#8220; bottom_padding=&#8220;10%&#8220; text_color=&#8220;light&#8220;&#8230;<\/p>\n","protected":false},"author":2,"featured_media":0,"parent":12686,"menu_order":0,"comment_status":"closed","ping_status":"closed","template":"","meta":{"footnotes":""},"class_list":["post-12702","page","type-page","status-publish"],"yoast_head":"<!-- This site is optimized with the Yoast SEO plugin v27.4 - https:\/\/yoast.com\/product\/yoast-seo-wordpress\/ -->\n<title>Komplette Verpackungslinien Lebensmittel<\/title>\n<meta name=\"description\" content=\"Entdecken Sie unsere Verpackungsanlagen f\u00fcr Lebensmittel: vollst\u00e4ndige automatische L\u00f6sungen f\u00fcr spezifische Produktkategorien. Jetzt GruppoFabbri kontaktieren.\" \/>\n<meta name=\"robots\" content=\"index, follow, max-snippet:-1, max-image-preview:large, max-video-preview:-1\" \/>\n<link rel=\"canonical\" href=\"https:\/\/www.gruppofabbri.com\/de\/produkte\/verpackungsmaschinen\/komplette-linien\/\" \/>\n<meta property=\"og:locale\" content=\"de_DE\" \/>\n<meta property=\"og:type\" content=\"article\" \/>\n<meta property=\"og:title\" content=\"Komplette Verpackungslinien Lebensmittel\" \/>\n<meta property=\"og:description\" content=\"Entdecken Sie unsere Verpackungsanlagen f\u00fcr Lebensmittel: vollst\u00e4ndige automatische L\u00f6sungen f\u00fcr spezifische Produktkategorien. Jetzt GruppoFabbri kontaktieren.\" \/>\n<meta property=\"og:url\" content=\"https:\/\/www.gruppofabbri.com\/de\/produkte\/verpackungsmaschinen\/komplette-linien\/\" \/>\n<meta property=\"og:site_name\" content=\"Gruppo Fabbri | Official WebSite\" \/>\n<meta property=\"article:modified_time\" content=\"2026-03-16T13:15:40+00:00\" \/>\n<meta name=\"twitter:card\" content=\"summary_large_image\" \/>\n<meta name=\"twitter:label1\" content=\"Gesch\u00e4tzte Lesezeit\" \/>\n\t<meta name=\"twitter:data1\" content=\"4\u00a0Minuten\" \/>\n<script type=\"application\/ld+json\" class=\"yoast-schema-graph\">{\"@context\":\"https:\\\/\\\/schema.org\",\"@graph\":[{\"@type\":\"WebPage\",\"@id\":\"https:\\\/\\\/www.gruppofabbri.com\\\/de\\\/produkte\\\/verpackungsmaschinen\\\/komplette-linien\\\/\",\"url\":\"https:\\\/\\\/www.gruppofabbri.com\\\/de\\\/produkte\\\/verpackungsmaschinen\\\/komplette-linien\\\/\",\"name\":\"Komplette Verpackungslinien Lebensmittel\",\"isPartOf\":{\"@id\":\"https:\\\/\\\/www.gruppofabbri.com\\\/de\\\/#website\"},\"datePublished\":\"2021-06-04T14:53:30+00:00\",\"dateModified\":\"2026-03-16T13:15:40+00:00\",\"description\":\"Entdecken Sie unsere Verpackungsanlagen f\u00fcr Lebensmittel: vollst\u00e4ndige automatische L\u00f6sungen f\u00fcr spezifische Produktkategorien. Jetzt GruppoFabbri kontaktieren.\",\"breadcrumb\":{\"@id\":\"https:\\\/\\\/www.gruppofabbri.com\\\/de\\\/produkte\\\/verpackungsmaschinen\\\/komplette-linien\\\/#breadcrumb\"},\"inLanguage\":\"de\",\"potentialAction\":[{\"@type\":\"ReadAction\",\"target\":[\"https:\\\/\\\/www.gruppofabbri.com\\\/de\\\/produkte\\\/verpackungsmaschinen\\\/komplette-linien\\\/\"]}]},{\"@type\":\"BreadcrumbList\",\"@id\":\"https:\\\/\\\/www.gruppofabbri.com\\\/de\\\/produkte\\\/verpackungsmaschinen\\\/komplette-linien\\\/#breadcrumb\",\"itemListElement\":[]},{\"@type\":\"WebSite\",\"@id\":\"https:\\\/\\\/www.gruppofabbri.com\\\/de\\\/#website\",\"url\":\"https:\\\/\\\/www.gruppofabbri.com\\\/de\\\/\",\"name\":\"Gruppo Fabbri | Official WebSite\",\"description\":\"Macchine e Film per l&#039;imballaggio e confezionamento alimentare\",\"potentialAction\":[{\"@type\":\"SearchAction\",\"target\":{\"@type\":\"EntryPoint\",\"urlTemplate\":\"https:\\\/\\\/www.gruppofabbri.com\\\/de\\\/?s={search_term_string}\"},\"query-input\":{\"@type\":\"PropertyValueSpecification\",\"valueRequired\":true,\"valueName\":\"search_term_string\"}}],\"inLanguage\":\"de\"}]}<\/script>\n<!-- \/ Yoast SEO plugin. -->","yoast_head_json":{"title":"Komplette Verpackungslinien Lebensmittel","description":"Entdecken Sie unsere Verpackungsanlagen f\u00fcr Lebensmittel: vollst\u00e4ndige automatische L\u00f6sungen f\u00fcr spezifische Produktkategorien. Jetzt GruppoFabbri kontaktieren.","robots":{"index":"index","follow":"follow","max-snippet":"max-snippet:-1","max-image-preview":"max-image-preview:large","max-video-preview":"max-video-preview:-1"},"canonical":"https:\/\/www.gruppofabbri.com\/de\/produkte\/verpackungsmaschinen\/komplette-linien\/","og_locale":"de_DE","og_type":"article","og_title":"Komplette Verpackungslinien Lebensmittel","og_description":"Entdecken Sie unsere Verpackungsanlagen f\u00fcr Lebensmittel: vollst\u00e4ndige automatische L\u00f6sungen f\u00fcr spezifische Produktkategorien. Jetzt GruppoFabbri kontaktieren.","og_url":"https:\/\/www.gruppofabbri.com\/de\/produkte\/verpackungsmaschinen\/komplette-linien\/","og_site_name":"Gruppo Fabbri | Official WebSite","article_modified_time":"2026-03-16T13:15:40+00:00","twitter_card":"summary_large_image","twitter_misc":{"Gesch\u00e4tzte Lesezeit":"4\u00a0Minuten"},"schema":{"@context":"https:\/\/schema.org","@graph":[{"@type":"WebPage","@id":"https:\/\/www.gruppofabbri.com\/de\/produkte\/verpackungsmaschinen\/komplette-linien\/","url":"https:\/\/www.gruppofabbri.com\/de\/produkte\/verpackungsmaschinen\/komplette-linien\/","name":"Komplette Verpackungslinien Lebensmittel","isPartOf":{"@id":"https:\/\/www.gruppofabbri.com\/de\/#website"},"datePublished":"2021-06-04T14:53:30+00:00","dateModified":"2026-03-16T13:15:40+00:00","description":"Entdecken Sie unsere Verpackungsanlagen f\u00fcr Lebensmittel: vollst\u00e4ndige automatische L\u00f6sungen f\u00fcr spezifische Produktkategorien. Jetzt GruppoFabbri kontaktieren.","breadcrumb":{"@id":"https:\/\/www.gruppofabbri.com\/de\/produkte\/verpackungsmaschinen\/komplette-linien\/#breadcrumb"},"inLanguage":"de","potentialAction":[{"@type":"ReadAction","target":["https:\/\/www.gruppofabbri.com\/de\/produkte\/verpackungsmaschinen\/komplette-linien\/"]}]},{"@type":"BreadcrumbList","@id":"https:\/\/www.gruppofabbri.com\/de\/produkte\/verpackungsmaschinen\/komplette-linien\/#breadcrumb","itemListElement":[]},{"@type":"WebSite","@id":"https:\/\/www.gruppofabbri.com\/de\/#website","url":"https:\/\/www.gruppofabbri.com\/de\/","name":"Gruppo Fabbri | Official WebSite","description":"Macchine e Film per l&#039;imballaggio e confezionamento alimentare","potentialAction":[{"@type":"SearchAction","target":{"@type":"EntryPoint","urlTemplate":"https:\/\/www.gruppofabbri.com\/de\/?s={search_term_string}"},"query-input":{"@type":"PropertyValueSpecification","valueRequired":true,"valueName":"search_term_string"}}],"inLanguage":"de"}]}},"_links":{"self":[{"href":"https:\/\/www.gruppofabbri.com\/de\/wp-json\/wp\/v2\/pages\/12702","targetHints":{"allow":["GET"]}}],"collection":[{"href":"https:\/\/www.gruppofabbri.com\/de\/wp-json\/wp\/v2\/pages"}],"about":[{"href":"https:\/\/www.gruppofabbri.com\/de\/wp-json\/wp\/v2\/types\/page"}],"author":[{"embeddable":true,"href":"https:\/\/www.gruppofabbri.com\/de\/wp-json\/wp\/v2\/users\/2"}],"replies":[{"embeddable":true,"href":"https:\/\/www.gruppofabbri.com\/de\/wp-json\/wp\/v2\/comments?post=12702"}],"version-history":[{"count":7,"href":"https:\/\/www.gruppofabbri.com\/de\/wp-json\/wp\/v2\/pages\/12702\/revisions"}],"predecessor-version":[{"id":31150,"href":"https:\/\/www.gruppofabbri.com\/de\/wp-json\/wp\/v2\/pages\/12702\/revisions\/31150"}],"up":[{"embeddable":true,"href":"https:\/\/www.gruppofabbri.com\/de\/wp-json\/wp\/v2\/pages\/12686"}],"wp:attachment":[{"href":"https:\/\/www.gruppofabbri.com\/de\/wp-json\/wp\/v2\/media?parent=12702"}],"curies":[{"name":"wp","href":"https:\/\/api.w.org\/{rel}","templated":true}]}}